{"id":10096,"date":"2026-04-22T10:02:59","date_gmt":"2026-04-22T10:02:59","guid":{"rendered":"https:\/\/edizionicarrara.it\/?post_type=product&#038;p=10096"},"modified":"2026-04-22T11:11:02","modified_gmt":"2026-04-22T11:11:02","slug":"celebriamo-volume-quattro","status":"publish","type":"product","link":"https:\/\/edizionicarrara.it\/en\/riviste\/celebriamo-volume-quattro\/","title":{"rendered":"CELEBRIAMO &#8211; VOLUME QUATTRO"},"content":{"rendered":"<p>Autore:\u00a0<strong>Autori Vari<\/strong><\/p>\n<p>Questo <em>numero<\/em> di <em>Celebriamo<\/em>, il <em>quarto<\/em> della<em> nuova serie<\/em>, \u00e8 intitolato \u201c<strong>Nova Cantica<\/strong>\u201d. E giustamente, trattandosi di un<strong>\u2019antologia<\/strong> di <strong>brani<\/strong> in <strong>latino<\/strong> (ad eccezione di uno in lingua<br \/>\nitaliana), a <strong>cappella<\/strong> o con <strong>accompagnamento<\/strong> <strong>organistico<\/strong>, tutti di <strong>compositori viventi<\/strong>, di cui alcuni affermati, altri, invece, giovani.<\/p>\n<p>\u00c8 uno <strong>spaccato<\/strong> della <strong>produzione<\/strong> <strong>vocale<\/strong> per la <strong>liturgia<\/strong> o il concerto spirituale, che le diverse sensibilit\u00e0, linguaggi, provenienze geografiche ed esperienze degli autori, rendono arricchente e variegato. <strong>Pagine<\/strong> in alcuni casi <strong>facili<\/strong> e alla <strong>portata<\/strong> di tutti i <strong>cori<\/strong>, altri che esigono <strong>maggiore impegno<\/strong> nello <strong>studio<\/strong> e nella <strong>resa vocale<\/strong>. Il filo rosso che li unisce \u00e8 quello dell\u2019anno liturgico, le cui tappe sono scandite in modo quasi esaustivo e i cui testi antichi, venerabili per et\u00e0, contenuto e destinazione, vengono rivestiti di nuova musica: <strong>Nova Cantica appunto!<\/strong><\/p>\n<div><strong>Acquistare questa pubblicazione significa ricevere solo il quarto volume, uscito ad Aprile 2026.\u00a0<\/strong><\/div>\n<div><\/div>\n<div>\n<p>Nel 2020 il gruppo editoriale Volont\u00e8 &amp; Co. acquisisce lo storico marchio editoriale Carrara, allargando cos\u00ec il proprio catalogo, che comprendeva gi\u00e0 i marchi Volont\u00e8, Rugginenti, Casa Musicale Eco e Lanaro. L\u2019operazione, finalizzata a dare continuit\u00e0\u00a0alla casa editrice fondata nel 1912 dal commendatore\u00a0Vittorio Carrara, si concentra sia\u00a0nella valorizzazione del repertorio storico\u00a0Carrara che nella creazione di nuove prospettive artistiche, collaborando con autori di talento per la realizzazione di nuove composizioni.<\/p>\n<\/div>\n","protected":false},"excerpt":{"rendered":"<p>Autore:\u00a0Autori Vari Questo numero di Celebriamo, il quarto della nuova serie, \u00e8 intitolato \u201cNova Cantica\u201d. E giustamente, trattandosi di un\u2019antologia di brani in latino (ad eccezione di uno in lingua italiana), a cappella o con accompagnamento organistico, tutti di compositori viventi, di cui alcuni affermati, altri, invece, giovani. \u00c8 uno spaccato della produzione vocale per&#8230;<\/p>\n","protected":false},"featured_media":10098,"template":"","meta":{"_kad_blocks_custom_css":"","_kad_blocks_head_custom_js":"","_kad_blocks_body_custom_js":"","_kad_blocks_footer_custom_js":"","_kadence_starter_templates_imported_post":false,"_kad_post_transparent":"default","_kad_post_title":"","_kad_post_layout":"default","_kad_post_sidebar_id":"","_kad_post_content_style":"default","_kad_post_vertical_padding":"default","_kad_post_feature":"","_kad_post_feature_position":"","_kad_post_header":false,"_kad_post_footer":false,"_kad_post_classname":""},"product_brand":[],"product_cat":[24],"product_tag":[7304],"class_list":{"0":"post-10096","1":"product","2":"type-product","3":"status-publish","4":"has-post-thumbnail","6":"product_cat-magazine","7":"product_tag-home","8":"pa_authorname-aavv","9":"pa_codeedition-ec5678","10":"pa_codeismn-15848","11":"pa_editor-carrara","12":"pa_pages-291","13":"pa_publishyear-15844","14":"post","16":"first","17":"instock","18":"shipping-taxable","19":"purchasable","20":"product-type-simple","21":"entry","22":"content-bg","23":"loop-entry"},"taxonomy_info":{"product_cat":[{"value":24,"label":"Riviste"}],"product_tag":[{"value":7304,"label":"home"}],"pa_authorname":[{"value":118,"label":"AA.VV."}],"pa_codeedition":[{"value":15847,"label":"EC5678"}],"pa_codeismn":[{"value":15848,"label":"9790215756786"}],"pa_editor":[{"value":28,"label":"Carrara"}],"pa_pages":[{"value":291,"label":"84"}],"pa_publishyear":[{"value":15844,"label":"2026"}]},"featured_image_src_large":["https:\/\/edizionicarrara.it\/wp-content\/uploads\/2026\/04\/CAA5678-756x1024.jpg",756,1024,true],"author_info":[],"comment_info":"","_links":{"self":[{"href":"https:\/\/edizionicarrara.it\/en\/wp-json\/wp\/v2\/product\/10096","targetHints":{"allow":["GET"]}}],"collection":[{"href":"https:\/\/edizionicarrara.it\/en\/wp-json\/wp\/v2\/product"}],"about":[{"href":"https:\/\/edizionicarrara.it\/en\/wp-json\/wp\/v2\/types\/product"}],"wp:featuredmedia":[{"embeddable":true,"href":"https:\/\/edizionicarrara.it\/en\/wp-json\/wp\/v2\/media\/10098"}],"wp:attachment":[{"href":"https:\/\/edizionicarrara.it\/en\/wp-json\/wp\/v2\/media?parent=10096"}],"wp:term":[{"taxonomy":"product_brand","embeddable":true,"href":"https:\/\/edizionicarrara.it\/en\/wp-json\/wp\/v2\/product_brand?post=10096"},{"taxonomy":"product_cat","embeddable":true,"href":"https:\/\/edizionicarrara.it\/en\/wp-json\/wp\/v2\/product_cat?post=10096"},{"taxonomy":"product_tag","embeddable":true,"href":"https:\/\/edizionicarrara.it\/en\/wp-json\/wp\/v2\/product_tag?post=10096"}],"curies":[{"name":"wp","href":"https:\/\/api.w.org\/{rel}","templated":true}]}}