{"id":10106,"date":"2026-04-22T10:20:24","date_gmt":"2026-04-22T10:20:24","guid":{"rendered":"https:\/\/edizionicarrara.it\/?post_type=product&#038;p=10106"},"modified":"2026-04-22T10:20:24","modified_gmt":"2026-04-22T10:20:24","slug":"lorganista-volume-quattro","status":"publish","type":"product","link":"https:\/\/edizionicarrara.it\/en\/riviste\/lorganista-volume-quattro\/","title":{"rendered":"L&#8217;ORGANISTA &#8211; VOLUME QUATTRO"},"content":{"rendered":"<p>Autori:\u00a0<strong>Matteo Enrico Balatti &amp; Gilberto Sessantini<\/strong><\/p>\n<p>Questo numero de \u201c<strong>L\u2019Organo<\/strong>\u201d vuole essere una <strong>proposta<\/strong> che trasversalmente <strong>attraversa<\/strong> tutto il <strong>Novecento<\/strong>, fino ai <strong>nostri giorni<\/strong>: verranno presentati alcuni degli <strong>autori storici<\/strong> delle <strong>Edizioni Carrara<\/strong>, insieme ad alcune nuove proposte di autori contemporanei.<\/p>\n<p>Non si tratta di una monografia esauriente, ma di un<strong> viaggio libero<\/strong>, pi\u00f9 simile ad uno <strong>sfogliare<\/strong> di <strong>pagine<\/strong>, per riscoprire, o donare per la prima volta pagine importanti, dal<br \/>\npunto di vista della scrittura musicale, della qualit\u00e0 artistica e della funzionalit\u00e0 liturgica, di compositori noti e altri meno noti.<\/p>\n<p>Tutti sono <strong>uno<\/strong> <strong>accanto all\u2019altro<\/strong> per simboleggiare un\u2019unica<strong> grande famiglia<\/strong> di <strong>musicisti<\/strong> che provano a passarsi il <strong>testimone<\/strong> della <strong>musica organistica italiana<\/strong>, sempre vivace, capace di confrontarsi con le altre<strong> tradizioni europee<\/strong> e <strong>mondiali<\/strong> e ancora in buona forma. E di compositori potrebbero essercene ancora molti altri: questo non \u00e8 che <strong>un piccolo spaccato<\/strong> di questo grande <strong>mondo artistico.<\/strong><\/p>\n<div><strong>Acquistare questa pubblicazione significa ricevere solo il terzo volume, uscito a Maggio 2025.\u00a0<\/strong><\/div>\n<div><\/div>\n<div>\n<p>Nel 2020 il gruppo editoriale Volont\u00e8 &amp; Co. acquisisce lo storico marchio editoriale Carrara, allargando cos\u00ec il proprio catalogo, che comprendeva gi\u00e0 i marchi Volont\u00e8, Rugginenti, Casa Musicale Eco e Lanaro. L\u2019operazione, finalizzata a dare continuit\u00e0\u00a0alla casa editrice fondata nel 1912 dal commendatore\u00a0Vittorio Carrara, si concentra sia\u00a0nella valorizzazione del repertorio storico\u00a0Carrara che nella creazione di nuove prospettive artistiche, collaborando con autori di talento per la realizzazione di nuove composizioni.<\/p>\n<\/div>\n","protected":false},"excerpt":{"rendered":"<p>Autori:\u00a0Matteo Enrico Balatti &amp; Gilberto Sessantini Questo numero de \u201cL\u2019Organo\u201d vuole essere una proposta che trasversalmente attraversa tutto il Novecento, fino ai nostri giorni: verranno presentati alcuni degli autori storici delle Edizioni Carrara, insieme ad alcune nuove proposte di autori contemporanei. Non si tratta di una monografia esauriente, ma di un viaggio libero, pi\u00f9 simile&#8230;<\/p>\n","protected":false},"featured_media":10107,"template":"","meta":{"_kad_blocks_custom_css":"","_kad_blocks_head_custom_js":"","_kad_blocks_body_custom_js":"","_kad_blocks_footer_custom_js":"","_kadence_starter_templates_imported_post":false,"_kad_post_transparent":"default","_kad_post_title":"","_kad_post_layout":"default","_kad_post_sidebar_id":"","_kad_post_content_style":"default","_kad_post_vertical_padding":"default","_kad_post_feature":"","_kad_post_feature_position":"","_kad_post_header":false,"_kad_post_footer":false,"_kad_post_classname":""},"product_brand":[],"product_cat":[24],"product_tag":[7304],"class_list":{"0":"post-10106","1":"product","2":"type-product","3":"status-publish","4":"has-post-thumbnail","6":"product_cat-magazine","7":"product_tag-home","8":"pa_authorname-aavv","9":"pa_codeedition-caa5683","10":"pa_codeismn-15850","11":"pa_editor-carrara","12":"pa_pages-3950","13":"pa_publishyear-15844","14":"post","16":"first","17":"instock","18":"shipping-taxable","19":"purchasable","20":"product-type-simple","21":"entry","22":"content-bg","23":"loop-entry"},"taxonomy_info":{"product_cat":[{"value":24,"label":"Riviste"}],"product_tag":[{"value":7304,"label":"home"}],"pa_authorname":[{"value":118,"label":"AA.VV."}],"pa_codeedition":[{"value":15849,"label":"CAA5683"}],"pa_codeismn":[{"value":15850,"label":"9790215756830"}],"pa_editor":[{"value":28,"label":"Carrara"}],"pa_pages":[{"value":3950,"label":"83"}],"pa_publishyear":[{"value":15844,"label":"2026"}]},"featured_image_src_large":["https:\/\/edizionicarrara.it\/wp-content\/uploads\/2026\/04\/9790215756830-755x1024.jpg",755,1024,true],"author_info":[],"comment_info":"","_links":{"self":[{"href":"https:\/\/edizionicarrara.it\/en\/wp-json\/wp\/v2\/product\/10106","targetHints":{"allow":["GET"]}}],"collection":[{"href":"https:\/\/edizionicarrara.it\/en\/wp-json\/wp\/v2\/product"}],"about":[{"href":"https:\/\/edizionicarrara.it\/en\/wp-json\/wp\/v2\/types\/product"}],"wp:featuredmedia":[{"embeddable":true,"href":"https:\/\/edizionicarrara.it\/en\/wp-json\/wp\/v2\/media\/10107"}],"wp:attachment":[{"href":"https:\/\/edizionicarrara.it\/en\/wp-json\/wp\/v2\/media?parent=10106"}],"wp:term":[{"taxonomy":"product_brand","embeddable":true,"href":"https:\/\/edizionicarrara.it\/en\/wp-json\/wp\/v2\/product_brand?post=10106"},{"taxonomy":"product_cat","embeddable":true,"href":"https:\/\/edizionicarrara.it\/en\/wp-json\/wp\/v2\/product_cat?post=10106"},{"taxonomy":"product_tag","embeddable":true,"href":"https:\/\/edizionicarrara.it\/en\/wp-json\/wp\/v2\/product_tag?post=10106"}],"curies":[{"name":"wp","href":"https:\/\/api.w.org\/{rel}","templated":true}]}}