{"id":103,"date":"1970-01-01T00:00:00","date_gmt":"1970-01-01T00:00:00","guid":{"rendered":"http:\/\/edizionicarrara.it\/?product=cinque-pezzi-per-organo"},"modified":"1970-01-01T00:00:00","modified_gmt":"1970-01-01T00:00:00","slug":"cinque-pezzi-per-organo","status":"publish","type":"product","link":"https:\/\/edizionicarrara.it\/en\/score\/cinque-pezzi-per-organo\/","title":{"rendered":"Cinque Pezzi per organo"},"content":{"rendered":"<p>Questi cinque pezzi risalgono a\u00f2 periodo immediatamente successivo agli studi milanesi. Al di l\u00e0 degli insegnamenti ricevuti dal Fumagalli, la lezione di Bossi, di Capocci e prima ancora dell&#8217;ultimo Petrali \u00e8 ormai acquisita: l&#8217;organo \u00e8 usicto dalla sudditanza del melodramma e si appresta a riprendere completamente una sua autonomia espressiva.<\/p>\n","protected":false},"excerpt":{"rendered":"<p>Op. 6<\/p>\n","protected":false},"featured_media":104,"template":"","meta":{"_kad_blocks_custom_css":"","_kad_blocks_head_custom_js":"","_kad_blocks_body_custom_js":"","_kad_blocks_footer_custom_js":"","_kadence_starter_templates_imported_post":false,"_kad_post_transparent":"","_kad_post_title":"","_kad_post_layout":"","_kad_post_sidebar_id":"","_kad_post_content_style":"","_kad_post_vertical_padding":"","_kad_post_feature":"","_kad_post_feature_position":"","_kad_post_header":false,"_kad_post_footer":false,"_kad_post_classname":""},"product_brand":[],"product_cat":[20],"product_tag":[],"class_list":{"0":"post-103","1":"product","2":"type-product","3":"status-publish","4":"has-post-thumbnail","6":"product_cat-score","7":"pa_authorname-galliera-arnaldo-1871-1934","8":"pa_codeedition-ec4867","9":"pa_codeismn-m-2157-4867-5","10":"pa_contents-preludio-adagio-corteggio-noel-marcia-nuziale","11":"pa_curator-sessantini-gilberto","12":"pa_editor-carrara","13":"pa_genres-organo-monografie-romantico","14":"pa_pages-77","15":"pa_publishyear-146","16":"pa_series-organistica","17":"pa_versionculture-global","18":"pa_versionname-36","19":"post","21":"first","22":"instock","23":"shipping-taxable","24":"purchasable","25":"product-type-simple","26":"entry","27":"content-bg","28":"loop-entry"},"taxonomy_info":{"product_cat":[{"value":20,"label":"Partiture"}],"pa_authorname":[{"value":242,"label":"GALLIERA Arnaldo (1871-1934)"}],"pa_codeedition":[{"value":244,"label":"EC4867"}],"pa_codeismn":[{"value":245,"label":"M-2157-4867-5"}],"pa_contents":[{"value":246,"label":"- Preludio<br \/>\r\n- Adagio<br \/>\r\n- Corteggio<br \/>\r\n- Noel<br \/>\r\n- Marcia Nuziale"}],"pa_curator":[{"value":243,"label":"SESSANTINI Gilberto"}],"pa_editor":[{"value":28,"label":"Carrara"}],"pa_genres":[{"value":62,"label":"Organo Monografie Romantico"}],"pa_pages":[{"value":77,"label":"28"}],"pa_publishyear":[{"value":146,"label":"2006"}],"pa_series":[{"value":107,"label":"Organistica"}],"pa_versionculture":[{"value":37,"label":"Global"}],"pa_versionname":[{"value":36,"label":"01"}]},"featured_image_src_large":["https:\/\/edizionicarrara.it\/wp-content\/uploads\/nc\/images\/180-250-fix\/4754.jpeg",180,129,false],"author_info":[],"comment_info":"","_links":{"self":[{"href":"https:\/\/edizionicarrara.it\/en\/wp-json\/wp\/v2\/product\/103","targetHints":{"allow":["GET"]}}],"collection":[{"href":"https:\/\/edizionicarrara.it\/en\/wp-json\/wp\/v2\/product"}],"about":[{"href":"https:\/\/edizionicarrara.it\/en\/wp-json\/wp\/v2\/types\/product"}],"wp:featuredmedia":[{"embeddable":true,"href":"https:\/\/edizionicarrara.it\/en\/wp-json\/wp\/v2\/media\/104"}],"wp:attachment":[{"href":"https:\/\/edizionicarrara.it\/en\/wp-json\/wp\/v2\/media?parent=103"}],"wp:term":[{"taxonomy":"product_brand","embeddable":true,"href":"https:\/\/edizionicarrara.it\/en\/wp-json\/wp\/v2\/product_brand?post=103"},{"taxonomy":"product_cat","embeddable":true,"href":"https:\/\/edizionicarrara.it\/en\/wp-json\/wp\/v2\/product_cat?post=103"},{"taxonomy":"product_tag","embeddable":true,"href":"https:\/\/edizionicarrara.it\/en\/wp-json\/wp\/v2\/product_tag?post=103"}],"curies":[{"name":"wp","href":"https:\/\/api.w.org\/{rel}","templated":true}]}}