{"id":1083,"date":"1970-01-01T00:00:00","date_gmt":"1970-01-01T00:00:00","guid":{"rendered":"http:\/\/edizionicarrara.it\/?product=la-vittadiniana"},"modified":"2026-04-02T08:18:58","modified_gmt":"2026-04-02T08:18:58","slug":"la-vittadiniana","status":"publish","type":"product","link":"https:\/\/edizionicarrara.it\/en\/score\/la-vittadiniana\/","title":{"rendered":"La Vittadiniana"},"content":{"rendered":"<div>Raccolta \u201cstorica\u201d di Casa Carrara, quasi la fotografia di un&#8217;epoca: vi si incontrano le pi\u00f9 belle e caratteristiche pagine di un ispirato e melodico maestro pavese che segn\u00f2 il gusto di molti organisti nella prima met\u00e0 del \u2018900. Album d\u2019archivio ma anche<\/div>\n","protected":false},"excerpt":{"rendered":"<p>40 opere originali per organo<\/p>\n","protected":false},"featured_media":9963,"template":"","meta":{"_kad_blocks_custom_css":"","_kad_blocks_head_custom_js":"","_kad_blocks_body_custom_js":"","_kad_blocks_footer_custom_js":"","_kadence_starter_templates_imported_post":false,"_kad_post_transparent":"default","_kad_post_title":"","_kad_post_layout":"default","_kad_post_sidebar_id":"","_kad_post_content_style":"default","_kad_post_vertical_padding":"default","_kad_post_feature":"","_kad_post_feature_position":"","_kad_post_header":false,"_kad_post_footer":false,"_kad_post_classname":""},"product_brand":[],"product_cat":[20],"product_tag":[],"class_list":{"0":"post-1083","1":"product","2":"type-product","3":"status-publish","4":"has-post-thumbnail","6":"product_cat-score","7":"pa_authorname-vittadini-franco-1884-1948","8":"pa_codeedition-ec2218","9":"pa_codeismn-m-2157-2218-7","10":"pa_curator-carrara-v","11":"pa_editor-carrara","12":"pa_genres-organo-monografie-post-romantico","13":"pa_pages-1255","14":"pa_publishyear-2023","15":"pa_series-monografie-dellorgano","16":"pa_versionculture-global","17":"pa_versionname-36","18":"post","20":"first","21":"instock","22":"shipping-taxable","23":"purchasable","24":"product-type-simple","25":"entry","26":"content-bg","27":"loop-entry"},"taxonomy_info":{"product_cat":[{"value":20,"label":"Partiture"}],"pa_authorname":[{"value":2042,"label":"VITTADINI Franco (1884-1948)  "}],"pa_codeedition":[{"value":2043,"label":"EC2218"}],"pa_codeismn":[{"value":2044,"label":"M-2157-2218-7"}],"pa_curator":[{"value":847,"label":"Carrara V."}],"pa_editor":[{"value":28,"label":"Carrara"}],"pa_genres":[{"value":110,"label":"Organo Monografie Post Romantico"}],"pa_pages":[{"value":1255,"label":"88"}],"pa_publishyear":[{"value":2023,"label":"1952"}],"pa_series":[{"value":872,"label":"Monografie dell'organo"}],"pa_versionculture":[{"value":37,"label":"Global"}],"pa_versionname":[{"value":36,"label":"01"}]},"featured_image_src_large":["https:\/\/edizionicarrara.it\/wp-content\/uploads\/1970\/01\/WhatsApp-Image-2026-04-02-at-10.10.55-685x1024.jpeg",685,1024,true],"author_info":[],"comment_info":"","_links":{"self":[{"href":"https:\/\/edizionicarrara.it\/en\/wp-json\/wp\/v2\/product\/1083","targetHints":{"allow":["GET"]}}],"collection":[{"href":"https:\/\/edizionicarrara.it\/en\/wp-json\/wp\/v2\/product"}],"about":[{"href":"https:\/\/edizionicarrara.it\/en\/wp-json\/wp\/v2\/types\/product"}],"wp:featuredmedia":[{"embeddable":true,"href":"https:\/\/edizionicarrara.it\/en\/wp-json\/wp\/v2\/media\/9963"}],"wp:attachment":[{"href":"https:\/\/edizionicarrara.it\/en\/wp-json\/wp\/v2\/media?parent=1083"}],"wp:term":[{"taxonomy":"product_brand","embeddable":true,"href":"https:\/\/edizionicarrara.it\/en\/wp-json\/wp\/v2\/product_brand?post=1083"},{"taxonomy":"product_cat","embeddable":true,"href":"https:\/\/edizionicarrara.it\/en\/wp-json\/wp\/v2\/product_cat?post=1083"},{"taxonomy":"product_tag","embeddable":true,"href":"https:\/\/edizionicarrara.it\/en\/wp-json\/wp\/v2\/product_tag?post=1083"}],"curies":[{"name":"wp","href":"https:\/\/api.w.org\/{rel}","templated":true}]}}