{"id":123,"date":"1970-01-01T00:00:00","date_gmt":"1970-01-01T00:00:00","guid":{"rendered":"http:\/\/edizionicarrara.it\/?product=06-cori-e-poemi-religiosi-tomo-i"},"modified":"2024-06-05T15:47:08","modified_gmt":"2024-06-05T15:47:08","slug":"06-cori-e-poemi-religiosi-tomo-i","status":"publish","type":"product","link":"https:\/\/edizionicarrara.it\/en\/score\/06-cori-e-poemi-religiosi-tomo-i\/","title":{"rendered":"Opera Omnia 6 &#8211; Cori e Poemi religiosi &#8211; Tomo I"},"content":{"rendered":"<p>Oltre alla produzione sacro-liturgica, consistente in un centinaio di composizioni di piccole dimensioni, Daniele Maffeis scrisse anche alcuni brani a carattere &#8220;sacro-sinfonico&#8221;.\u00a0 Due fra questi sono decisamente imponenti: l&#8217;inno &#8220;Bella, esultando un cantico&#8221; ed il poema &#8220;All&#8217;immacolata&#8221;. Entrambi si valgono di un&#8217;ampia orchestrazione, gi\u00e0 pi\u00f9 volte utilizzata dall&#8217;autore per alcune fra le sue pi\u00f9 riuscite Operette.<br \/>\nNel presente volume ai due brani soprqa citati, sono state unite altre cinque composizioni sacre di varia ispirazione, ad una o pi\u00f9 voci, accomunate da una strumentazione destinata a pi\u00f9 strumenti.<\/p>\n","protected":false},"excerpt":{"rendered":"<p>per coro a 1 e pi\u00f9 voci. archi o orchestra<\/p>\n","protected":false},"featured_media":6967,"template":"","meta":{"_kad_blocks_custom_css":"","_kad_blocks_head_custom_js":"","_kad_blocks_body_custom_js":"","_kad_blocks_footer_custom_js":"","_kadence_starter_templates_imported_post":false,"_kad_post_transparent":"default","_kad_post_title":"","_kad_post_layout":"default","_kad_post_sidebar_id":"","_kad_post_content_style":"default","_kad_post_vertical_padding":"default","_kad_post_feature":"","_kad_post_feature_position":"","_kad_post_header":false,"_kad_post_footer":false,"_kad_post_classname":""},"product_brand":[],"product_cat":[20],"product_tag":[],"class_list":{"0":"post-123","1":"product","2":"type-product","3":"status-publish","4":"has-post-thumbnail","6":"product_cat-score","7":"pa_authorname-maffeis-daniele-1901-1966","8":"pa_codeedition-ec4841","9":"pa_codeismn-m-2157-4841-5","10":"pa_contents-premessaapparato-criticocenni-biograficila-notte-scendepentecostedio-degli-esercitivenite-gentesbella-esultando-un-canticoallimmacolatadal-volto-tuo-virgineo","11":"pa_curator-pelucchi-pierangelo","12":"pa_editor-carrara","13":"pa_genres-cameraorchestravocale-a-1-v-strumvocale-a-2-v-strumvocale-a-3-v-strumvocale-a-4-v-strum","14":"pa_pages-296","15":"pa_publishyear-279","16":"pa_series-maffeis-opera-omnia","17":"pa_versionculture-global","18":"pa_versionname-36","19":"post","21":"first","22":"instock","23":"shipping-taxable","24":"purchasable","25":"product-type-simple","26":"entry","27":"content-bg","28":"loop-entry"},"taxonomy_info":{"product_cat":[{"value":20,"label":"Partiture"}],"pa_authorname":[{"value":288,"label":"MAFFEIS Daniele (1901-1966)"}],"pa_codeedition":[{"value":297,"label":"EC4841"}],"pa_codeismn":[{"value":298,"label":"M-2157-4841-5"}],"pa_contents":[{"value":300,"label":"Premessa<br>\r\nApparato critico<br>\r\nCenni biografici<br>\r\n<strong>La notte scende<br>\r\nPentecoste<br>\r\nDio degli eserciti<br>\r\nVenite gentes<br>\r\nBella, esultando un cantico<br>\r\nAll'Immacolata<br>\r\nD"}],"pa_curator":[{"value":289,"label":"Pelucchi PierAngelo"}],"pa_editor":[{"value":28,"label":"Carrara"}],"pa_genres":[{"value":299,"label":"Camera,Orchestra,Vocale a 1 v. - Strum.,Vocale a 2 v. - Strum.,Vocale a 3 v. - Strum.,Vocale a 4 v. - Strum."}],"pa_pages":[{"value":296,"label":"172"}],"pa_publishyear":[{"value":279,"label":"2005"}],"pa_series":[{"value":290,"label":"Maffeis Opera Omnia"}],"pa_versionculture":[{"value":37,"label":"Global"}],"pa_versionname":[{"value":36,"label":"01"}]},"featured_image_src_large":["https:\/\/edizionicarrara.it\/wp-content\/uploads\/1970\/01\/CAA4841-1-686x1024.jpg",686,1024,true],"author_info":[],"comment_info":"","_links":{"self":[{"href":"https:\/\/edizionicarrara.it\/en\/wp-json\/wp\/v2\/product\/123","targetHints":{"allow":["GET"]}}],"collection":[{"href":"https:\/\/edizionicarrara.it\/en\/wp-json\/wp\/v2\/product"}],"about":[{"href":"https:\/\/edizionicarrara.it\/en\/wp-json\/wp\/v2\/types\/product"}],"wp:featuredmedia":[{"embeddable":true,"href":"https:\/\/edizionicarrara.it\/en\/wp-json\/wp\/v2\/media\/6967"}],"wp:attachment":[{"href":"https:\/\/edizionicarrara.it\/en\/wp-json\/wp\/v2\/media?parent=123"}],"wp:term":[{"taxonomy":"product_brand","embeddable":true,"href":"https:\/\/edizionicarrara.it\/en\/wp-json\/wp\/v2\/product_brand?post=123"},{"taxonomy":"product_cat","embeddable":true,"href":"https:\/\/edizionicarrara.it\/en\/wp-json\/wp\/v2\/product_cat?post=123"},{"taxonomy":"product_tag","embeddable":true,"href":"https:\/\/edizionicarrara.it\/en\/wp-json\/wp\/v2\/product_tag?post=123"}],"curies":[{"name":"wp","href":"https:\/\/api.w.org\/{rel}","templated":true}]}}