{"id":1295,"date":"1970-01-01T00:00:00","date_gmt":"1970-01-01T00:00:00","guid":{"rendered":"http:\/\/edizionicarrara.it\/?product=xxx-brevi-composizioni"},"modified":"1970-01-01T00:00:00","modified_gmt":"1970-01-01T00:00:00","slug":"xxx-brevi-composizioni","status":"publish","type":"product","link":"https:\/\/edizionicarrara.it\/en\/score\/xxx-brevi-composizioni\/","title":{"rendered":"XXX Brevi Composizioni"},"content":{"rendered":"<p>L&#8217;indole contrappuntistica dell&#8217;Autore si evidenzia nella capacit\u00e0 di tessere piccole trame a pi\u00f9 voci, anche di poche battute, in cui il disegno motivico ha comunque dignit\u00e0 di rilievo.<\/p>\n","protected":false},"excerpt":{"rendered":"<p>per Organo od Armonio<\/p>\n","protected":false},"featured_media":1296,"template":"","meta":{"_kad_blocks_custom_css":"","_kad_blocks_head_custom_js":"","_kad_blocks_body_custom_js":"","_kad_blocks_footer_custom_js":"","_kadence_starter_templates_imported_post":false,"_kad_post_transparent":"","_kad_post_title":"","_kad_post_layout":"","_kad_post_sidebar_id":"","_kad_post_content_style":"","_kad_post_vertical_padding":"","_kad_post_feature":"","_kad_post_feature_position":"","_kad_post_header":false,"_kad_post_footer":false,"_kad_post_classname":""},"product_brand":[],"product_cat":[20],"product_tag":[],"class_list":{"0":"post-1295","1":"product","2":"type-product","3":"status-publish","4":"has-post-thumbnail","6":"product_cat-score","7":"pa_authorname-surbone-angelo-1892-1969","8":"pa_codeedition-ec0240","9":"pa_codeismn-m-2157-0240-0","10":"pa_contents-1-preludio-2-interludio-3-graduale-4-graduale-piccolo-scherzo-a-canone-5-offertorio-6-pastorale-7-elevazione-invocazione-8-tre-interludi-per-inno-jam-sol-recedit-igneus-9-quattro","11":"pa_editor-carrara","12":"pa_genres-harmoniumorgano-monografie-post-romantico","13":"pa_pages-46","14":"pa_publishyear-2343","15":"pa_series-arch-storico-carrara","16":"pa_versionculture-global","17":"pa_versionname-36","18":"post","20":"first","21":"instock","22":"shipping-taxable","23":"purchasable","24":"product-type-simple","25":"entry","26":"content-bg","27":"loop-entry"},"taxonomy_info":{"product_cat":[{"value":20,"label":"Partiture"}],"pa_authorname":[{"value":2408,"label":"SURBONE Angelo (1892-1969)"}],"pa_codeedition":[{"value":2409,"label":"EC0240"}],"pa_codeismn":[{"value":2410,"label":"M-2157-0240-0"}],"pa_contents":[{"value":2411,"label":"1: Preludio <br \/>\r\n2: Interludio  <br \/>\r\n3: Graduale <br \/>\r\n4: Graduale (Piccolo Scherzo a canone) <br \/>\r\n5: Offertorio <br \/>\r\n6: Pastorale <br \/>\r\n7: Elevazione \"Invocazione\" <br \/>\r\n8: Tre Inte"}],"pa_editor":[{"value":28,"label":"Carrara"}],"pa_genres":[{"value":265,"label":"Harmonium,Organo Monografie Post Romantico"}],"pa_pages":[{"value":46,"label":"16"}],"pa_publishyear":[{"value":2343,"label":"1920"}],"pa_series":[{"value":2285,"label":"Arch. Storico Carrara"}],"pa_versionculture":[{"value":37,"label":"Global"}],"pa_versionname":[{"value":36,"label":"01"}]},"featured_image_src_large":["https:\/\/edizionicarrara.it\/wp-content\/uploads\/nc\/images\/180-250-fix\/2207.jpeg",170,246,false],"author_info":[],"comment_info":"","_links":{"self":[{"href":"https:\/\/edizionicarrara.it\/en\/wp-json\/wp\/v2\/product\/1295","targetHints":{"allow":["GET"]}}],"collection":[{"href":"https:\/\/edizionicarrara.it\/en\/wp-json\/wp\/v2\/product"}],"about":[{"href":"https:\/\/edizionicarrara.it\/en\/wp-json\/wp\/v2\/types\/product"}],"wp:featuredmedia":[{"embeddable":true,"href":"https:\/\/edizionicarrara.it\/en\/wp-json\/wp\/v2\/media\/1296"}],"wp:attachment":[{"href":"https:\/\/edizionicarrara.it\/en\/wp-json\/wp\/v2\/media?parent=1295"}],"wp:term":[{"taxonomy":"product_brand","embeddable":true,"href":"https:\/\/edizionicarrara.it\/en\/wp-json\/wp\/v2\/product_brand?post=1295"},{"taxonomy":"product_cat","embeddable":true,"href":"https:\/\/edizionicarrara.it\/en\/wp-json\/wp\/v2\/product_cat?post=1295"},{"taxonomy":"product_tag","embeddable":true,"href":"https:\/\/edizionicarrara.it\/en\/wp-json\/wp\/v2\/product_tag?post=1295"}],"curies":[{"name":"wp","href":"https:\/\/api.w.org\/{rel}","templated":true}]}}