{"id":1326,"date":"1970-01-01T00:00:00","date_gmt":"1970-01-01T00:00:00","guid":{"rendered":"http:\/\/edizionicarrara.it\/?product=guida-al-servizio-liturgico-dellorganista"},"modified":"2026-01-21T09:50:10","modified_gmt":"2026-01-21T09:50:10","slug":"guida-al-servizio-liturgico-dellorganista","status":"publish","type":"product","link":"https:\/\/edizionicarrara.it\/en\/book\/guida-al-servizio-liturgico-dellorganista\/","title":{"rendered":"Guida al servizio liturgico dell&#8217;organista"},"content":{"rendered":"<p>Una Guida per rendere consapevole l&#8217;organista liturgico della specificit\u00e0, seriet\u00e0 e nobilt\u00e0 della loro prestazione dopo i cambiamenti e gli arricchimenti del Concilio Vaticani II.<\/p>\n","protected":false},"excerpt":{"rendered":"<p>Elementi di musicologia liturgica<\/p>\n","protected":false},"featured_media":9364,"template":"","meta":{"_kad_blocks_custom_css":"","_kad_blocks_head_custom_js":"","_kad_blocks_body_custom_js":"","_kad_blocks_footer_custom_js":"","_kadence_starter_templates_imported_post":false,"_kad_post_transparent":"default","_kad_post_title":"","_kad_post_layout":"default","_kad_post_sidebar_id":"","_kad_post_content_style":"default","_kad_post_vertical_padding":"default","_kad_post_feature":"","_kad_post_feature_position":"","_kad_post_header":false,"_kad_post_footer":false,"_kad_post_classname":""},"product_brand":[],"product_cat":[23],"product_tag":[],"class_list":{"0":"post-1326","1":"product","2":"type-product","3":"status-publish","4":"has-post-thumbnail","6":"product_cat-book","7":"pa_authorname-donella-valentino-1937","8":"pa_codeedition-ec3703","9":"pa_codeismn-m-2157-3703-3","10":"pa_editor-carrara","11":"pa_genres-organotrattati","12":"pa_pages-1792","13":"pa_publishyear-1607","14":"pa_versionculture-global","15":"pa_versionname-36","16":"post","18":"first","19":"instock","20":"shipping-taxable","21":"purchasable","22":"product-type-simple","23":"entry","24":"content-bg","25":"loop-entry"},"taxonomy_info":{"product_cat":[{"value":23,"label":"Libri"}],"pa_authorname":[{"value":733,"label":"DONELLA Valentino (1937)"}],"pa_codeedition":[{"value":2467,"label":"EC3703"}],"pa_codeismn":[{"value":2468,"label":"M-2157-3703-3"}],"pa_editor":[{"value":28,"label":"Carrara"}],"pa_genres":[{"value":2456,"label":"Organo,Trattati"}],"pa_pages":[{"value":1792,"label":"128"}],"pa_publishyear":[{"value":1607,"label":"1986"}],"pa_versionculture":[{"value":37,"label":"Global"}],"pa_versionname":[{"value":36,"label":"01"}]},"featured_image_src_large":["https:\/\/edizionicarrara.it\/wp-content\/uploads\/1970\/01\/Screenshot-2026-01-21-alle-10.48.57.png",500,724,false],"author_info":[],"comment_info":"","_links":{"self":[{"href":"https:\/\/edizionicarrara.it\/en\/wp-json\/wp\/v2\/product\/1326","targetHints":{"allow":["GET"]}}],"collection":[{"href":"https:\/\/edizionicarrara.it\/en\/wp-json\/wp\/v2\/product"}],"about":[{"href":"https:\/\/edizionicarrara.it\/en\/wp-json\/wp\/v2\/types\/product"}],"wp:featuredmedia":[{"embeddable":true,"href":"https:\/\/edizionicarrara.it\/en\/wp-json\/wp\/v2\/media\/9364"}],"wp:attachment":[{"href":"https:\/\/edizionicarrara.it\/en\/wp-json\/wp\/v2\/media?parent=1326"}],"wp:term":[{"taxonomy":"product_brand","embeddable":true,"href":"https:\/\/edizionicarrara.it\/en\/wp-json\/wp\/v2\/product_brand?post=1326"},{"taxonomy":"product_cat","embeddable":true,"href":"https:\/\/edizionicarrara.it\/en\/wp-json\/wp\/v2\/product_cat?post=1326"},{"taxonomy":"product_tag","embeddable":true,"href":"https:\/\/edizionicarrara.it\/en\/wp-json\/wp\/v2\/product_tag?post=1326"}],"curies":[{"name":"wp","href":"https:\/\/api.w.org\/{rel}","templated":true}]}}