{"id":1330,"date":"1970-01-01T00:00:00","date_gmt":"1970-01-01T00:00:00","guid":{"rendered":"http:\/\/edizionicarrara.it\/?product=musica-liturgia"},"modified":"1970-01-01T00:00:00","modified_gmt":"1970-01-01T00:00:00","slug":"musica-liturgia","status":"publish","type":"product","link":"https:\/\/edizionicarrara.it\/en\/book\/musica-liturgia\/","title":{"rendered":"Musica &#038; Liturgia"},"content":{"rendered":"<p>Trattato musicologico sulla musica liturgica occidnetale di rito romano dove si toccano aspetti storici, critici, di valutazione delle forme fino alla giusta distribuzione dei compiti ministeriali. Il trattato ha sempre una finalit\u00e0 pratico- operativa che \u00e8 quella del servire l&#8217;oggi e di illuminare coloro che agiscono all&#8217;interno dell&#8217;attivit\u00e0 liturgico-musicale in modo che possano conoscere le proprie radici e ritrovare l&#8217;esatta propria identit\u00e0.<\/p>\n","protected":false},"excerpt":{"rendered":"<p>Indagini e riflessioni musicologiche<\/p>\n","protected":false},"featured_media":1331,"template":"","meta":{"_kad_blocks_custom_css":"","_kad_blocks_head_custom_js":"","_kad_blocks_body_custom_js":"","_kad_blocks_footer_custom_js":"","_kadence_starter_templates_imported_post":false,"_kad_post_transparent":"","_kad_post_title":"","_kad_post_layout":"","_kad_post_sidebar_id":"","_kad_post_content_style":"","_kad_post_vertical_padding":"","_kad_post_feature":"","_kad_post_feature_position":"","_kad_post_header":false,"_kad_post_footer":false,"_kad_post_classname":""},"product_brand":[],"product_cat":[23],"product_tag":[],"class_list":{"0":"post-1330","1":"product","2":"type-product","3":"status-publish","4":"has-post-thumbnail","6":"product_cat-book","7":"pa_authorname-donella-valentino-1937","8":"pa_codeedition-ec3975","9":"pa_codeismn-m-2157-3975-3","10":"pa_contents-br","11":"pa_editor-carrara","12":"pa_genres-sacratrattati","13":"pa_pages-2472","14":"pa_publishyear-1504","15":"pa_versionculture-global","16":"pa_versionname-36","17":"post","19":"first","20":"instock","21":"shipping-taxable","22":"purchasable","23":"product-type-simple","24":"entry","25":"content-bg","26":"loop-entry"},"taxonomy_info":{"product_cat":[{"value":23,"label":"Libri"}],"pa_authorname":[{"value":733,"label":"DONELLA Valentino (1937)"}],"pa_codeedition":[{"value":2473,"label":"EC3975"}],"pa_codeismn":[{"value":2474,"label":"M-2157-3975-3"}],"pa_contents":[{"value":127,"label":"<br \/>"}],"pa_editor":[{"value":28,"label":"Carrara"}],"pa_genres":[{"value":2463,"label":"Sacra,Trattati"}],"pa_pages":[{"value":2472,"label":"448"}],"pa_publishyear":[{"value":1504,"label":"1991"}],"pa_versionculture":[{"value":37,"label":"Global"}],"pa_versionname":[{"value":36,"label":"01"}]},"featured_image_src_large":["https:\/\/edizionicarrara.it\/wp-content\/uploads\/nc\/images\/180-250-fix\/2418.jpeg",179,250,false],"author_info":[],"comment_info":"","_links":{"self":[{"href":"https:\/\/edizionicarrara.it\/en\/wp-json\/wp\/v2\/product\/1330","targetHints":{"allow":["GET"]}}],"collection":[{"href":"https:\/\/edizionicarrara.it\/en\/wp-json\/wp\/v2\/product"}],"about":[{"href":"https:\/\/edizionicarrara.it\/en\/wp-json\/wp\/v2\/types\/product"}],"wp:featuredmedia":[{"embeddable":true,"href":"https:\/\/edizionicarrara.it\/en\/wp-json\/wp\/v2\/media\/1331"}],"wp:attachment":[{"href":"https:\/\/edizionicarrara.it\/en\/wp-json\/wp\/v2\/media?parent=1330"}],"wp:term":[{"taxonomy":"product_brand","embeddable":true,"href":"https:\/\/edizionicarrara.it\/en\/wp-json\/wp\/v2\/product_brand?post=1330"},{"taxonomy":"product_cat","embeddable":true,"href":"https:\/\/edizionicarrara.it\/en\/wp-json\/wp\/v2\/product_cat?post=1330"},{"taxonomy":"product_tag","embeddable":true,"href":"https:\/\/edizionicarrara.it\/en\/wp-json\/wp\/v2\/product_tag?post=1330"}],"curies":[{"name":"wp","href":"https:\/\/api.w.org\/{rel}","templated":true}]}}