{"id":1334,"date":"1970-01-01T00:00:00","date_gmt":"1970-01-01T00:00:00","guid":{"rendered":"http:\/\/edizionicarrara.it\/?product=temperamento"},"modified":"1970-01-01T00:00:00","modified_gmt":"1970-01-01T00:00:00","slug":"temperamento","status":"publish","type":"product","link":"https:\/\/edizionicarrara.it\/en\/book\/temperamento\/","title":{"rendered":"Temperamento"},"content":{"rendered":"<div>\u201cTemperamento\u201d o, meglio, \u201cArte del ben disporre le altezze dei suoni\u201d. E\u2019 questo, in effetti, il senso di quella operazione preliminare indispensabile a qualsiasi esecuzione &#8211; e conseguente interpretazione &#8211; sugli strumenti a tastiera dei termini di un linguaggio organizzato, qual \u00e8 quello musicale. Ma quale \u00e8, tra i vari succedutisi nei secoli, il migliore tra i temperamenti, il pi\u00f9 adatto alla esecuzione ed applicabile agli strumenti musicali?<\/div>\n","protected":false},"excerpt":{"rendered":"<p>degli strumenti a tastiera ed esattezza musicale: qualit\u00e0 dell&#8217;empirismo dei pratici<\/p>\n","protected":false},"featured_media":1335,"template":"","meta":{"_kad_blocks_custom_css":"","_kad_blocks_head_custom_js":"","_kad_blocks_body_custom_js":"","_kad_blocks_footer_custom_js":"","_kadence_starter_templates_imported_post":false,"_kad_post_transparent":"","_kad_post_title":"","_kad_post_layout":"","_kad_post_sidebar_id":"","_kad_post_content_style":"","_kad_post_vertical_padding":"","_kad_post_feature":"","_kad_post_feature_position":"","_kad_post_header":false,"_kad_post_footer":false,"_kad_post_classname":""},"product_brand":[],"product_cat":[23],"product_tag":[],"class_list":{"0":"post-1334","1":"product","2":"type-product","3":"status-publish","4":"has-post-thumbnail","6":"product_cat-book","7":"pa_authorname-finotti-francesco","8":"pa_codeedition-ec4813","9":"pa_codeismn-m-2157-4813-3","10":"pa_editor-carrara","11":"pa_genres-organotrattati","12":"pa_pages-84","13":"pa_publishyear-279","14":"pa_versionculture-global","15":"pa_versionname-36","16":"post","18":"first","19":"instock","20":"shipping-taxable","21":"purchasable","22":"product-type-simple","23":"entry","24":"content-bg","25":"loop-entry"},"taxonomy_info":{"product_cat":[{"value":23,"label":"Libri"}],"pa_authorname":[{"value":2478,"label":"FINOTTI Francesco"}],"pa_codeedition":[{"value":2479,"label":"EC4813"}],"pa_codeismn":[{"value":2480,"label":"M-2157-4813-3"}],"pa_editor":[{"value":28,"label":"Carrara"}],"pa_genres":[{"value":2456,"label":"Organo,Trattati"}],"pa_pages":[{"value":84,"label":"40"}],"pa_publishyear":[{"value":279,"label":"2005"}],"pa_versionculture":[{"value":37,"label":"Global"}],"pa_versionname":[{"value":36,"label":"01"}]},"featured_image_src_large":["https:\/\/edizionicarrara.it\/wp-content\/uploads\/nc\/images\/180-250-fix\/3883.jpeg",178,250,false],"author_info":[],"comment_info":"","_links":{"self":[{"href":"https:\/\/edizionicarrara.it\/en\/wp-json\/wp\/v2\/product\/1334","targetHints":{"allow":["GET"]}}],"collection":[{"href":"https:\/\/edizionicarrara.it\/en\/wp-json\/wp\/v2\/product"}],"about":[{"href":"https:\/\/edizionicarrara.it\/en\/wp-json\/wp\/v2\/types\/product"}],"wp:featuredmedia":[{"embeddable":true,"href":"https:\/\/edizionicarrara.it\/en\/wp-json\/wp\/v2\/media\/1335"}],"wp:attachment":[{"href":"https:\/\/edizionicarrara.it\/en\/wp-json\/wp\/v2\/media?parent=1334"}],"wp:term":[{"taxonomy":"product_brand","embeddable":true,"href":"https:\/\/edizionicarrara.it\/en\/wp-json\/wp\/v2\/product_brand?post=1334"},{"taxonomy":"product_cat","embeddable":true,"href":"https:\/\/edizionicarrara.it\/en\/wp-json\/wp\/v2\/product_cat?post=1334"},{"taxonomy":"product_tag","embeddable":true,"href":"https:\/\/edizionicarrara.it\/en\/wp-json\/wp\/v2\/product_tag?post=1334"}],"curies":[{"name":"wp","href":"https:\/\/api.w.org\/{rel}","templated":true}]}}