{"id":1338,"date":"1970-01-01T00:00:00","date_gmt":"1970-01-01T00:00:00","guid":{"rendered":"http:\/\/edizionicarrara.it\/?product=nicolaus-bruhns"},"modified":"1970-01-01T00:00:00","modified_gmt":"1970-01-01T00:00:00","slug":"nicolaus-bruhns-1","status":"publish","type":"product","link":"https:\/\/edizionicarrara.it\/en\/book\/nicolaus-bruhns-1\/","title":{"rendered":"Nicolaus Bruhns"},"content":{"rendered":"<p>Die Musik vergangener Zeiten bleibt nichts sagend, wenn sie nicht in lebendige Kl\u00e4nge umgesetzt wird, die in der Lage sind, den Menschen von heute anzusprechen. Die Erfahrung hat mich jedoch gelehrt, dass ihre tiefere Bedeutung nur dann zutage tritt und aktuell werden kann, wenn man den Mut hat sich unvoreingenommen und auf die eigene Sichtweise verzichtend mit der Epoche und der Welt des Komponisten auseinander zu setzen und sich ihnen auf diese Weise zu n\u00e4hern. Dieser kleine Band ist nicht in erster Linie f\u00fcr Musikwissenschaftler gedacht, die sicher noch viele und wertvolle Anregungen hinzuf\u00fcgen k\u00f6nnten, sondern vielmehr f\u00fcr Musizierende und im Besonderen f\u00fcr Organisten, die hier eine Anleitung f\u00fcr die Interpretation der Werke von Nicolaus Bruhns finden werden.<\/p>\n","protected":false},"excerpt":{"rendered":"<p>Zur Interpretation der Orgelmusik<\/p>\n","protected":false},"featured_media":1339,"template":"","meta":{"_kad_blocks_custom_css":"","_kad_blocks_head_custom_js":"","_kad_blocks_body_custom_js":"","_kad_blocks_footer_custom_js":"","_kadence_starter_templates_imported_post":false,"_kad_post_transparent":"","_kad_post_title":"","_kad_post_layout":"","_kad_post_sidebar_id":"","_kad_post_content_style":"","_kad_post_vertical_padding":"","_kad_post_feature":"","_kad_post_feature_position":"","_kad_post_header":false,"_kad_post_footer":false,"_kad_post_classname":""},"product_brand":[],"product_cat":[23],"product_tag":[],"class_list":{"0":"post-1338","1":"product","2":"type-product","3":"status-publish","4":"has-post-thumbnail","6":"product_cat-book","7":"pa_authorname-ghielmi-lorenzo","8":"pa_codeedition-ec4799","9":"pa_codeismn-m-2157-4799-3","10":"pa_contents-br","11":"pa_editor-carrara","12":"pa_genres-organosaggi","13":"pa_pages-2453","14":"pa_publishyear-30","15":"pa_versionculture-global","16":"pa_versionname-36","17":"post","19":"first","20":"instock","21":"shipping-taxable","22":"purchasable","23":"product-type-simple","24":"entry","25":"content-bg","26":"loop-entry"},"taxonomy_info":{"product_cat":[{"value":23,"label":"Libri"}],"pa_authorname":[{"value":2481,"label":"GHIELMI Lorenzo"}],"pa_codeedition":[{"value":2484,"label":"EC4799"}],"pa_codeismn":[{"value":2485,"label":"M-2157-4799-3"}],"pa_contents":[{"value":127,"label":"<br \/>"}],"pa_editor":[{"value":28,"label":"Carrara"}],"pa_genres":[{"value":2442,"label":"Organo,Saggi"}],"pa_pages":[{"value":2453,"label":"76"}],"pa_publishyear":[{"value":30,"label":"2007"}],"pa_versionculture":[{"value":37,"label":"Global"}],"pa_versionname":[{"value":36,"label":"01"}]},"featured_image_src_large":["https:\/\/edizionicarrara.it\/wp-content\/uploads\/nc\/images\/180-250-fix\/2426.jpeg",170,227,false],"author_info":[],"comment_info":"","_links":{"self":[{"href":"https:\/\/edizionicarrara.it\/en\/wp-json\/wp\/v2\/product\/1338","targetHints":{"allow":["GET"]}}],"collection":[{"href":"https:\/\/edizionicarrara.it\/en\/wp-json\/wp\/v2\/product"}],"about":[{"href":"https:\/\/edizionicarrara.it\/en\/wp-json\/wp\/v2\/types\/product"}],"wp:featuredmedia":[{"embeddable":true,"href":"https:\/\/edizionicarrara.it\/en\/wp-json\/wp\/v2\/media\/1339"}],"wp:attachment":[{"href":"https:\/\/edizionicarrara.it\/en\/wp-json\/wp\/v2\/media?parent=1338"}],"wp:term":[{"taxonomy":"product_brand","embeddable":true,"href":"https:\/\/edizionicarrara.it\/en\/wp-json\/wp\/v2\/product_brand?post=1338"},{"taxonomy":"product_cat","embeddable":true,"href":"https:\/\/edizionicarrara.it\/en\/wp-json\/wp\/v2\/product_cat?post=1338"},{"taxonomy":"product_tag","embeddable":true,"href":"https:\/\/edizionicarrara.it\/en\/wp-json\/wp\/v2\/product_tag?post=1338"}],"curies":[{"name":"wp","href":"https:\/\/api.w.org\/{rel}","templated":true}]}}