{"id":1344,"date":"1970-01-01T00:00:00","date_gmt":"1970-01-01T00:00:00","guid":{"rendered":"http:\/\/edizionicarrara.it\/?product=donizetti-allorgano"},"modified":"2025-03-20T11:52:59","modified_gmt":"2025-03-20T11:52:59","slug":"donizetti-allorgano","status":"publish","type":"product","link":"https:\/\/edizionicarrara.it\/en\/cd\/donizetti-allorgano\/","title":{"rendered":"DONIZETTI ALL&#8217;ORGANO"},"content":{"rendered":"<div>Un Donizetti inedito e inusuale che colpir\u00e0 la sensibilit\u00e0 di molti ascoltatori e stupir\u00e0 i pi\u00f9 affezionati cultori della musica operistica per la bellezza delle proposte contenute in questa incisione.<\/div>\n","protected":false},"excerpt":{"rendered":"<p>originali, inediti, trascrizioni<\/p>\n","protected":false},"featured_media":1345,"template":"","meta":{"_kad_blocks_custom_css":"","_kad_blocks_head_custom_js":"","_kad_blocks_body_custom_js":"","_kad_blocks_footer_custom_js":"","_kadence_starter_templates_imported_post":false,"_kad_post_transparent":"","_kad_post_title":"","_kad_post_layout":"","_kad_post_sidebar_id":"","_kad_post_content_style":"","_kad_post_vertical_padding":"","_kad_post_feature":"","_kad_post_feature_position":"","_kad_post_header":false,"_kad_post_footer":false,"_kad_post_classname":""},"product_brand":[],"product_cat":[22],"product_tag":[],"class_list":{"0":"post-1344","1":"product","2":"type-product","3":"status-publish","4":"has-post-thumbnail","6":"product_cat-cd","7":"pa_authorname-donizetti-gaetano-1797-1848","8":"pa_codeedition-cdec126","9":"pa_codeismn-m-2157-9126-3","10":"pa_contents-1-donizetti-gaetano-ltigtgrande-offertorioltigt-in-re-magg2-donizetti-gaetano-ltigtelevazioneltigt-da-linda-di-chamonix3-donizetti-gaetano-ltigtgrande-offertorioltigt-in-do4-donizetti-g","11":"pa_editor-carrara","12":"pa_genres-organo","13":"pa_publishyear-924","14":"pa_versionculture-global","15":"pa_versionname-36","16":"post","18":"first","19":"outofstock","20":"shipping-taxable","21":"purchasable","22":"product-type-simple","23":"entry","24":"content-bg","25":"loop-entry"},"taxonomy_info":{"product_cat":[{"value":22,"label":"CD"}],"pa_authorname":[{"value":694,"label":"DONIZETTI Gaetano (1797-1848)"}],"pa_codeedition":[{"value":2494,"label":"CDEC126"}],"pa_codeismn":[{"value":2495,"label":"M-2157-9126-3"}],"pa_contents":[{"value":2496,"label":"<div>1: DONIZETTI Gaetano - &lt;i&gt;Grande Offertorio&lt;\/i&gt; in Re magg.<br\/>\r\n2: DONIZETTI Gaetano - &lt;i&gt;Elevazione&lt;\/i&gt; da Linda di Chamonix<br\/>\r\n3: DONIZETTI Gaetano - &lt;i&gt;Grand"}],"pa_editor":[{"value":28,"label":"Carrara"}],"pa_genres":[{"value":1744,"label":"Organo"}],"pa_publishyear":[{"value":924,"label":"1999"}],"pa_versionculture":[{"value":37,"label":"Global"}],"pa_versionname":[{"value":36,"label":"01"}]},"featured_image_src_large":["https:\/\/edizionicarrara.it\/wp-content\/uploads\/nc\/images\/180-250-fix\/e8197c46-66aa-43b4-af9c-94bd5c2c2710.jpeg",180,247,false],"author_info":[],"comment_info":"","_links":{"self":[{"href":"https:\/\/edizionicarrara.it\/en\/wp-json\/wp\/v2\/product\/1344","targetHints":{"allow":["GET"]}}],"collection":[{"href":"https:\/\/edizionicarrara.it\/en\/wp-json\/wp\/v2\/product"}],"about":[{"href":"https:\/\/edizionicarrara.it\/en\/wp-json\/wp\/v2\/types\/product"}],"wp:featuredmedia":[{"embeddable":true,"href":"https:\/\/edizionicarrara.it\/en\/wp-json\/wp\/v2\/media\/1345"}],"wp:attachment":[{"href":"https:\/\/edizionicarrara.it\/en\/wp-json\/wp\/v2\/media?parent=1344"}],"wp:term":[{"taxonomy":"product_brand","embeddable":true,"href":"https:\/\/edizionicarrara.it\/en\/wp-json\/wp\/v2\/product_brand?post=1344"},{"taxonomy":"product_cat","embeddable":true,"href":"https:\/\/edizionicarrara.it\/en\/wp-json\/wp\/v2\/product_cat?post=1344"},{"taxonomy":"product_tag","embeddable":true,"href":"https:\/\/edizionicarrara.it\/en\/wp-json\/wp\/v2\/product_tag?post=1344"}],"curies":[{"name":"wp","href":"https:\/\/api.w.org\/{rel}","templated":true}]}}