{"id":1367,"date":"1970-01-01T00:00:00","date_gmt":"1970-01-01T00:00:00","guid":{"rendered":"http:\/\/edizionicarrara.it\/?product=metodo-per-fisarmonica"},"modified":"1970-01-01T00:00:00","modified_gmt":"1970-01-01T00:00:00","slug":"metodo-per-fisarmonica","status":"publish","type":"product","link":"https:\/\/edizionicarrara.it\/en\/didactics\/metodo-per-fisarmonica\/","title":{"rendered":"Metodo per Fisarmonica"},"content":{"rendered":"<div>Pubblicazione didattica che utilizza il Sistema cromatico e a pianoforte con Bassetti cromatici per entrambi i modelli.<br \/>\nDa alcuni anni la fisarmonica \u00e8 in costante rivalutazione ma, contrariamente agli altri paesi europei che hanno sviluppato lo strumento e ne hanno allargato le possibilit\u00e0 adottando la tecnica Bassetti, da noi in Italia, questa tecnica \u00e8 ancora poco conosciuta. Per ovviare a ci\u00f2 \u00e8 nato questo metodo, certi di trovare il consenso da parte di coloro che amano la fisarmonica e desiderano ampliare le loro conoscenze dello strumento.<br \/>\nRicordiamoci che con i Bassetti \u00e8 possibile eseguire brani di livello armonico decisamente superiore a quelli eseguiti con la fisarmonica tradizionale.<br \/>\nIl medoto \u00e8 formulato in modo semplice anche se solo con la costanza, l&#8217;impegno e l&#8217;assiduit\u00e0 si potranno superare le piccole e grandi difficolt\u00e0 che si incontreranno nello studio.<\/div>\n","protected":false},"excerpt":{"rendered":"<p>Metodo preparatorio sui Bassetti<\/p>\n","protected":false},"featured_media":1368,"template":"","meta":{"_kad_blocks_custom_css":"","_kad_blocks_head_custom_js":"","_kad_blocks_body_custom_js":"","_kad_blocks_footer_custom_js":"","_kadence_starter_templates_imported_post":false,"_kad_post_transparent":"","_kad_post_title":"","_kad_post_layout":"","_kad_post_sidebar_id":"","_kad_post_content_style":"","_kad_post_vertical_padding":"","_kad_post_feature":"","_kad_post_feature_position":"","_kad_post_header":false,"_kad_post_footer":false,"_kad_post_classname":""},"product_brand":[],"product_cat":[21],"product_tag":[],"class_list":{"0":"post-1367","1":"product","2":"type-product","3":"status-publish","4":"has-post-thumbnail","6":"product_cat-didactics","7":"pa_authorname-ghislandi-franco","8":"pa_codeedition-ec3558","9":"pa_codeismn-m-2157-3558-2","10":"pa_editor-carrara","11":"pa_genres-fisarmonica","12":"pa_pages-1675","13":"pa_publishyear-1704","14":"pa_versionculture-global","15":"pa_versionname-36","16":"post","18":"first","19":"instock","20":"shipping-taxable","21":"purchasable","22":"product-type-simple","23":"entry","24":"content-bg","25":"loop-entry"},"taxonomy_info":{"product_cat":[{"value":21,"label":"Didattica"}],"pa_authorname":[{"value":2554,"label":"GHISLANDI Franco"}],"pa_codeedition":[{"value":2555,"label":"EC3558"}],"pa_codeismn":[{"value":2556,"label":"M-2157-3558-2"}],"pa_editor":[{"value":28,"label":"Carrara"}],"pa_genres":[{"value":2557,"label":"Fisarmonica"}],"pa_pages":[{"value":1675,"label":"96"}],"pa_publishyear":[{"value":1704,"label":"1980"}],"pa_versionculture":[{"value":37,"label":"Global"}],"pa_versionname":[{"value":36,"label":"01"}]},"featured_image_src_large":["https:\/\/edizionicarrara.it\/wp-content\/uploads\/nc\/images\/180-250-fix\/5222b862-0f68-4e3f-ac8a-46d8bd14b55d.jpeg",171,250,false],"author_info":[],"comment_info":"","_links":{"self":[{"href":"https:\/\/edizionicarrara.it\/en\/wp-json\/wp\/v2\/product\/1367","targetHints":{"allow":["GET"]}}],"collection":[{"href":"https:\/\/edizionicarrara.it\/en\/wp-json\/wp\/v2\/product"}],"about":[{"href":"https:\/\/edizionicarrara.it\/en\/wp-json\/wp\/v2\/types\/product"}],"wp:featuredmedia":[{"embeddable":true,"href":"https:\/\/edizionicarrara.it\/en\/wp-json\/wp\/v2\/media\/1368"}],"wp:attachment":[{"href":"https:\/\/edizionicarrara.it\/en\/wp-json\/wp\/v2\/media?parent=1367"}],"wp:term":[{"taxonomy":"product_brand","embeddable":true,"href":"https:\/\/edizionicarrara.it\/en\/wp-json\/wp\/v2\/product_brand?post=1367"},{"taxonomy":"product_cat","embeddable":true,"href":"https:\/\/edizionicarrara.it\/en\/wp-json\/wp\/v2\/product_cat?post=1367"},{"taxonomy":"product_tag","embeddable":true,"href":"https:\/\/edizionicarrara.it\/en\/wp-json\/wp\/v2\/product_tag?post=1367"}],"curies":[{"name":"wp","href":"https:\/\/api.w.org\/{rel}","templated":true}]}}