{"id":1418,"date":"1970-01-01T00:00:00","date_gmt":"1970-01-01T00:00:00","guid":{"rendered":"http:\/\/edizionicarrara.it\/?product=sacred-music"},"modified":"2025-03-20T11:52:54","modified_gmt":"2025-03-20T11:52:54","slug":"sacred-music","status":"publish","type":"product","link":"https:\/\/edizionicarrara.it\/en\/cd\/sacred-music\/","title":{"rendered":"Sacred Music"},"content":{"rendered":"<p>Armonie e melodie di un musicista italiano tra i pi\u00f9 apprezzati che, con la Messa di Natale, riesce ad accomunare sensibilit\u00e0 diverse a candida musicalit\u00e0.<\/p>\n","protected":false},"excerpt":{"rendered":"<p>Sacred Music per soli, coro e organo<\/p>\n","protected":false},"featured_media":1419,"template":"","meta":{"_kad_blocks_custom_css":"","_kad_blocks_head_custom_js":"","_kad_blocks_body_custom_js":"","_kad_blocks_footer_custom_js":"","_kadence_starter_templates_imported_post":false,"_kad_post_transparent":"","_kad_post_title":"","_kad_post_layout":"","_kad_post_sidebar_id":"","_kad_post_content_style":"","_kad_post_vertical_padding":"","_kad_post_feature":"","_kad_post_feature_position":"","_kad_post_header":false,"_kad_post_footer":false,"_kad_post_classname":""},"product_brand":[],"product_cat":[22],"product_tag":[],"class_list":{"0":"post-1418","1":"product","2":"type-product","3":"status-publish","4":"has-post-thumbnail","6":"product_cat-cd","7":"pa_authorname-hazon-roberto-1930-2006","8":"pa_codeedition-cdec112","9":"pa_codeismn-m-2157-9112-3","10":"pa_contents-1-hazon-roberto-messa-di-natale2-hazon-roberto-cinque-adagi-per-organo3-hazon-roberto-tre-canti-spirituali","11":"pa_editor-carrara","12":"pa_genres-organovocale","13":"pa_publishyear-1123","14":"pa_versionculture-global","15":"pa_versionname-36","16":"post","18":"first","19":"outofstock","20":"shipping-taxable","21":"purchasable","22":"product-type-simple","23":"entry","24":"content-bg","25":"loop-entry"},"taxonomy_info":{"product_cat":[{"value":22,"label":"CD"}],"pa_authorname":[{"value":946,"label":"HAZON Roberto (1930-2006)"}],"pa_codeedition":[{"value":2657,"label":"CDEC112"}],"pa_codeismn":[{"value":2658,"label":"M-2157-9112-3"}],"pa_contents":[{"value":2659,"label":"1: HAZON Roberto - Messa di Natale<br \/>\r\n2: HAZON Roberto - Cinque Adagi per organo<br \/>\r\n3: HAZON Roberto - Tre Canti spirituali<br \/>\r\n"}],"pa_editor":[{"value":28,"label":"Carrara"}],"pa_genres":[{"value":2492,"label":"Organo,Vocale"}],"pa_publishyear":[{"value":1123,"label":"1997"}],"pa_versionculture":[{"value":37,"label":"Global"}],"pa_versionname":[{"value":36,"label":"01"}]},"featured_image_src_large":["https:\/\/edizionicarrara.it\/wp-content\/uploads\/nc\/images\/180-250-fix\/2698.jpeg",180,180,false],"author_info":[],"comment_info":"","_links":{"self":[{"href":"https:\/\/edizionicarrara.it\/en\/wp-json\/wp\/v2\/product\/1418","targetHints":{"allow":["GET"]}}],"collection":[{"href":"https:\/\/edizionicarrara.it\/en\/wp-json\/wp\/v2\/product"}],"about":[{"href":"https:\/\/edizionicarrara.it\/en\/wp-json\/wp\/v2\/types\/product"}],"wp:featuredmedia":[{"embeddable":true,"href":"https:\/\/edizionicarrara.it\/en\/wp-json\/wp\/v2\/media\/1419"}],"wp:attachment":[{"href":"https:\/\/edizionicarrara.it\/en\/wp-json\/wp\/v2\/media?parent=1418"}],"wp:term":[{"taxonomy":"product_brand","embeddable":true,"href":"https:\/\/edizionicarrara.it\/en\/wp-json\/wp\/v2\/product_brand?post=1418"},{"taxonomy":"product_cat","embeddable":true,"href":"https:\/\/edizionicarrara.it\/en\/wp-json\/wp\/v2\/product_cat?post=1418"},{"taxonomy":"product_tag","embeddable":true,"href":"https:\/\/edizionicarrara.it\/en\/wp-json\/wp\/v2\/product_tag?post=1418"}],"curies":[{"name":"wp","href":"https:\/\/api.w.org\/{rel}","templated":true}]}}