{"id":1423,"date":"1970-01-01T00:00:00","date_gmt":"1970-01-01T00:00:00","guid":{"rendered":"http:\/\/edizionicarrara.it\/?product=ricette-in-partitura"},"modified":"1970-01-01T00:00:00","modified_gmt":"1970-01-01T00:00:00","slug":"ricette-in-partitura","status":"publish","type":"product","link":"https:\/\/edizionicarrara.it\/en\/book\/ricette-in-partitura\/","title":{"rendered":"Ricette in Partitura"},"content":{"rendered":"<div>&#8230;la cucina \u00e8 diventata un modo per incontrare gli amici, dall\u2019angusto salotto di casa dei miei genitori, al pi\u00f9 grande salone di casa mia, allo spazioso cortile friulano in cui si ritrovano oltre venti persone per impegnative grigliate (enon solo) da primavera ad autunno. La cucina si \u00e8 cos\u00ec trasformata in una passione sempre pi\u00f9 avvolgente e coinvolgente &#8230;poi una prassi vera e propria, se si considera anche il tenere un diario dei men\u00f9 degli amici, un archivio di pranzi e cene in cui memorizzare i momenti felici, gli incontri, le occasioni, i compleanni, &#8230;attraverso il ricordo di quanto preparato e \u00abconsumato\u00bb in compagnia, il tutto sempre condito da una sonata al pianoforte, da una romanza composta per l\u2019occasione, da un CD che in sottofondo intona il suo flusso sonoro&#8230;<\/div>\n","protected":false},"excerpt":{"rendered":"<p>Piatti, vini, aneddoti, musiche e storie vissute in cucina<\/p>\n","protected":false},"featured_media":1424,"template":"","meta":{"_kad_blocks_custom_css":"","_kad_blocks_head_custom_js":"","_kad_blocks_body_custom_js":"","_kad_blocks_footer_custom_js":"","_kadence_starter_templates_imported_post":false,"_kad_post_transparent":"","_kad_post_title":"","_kad_post_layout":"","_kad_post_sidebar_id":"","_kad_post_content_style":"","_kad_post_vertical_padding":"","_kad_post_feature":"","_kad_post_feature_position":"","_kad_post_header":false,"_kad_post_footer":false,"_kad_post_classname":""},"product_brand":[],"product_cat":[23],"product_tag":[],"class_list":{"0":"post-1423","1":"product","2":"type-product","3":"status-publish","4":"has-post-thumbnail","6":"product_cat-book","7":"pa_authorname-rossi-marco","8":"pa_codeedition-ec4992","9":"pa_codeismn-m-2157-4992-4","10":"pa_editor-carrara","11":"pa_genres-saggi","12":"pa_pages-2464","13":"pa_publishyear-30","14":"pa_series-pocket-carrara","15":"pa_versionculture-global","16":"pa_versionname-36","17":"post","19":"first","20":"instock","21":"shipping-taxable","22":"purchasable","23":"product-type-simple","24":"entry","25":"content-bg","26":"loop-entry"},"taxonomy_info":{"product_cat":[{"value":23,"label":"Libri"}],"pa_authorname":[{"value":2666,"label":"ROSSI Marco"}],"pa_codeedition":[{"value":2668,"label":"EC4992"}],"pa_codeismn":[{"value":2669,"label":"M-2157-4992-4"}],"pa_editor":[{"value":28,"label":"Carrara"}],"pa_genres":[{"value":2451,"label":"Saggi"}],"pa_pages":[{"value":2464,"label":"368"}],"pa_publishyear":[{"value":30,"label":"2007"}],"pa_series":[{"value":2667,"label":"Pocket Carrara"}],"pa_versionculture":[{"value":37,"label":"Global"}],"pa_versionname":[{"value":36,"label":"01"}]},"featured_image_src_large":["https:\/\/edizionicarrara.it\/wp-content\/uploads\/nc\/images\/180-250-fix\/2737.jpeg",170,250,false],"author_info":[],"comment_info":"","_links":{"self":[{"href":"https:\/\/edizionicarrara.it\/en\/wp-json\/wp\/v2\/product\/1423","targetHints":{"allow":["GET"]}}],"collection":[{"href":"https:\/\/edizionicarrara.it\/en\/wp-json\/wp\/v2\/product"}],"about":[{"href":"https:\/\/edizionicarrara.it\/en\/wp-json\/wp\/v2\/types\/product"}],"wp:featuredmedia":[{"embeddable":true,"href":"https:\/\/edizionicarrara.it\/en\/wp-json\/wp\/v2\/media\/1424"}],"wp:attachment":[{"href":"https:\/\/edizionicarrara.it\/en\/wp-json\/wp\/v2\/media?parent=1423"}],"wp:term":[{"taxonomy":"product_brand","embeddable":true,"href":"https:\/\/edizionicarrara.it\/en\/wp-json\/wp\/v2\/product_brand?post=1423"},{"taxonomy":"product_cat","embeddable":true,"href":"https:\/\/edizionicarrara.it\/en\/wp-json\/wp\/v2\/product_cat?post=1423"},{"taxonomy":"product_tag","embeddable":true,"href":"https:\/\/edizionicarrara.it\/en\/wp-json\/wp\/v2\/product_tag?post=1423"}],"curies":[{"name":"wp","href":"https:\/\/api.w.org\/{rel}","templated":true}]}}