{"id":1443,"date":"1970-01-01T00:00:00","date_gmt":"1970-01-01T00:00:00","guid":{"rendered":"http:\/\/edizionicarrara.it\/?product=messa-italiana"},"modified":"1970-01-01T00:00:00","modified_gmt":"1970-01-01T00:00:00","slug":"messa-italiana","status":"publish","type":"product","link":"https:\/\/edizionicarrara.it\/en\/score\/messa-italiana\/","title":{"rendered":"Messa Italiana"},"content":{"rendered":"<p>Alcune parti sono di disarmante semplicit\u00e0. Bello il Santo per sola assemblea e l\u2019Agnello di Dio costruito su una composta nettezza accordale. Alla prima lettura del Signore Piet\u00e0 apparir\u00e0 chiaro il dettato profondo e sincero di uno dei pi\u00f9 grandi compositori italiani del \u2018900<\/p>\n","protected":false},"excerpt":{"rendered":"<p>per Coro a 2 voci eguali con organo<\/p>\n","protected":false},"featured_media":1444,"template":"","meta":{"_kad_blocks_custom_css":"","_kad_blocks_head_custom_js":"","_kad_blocks_body_custom_js":"","_kad_blocks_footer_custom_js":"","_kadence_starter_templates_imported_post":false,"_kad_post_transparent":"","_kad_post_title":"","_kad_post_layout":"","_kad_post_sidebar_id":"","_kad_post_content_style":"","_kad_post_vertical_padding":"","_kad_post_feature":"","_kad_post_feature_position":"","_kad_post_header":false,"_kad_post_footer":false,"_kad_post_classname":""},"product_brand":[],"product_cat":[20],"product_tag":[],"class_list":{"0":"post-1443","1":"product","2":"type-product","3":"status-publish","4":"has-post-thumbnail","6":"product_cat-score","7":"pa_authorname-bettinelli-bruno-1913-2004","8":"pa_codeedition-ec2898","9":"pa_codeismn-m-2157-2898-1","10":"pa_contents-1-invocazione-a-cristo-signore-pieta2-inno-di-lode-gloria-a-dio3-professione-di-fede-credo4-canto-di-acclamazione-santo5-agnello-di-dio","11":"pa_editor-carrara","12":"pa_genres-vocale-a-2-v-org","13":"pa_pages-54","14":"pa_publishyear-2702","15":"pa_subgenres-sacra-liturgica","16":"pa_versionculture-global","17":"pa_versionname-36","18":"post","20":"first","21":"instock","22":"shipping-taxable","23":"purchasable","24":"product-type-simple","25":"entry","26":"content-bg","27":"loop-entry"},"taxonomy_info":{"product_cat":[{"value":20,"label":"Partiture"}],"pa_authorname":[{"value":709,"label":"BETTINELLI Bruno (1913-2004)"}],"pa_codeedition":[{"value":2703,"label":"EC2898"}],"pa_codeismn":[{"value":2704,"label":"M-2157-2898-1"}],"pa_contents":[{"value":2705,"label":"1: INVOCAZIONE A CRISTO (<i>Signore Piet\u00e0<\/i>)<br \/>\r\n2: INNO DI LODE (<i>Gloria a Dio<\/i>)<br \/>\r\n3: PROFESSIONE DI FEDE (<i>Credo<\/i>)<br \/>\r\n4: CANTO DI ACCLAMAZIONE (<i>Santo<\/i>)<br \/>\r\n5: AGNELL"}],"pa_editor":[{"value":28,"label":"Carrara"}],"pa_genres":[{"value":868,"label":"Vocale a 2 v. - Org."}],"pa_pages":[{"value":54,"label":"20"}],"pa_publishyear":[{"value":2702,"label":"1967"}],"pa_subgenres":[{"value":72,"label":"Sacra Liturgica"}],"pa_versionculture":[{"value":37,"label":"Global"}],"pa_versionname":[{"value":36,"label":"01"}]},"featured_image_src_large":["https:\/\/edizionicarrara.it\/wp-content\/uploads\/nc\/images\/180-250-fix\/2889.jpeg",138,198,false],"author_info":[],"comment_info":"","_links":{"self":[{"href":"https:\/\/edizionicarrara.it\/en\/wp-json\/wp\/v2\/product\/1443","targetHints":{"allow":["GET"]}}],"collection":[{"href":"https:\/\/edizionicarrara.it\/en\/wp-json\/wp\/v2\/product"}],"about":[{"href":"https:\/\/edizionicarrara.it\/en\/wp-json\/wp\/v2\/types\/product"}],"wp:featuredmedia":[{"embeddable":true,"href":"https:\/\/edizionicarrara.it\/en\/wp-json\/wp\/v2\/media\/1444"}],"wp:attachment":[{"href":"https:\/\/edizionicarrara.it\/en\/wp-json\/wp\/v2\/media?parent=1443"}],"wp:term":[{"taxonomy":"product_brand","embeddable":true,"href":"https:\/\/edizionicarrara.it\/en\/wp-json\/wp\/v2\/product_brand?post=1443"},{"taxonomy":"product_cat","embeddable":true,"href":"https:\/\/edizionicarrara.it\/en\/wp-json\/wp\/v2\/product_cat?post=1443"},{"taxonomy":"product_tag","embeddable":true,"href":"https:\/\/edizionicarrara.it\/en\/wp-json\/wp\/v2\/product_tag?post=1443"}],"curies":[{"name":"wp","href":"https:\/\/api.w.org\/{rel}","templated":true}]}}