{"id":1578,"date":"1970-01-01T00:00:00","date_gmt":"1970-01-01T00:00:00","guid":{"rendered":"http:\/\/edizionicarrara.it\/?product=pastorali-per-organo"},"modified":"1970-01-01T00:00:00","modified_gmt":"1970-01-01T00:00:00","slug":"pastorali-per-organo-1","status":"publish","type":"product","link":"https:\/\/edizionicarrara.it\/en\/score\/pastorali-per-organo-1\/","title":{"rendered":"Pastorali per Organo"},"content":{"rendered":"<div>14 composizioni organistiche dedicate alla pi\u00f9 classica forma italiana per il Natale. Compositori italiani nella pi\u00f9 tradizionale melodicit\u00e0 e chiarezza.<\/div>\n","protected":false},"excerpt":{"rendered":"<p>14 opere per organo<\/p>\n","protected":false},"featured_media":1579,"template":"","meta":{"_kad_blocks_custom_css":"","_kad_blocks_head_custom_js":"","_kad_blocks_body_custom_js":"","_kad_blocks_footer_custom_js":"","_kadence_starter_templates_imported_post":false,"_kad_post_transparent":"","_kad_post_title":"","_kad_post_layout":"","_kad_post_sidebar_id":"","_kad_post_content_style":"","_kad_post_vertical_padding":"","_kad_post_feature":"","_kad_post_feature_position":"","_kad_post_header":false,"_kad_post_footer":false,"_kad_post_classname":""},"product_brand":[],"product_cat":[20],"product_tag":[],"class_list":{"0":"post-1578","1":"product","2":"type-product","3":"status-publish","4":"has-post-thumbnail","6":"product_cat-score","7":"pa_authorname-aavv","8":"pa_codeedition-ec4711","9":"pa_codeismn-2945","10":"pa_contents-quattro-pastorali-per-organo-di-bracaglia-fabio01-ltigttu-scendi-dalle-stelleltigt02-ltigtpiccola-pastorale-in-laltigt03-ltigtpastorale-in-faltigt04-ltigtgioia-pastoraleltigt05-adeste-fi","11":"pa_editor-carrara","12":"pa_genres-organo-raccolte-contemporanei","13":"pa_pages-119","14":"pa_publishyear-428","15":"pa_series-christmas-collection","16":"pa_versionculture-global","17":"pa_versionname-36","18":"post","20":"first","21":"instock","22":"shipping-taxable","23":"purchasable","24":"product-type-simple","25":"entry","26":"content-bg","27":"loop-entry"},"taxonomy_info":{"product_cat":[{"value":20,"label":"Partiture"}],"pa_authorname":[{"value":118,"label":"AA.VV."}],"pa_codeedition":[{"value":2944,"label":"EC4711"}],"pa_codeismn":[{"value":2945,"label":"9790215747111"}],"pa_contents":[{"value":2946,"label":"<div><strong>Quattro Pastorali per organo, <\/strong>di Bracaglia Fabio<br\/>\r\n01. &lt;i&gt;Tu scendi dalle stelle&lt;\/i&gt;<br\/>\r\n02. &lt;i&gt;Piccola pastorale in La&lt;\/i&gt;<br\/>\r\n03. &lt;i&gt;Pasto"}],"pa_editor":[{"value":28,"label":"Carrara"}],"pa_genres":[{"value":2264,"label":"Organo Raccolte Contemporanei"}],"pa_pages":[{"value":119,"label":"32"}],"pa_publishyear":[{"value":428,"label":"2004"}],"pa_series":[{"value":1815,"label":"Christmas Collection"}],"pa_versionculture":[{"value":37,"label":"Global"}],"pa_versionname":[{"value":36,"label":"01"}]},"featured_image_src_large":["https:\/\/edizionicarrara.it\/wp-content\/uploads\/nc\/images\/180-250-fix\/ece6ec53-1ccb-49ed-977e-91f100cdd91a.jpeg",172,250,false],"author_info":[],"comment_info":"","_links":{"self":[{"href":"https:\/\/edizionicarrara.it\/en\/wp-json\/wp\/v2\/product\/1578","targetHints":{"allow":["GET"]}}],"collection":[{"href":"https:\/\/edizionicarrara.it\/en\/wp-json\/wp\/v2\/product"}],"about":[{"href":"https:\/\/edizionicarrara.it\/en\/wp-json\/wp\/v2\/types\/product"}],"wp:featuredmedia":[{"embeddable":true,"href":"https:\/\/edizionicarrara.it\/en\/wp-json\/wp\/v2\/media\/1579"}],"wp:attachment":[{"href":"https:\/\/edizionicarrara.it\/en\/wp-json\/wp\/v2\/media?parent=1578"}],"wp:term":[{"taxonomy":"product_brand","embeddable":true,"href":"https:\/\/edizionicarrara.it\/en\/wp-json\/wp\/v2\/product_brand?post=1578"},{"taxonomy":"product_cat","embeddable":true,"href":"https:\/\/edizionicarrara.it\/en\/wp-json\/wp\/v2\/product_cat?post=1578"},{"taxonomy":"product_tag","embeddable":true,"href":"https:\/\/edizionicarrara.it\/en\/wp-json\/wp\/v2\/product_tag?post=1578"}],"curies":[{"name":"wp","href":"https:\/\/api.w.org\/{rel}","templated":true}]}}