{"id":1628,"date":"1970-01-01T00:00:00","date_gmt":"1970-01-01T00:00:00","guid":{"rendered":"http:\/\/edizionicarrara.it\/?product=book-3-i-legati"},"modified":"1970-01-01T00:00:00","modified_gmt":"1970-01-01T00:00:00","slug":"book-3-i-legati","status":"publish","type":"product","link":"https:\/\/edizionicarrara.it\/en\/didactics\/book-3-i-legati\/","title":{"rendered":"Book 3 &#8211; I Legati"},"content":{"rendered":"<p>Terzo di cinque volumi teorici della nuova collana &#8220;The art of the guitar&#8221; che si presenta come la prima &#8220;metodologia strutturata e progressiva&#8221; dedicata allo studio della chitarra. Il progetto prevede, oltre ai cinque volumi teorici, tre serie di proposte di studi suddivisi in quattro livelli di difficolt\u00e0 comprendenti il &#8220;Repertorio&#8221;, &#8220;l&#8217;Ensemble&#8221; e il &#8220;Latino-americano&#8221; nonch\u00e8 un libro di base, un libro per gli approfondimenti e una serie, per i pi\u00f9 esperti, di opere classiche e contemporanee.<\/p>\n","protected":false},"excerpt":{"rendered":"<p>TEORIA &#8211; Metodologia strutturata e progressiva per lo studio della chitarra<\/p>\n","protected":false},"featured_media":1629,"template":"","meta":{"_kad_blocks_custom_css":"","_kad_blocks_head_custom_js":"","_kad_blocks_body_custom_js":"","_kad_blocks_footer_custom_js":"","_kadence_starter_templates_imported_post":false,"_kad_post_transparent":"","_kad_post_title":"","_kad_post_layout":"","_kad_post_sidebar_id":"","_kad_post_content_style":"","_kad_post_vertical_padding":"","_kad_post_feature":"","_kad_post_feature_position":"","_kad_post_header":false,"_kad_post_footer":false,"_kad_post_classname":""},"product_brand":[],"product_cat":[21],"product_tag":[],"class_list":{"0":"post-1628","1":"product","2":"type-product","3":"status-publish","4":"has-post-thumbnail","6":"product_cat-didactics","7":"pa_authorname-vinicius-marcos","8":"pa_codeedition-ec4965","9":"pa_codeismn-m-2157-4965-8","10":"pa_contents-struttura-della-metodologia-libro-di-base-per-i-piu-piccoli-la-tecnica-coscente-libro-degli-approfondimenti-la-teoria-in-5-volumi-le-scale-gli-arpeggi-i-legati-gli-accordi-i-salti","11":"pa_editor-carrara","12":"pa_genres-chitarra","13":"pa_pages-882","14":"pa_publishyear-3023","15":"pa_series-the-art-of-the-guitar","16":"pa_versionculture-global","17":"pa_versionname-36","18":"post","20":"first","21":"instock","22":"shipping-taxable","23":"purchasable","24":"product-type-simple","25":"entry","26":"content-bg","27":"loop-entry"},"taxonomy_info":{"product_cat":[{"value":21,"label":"Didattica"}],"pa_authorname":[{"value":38,"label":"VINICIUS Marcos"}],"pa_codeedition":[{"value":3030,"label":"EC4965"}],"pa_codeismn":[{"value":3031,"label":"M-2157-4965-8"}],"pa_contents":[{"value":3029,"label":"<strong>STRUTTURA DELLA METODOLOGIA<\/strong><br \/>\r\n- <i><strong>Libro di base<\/strong><\/i> (per i pi\u00f9 piccoli)<br \/>\r\n- <i><strong>La Tecnica Coscente<\/strong><\/i> (Libro degli approfondimenti)<br \/>"}],"pa_editor":[{"value":28,"label":"Carrara"}],"pa_genres":[{"value":43,"label":"Chitarra"}],"pa_pages":[{"value":882,"label":"56"}],"pa_publishyear":[{"value":3023,"label":"2008"}],"pa_series":[{"value":2542,"label":"The Art of the Guitar"}],"pa_versionculture":[{"value":37,"label":"Global"}],"pa_versionname":[{"value":36,"label":"01"}]},"featured_image_src_large":["https:\/\/edizionicarrara.it\/wp-content\/uploads\/nc\/images\/180-250-fix\/4283.jpeg",174,250,false],"author_info":[],"comment_info":"","_links":{"self":[{"href":"https:\/\/edizionicarrara.it\/en\/wp-json\/wp\/v2\/product\/1628","targetHints":{"allow":["GET"]}}],"collection":[{"href":"https:\/\/edizionicarrara.it\/en\/wp-json\/wp\/v2\/product"}],"about":[{"href":"https:\/\/edizionicarrara.it\/en\/wp-json\/wp\/v2\/types\/product"}],"wp:featuredmedia":[{"embeddable":true,"href":"https:\/\/edizionicarrara.it\/en\/wp-json\/wp\/v2\/media\/1629"}],"wp:attachment":[{"href":"https:\/\/edizionicarrara.it\/en\/wp-json\/wp\/v2\/media?parent=1628"}],"wp:term":[{"taxonomy":"product_brand","embeddable":true,"href":"https:\/\/edizionicarrara.it\/en\/wp-json\/wp\/v2\/product_brand?post=1628"},{"taxonomy":"product_cat","embeddable":true,"href":"https:\/\/edizionicarrara.it\/en\/wp-json\/wp\/v2\/product_cat?post=1628"},{"taxonomy":"product_tag","embeddable":true,"href":"https:\/\/edizionicarrara.it\/en\/wp-json\/wp\/v2\/product_tag?post=1628"}],"curies":[{"name":"wp","href":"https:\/\/api.w.org\/{rel}","templated":true}]}}