{"id":165,"date":"1970-01-01T00:00:00","date_gmt":"1970-01-01T00:00:00","guid":{"rendered":"http:\/\/edizionicarrara.it\/?product=un-ballo-in-maschera"},"modified":"1970-01-01T00:00:00","modified_gmt":"1970-01-01T00:00:00","slug":"un-ballo-in-maschera","status":"publish","type":"product","link":"https:\/\/edizionicarrara.it\/en\/score\/un-ballo-in-maschera\/","title":{"rendered":"Un Ballo in Maschera"},"content":{"rendered":"<p>Pregevolissima trascrizione per organo di Carlo Fumagalli nel pi\u00f9 tipico stile musicale dell&#8217;epoca che basava i suoi presupposti nella teatralit\u00e0 e melodrammaticit\u00e0 della musica organistica e che vide come caposaldo epocale Padre Davide da Bergamo al seco<\/p>\n","protected":false},"excerpt":{"rendered":"<p>5 Pezzi dell&#8217;opera ridotti e variati<\/p>\n","protected":false},"featured_media":0,"template":"","meta":{"_kad_blocks_custom_css":"","_kad_blocks_head_custom_js":"","_kad_blocks_body_custom_js":"","_kad_blocks_footer_custom_js":"","_kadence_starter_templates_imported_post":false,"_kad_post_transparent":"","_kad_post_title":"","_kad_post_layout":"","_kad_post_sidebar_id":"","_kad_post_content_style":"","_kad_post_vertical_padding":"","_kad_post_feature":"","_kad_post_feature_position":"","_kad_post_header":false,"_kad_post_footer":false,"_kad_post_classname":""},"product_brand":[],"product_cat":[20],"product_tag":[],"class_list":{"0":"post-165","1":"product","2":"type-product","3":"status-publish","5":"product_cat-score","6":"pa_authorname-verdi-giuseppe-1813-1901","7":"pa_codeedition-ec4781","8":"pa_codeismn-m-2157-4781-4","9":"pa_curator-fumagalli-pgenesi-mg","10":"pa_editor-carrara","11":"pa_genres-organo-monografie-romantico","12":"pa_pages-54","13":"pa_publishyear-279","14":"pa_series-organistica","15":"pa_versionculture-global","16":"pa_versionname-36","17":"post","19":"first","20":"instock","21":"shipping-taxable","22":"purchasable","23":"product-type-simple","24":"entry","25":"content-bg","26":"loop-entry"},"taxonomy_info":{"product_cat":[{"value":20,"label":"Partiture"}],"pa_authorname":[{"value":383,"label":"VERDI Giuseppe (1813-1901)"}],"pa_codeedition":[{"value":385,"label":"EC4781"}],"pa_codeismn":[{"value":386,"label":"M-2157-4781-4"}],"pa_curator":[{"value":384,"label":"Fumagalli P.\/Genesi M.G."}],"pa_editor":[{"value":28,"label":"Carrara"}],"pa_genres":[{"value":62,"label":"Organo Monografie Romantico"}],"pa_pages":[{"value":54,"label":"20"}],"pa_publishyear":[{"value":279,"label":"2005"}],"pa_series":[{"value":107,"label":"Organistica"}],"pa_versionculture":[{"value":37,"label":"Global"}],"pa_versionname":[{"value":36,"label":"01"}]},"featured_image_src_large":false,"author_info":[],"comment_info":"","_links":{"self":[{"href":"https:\/\/edizionicarrara.it\/en\/wp-json\/wp\/v2\/product\/165","targetHints":{"allow":["GET"]}}],"collection":[{"href":"https:\/\/edizionicarrara.it\/en\/wp-json\/wp\/v2\/product"}],"about":[{"href":"https:\/\/edizionicarrara.it\/en\/wp-json\/wp\/v2\/types\/product"}],"wp:attachment":[{"href":"https:\/\/edizionicarrara.it\/en\/wp-json\/wp\/v2\/media?parent=165"}],"wp:term":[{"taxonomy":"product_brand","embeddable":true,"href":"https:\/\/edizionicarrara.it\/en\/wp-json\/wp\/v2\/product_brand?post=165"},{"taxonomy":"product_cat","embeddable":true,"href":"https:\/\/edizionicarrara.it\/en\/wp-json\/wp\/v2\/product_cat?post=165"},{"taxonomy":"product_tag","embeddable":true,"href":"https:\/\/edizionicarrara.it\/en\/wp-json\/wp\/v2\/product_tag?post=165"}],"curies":[{"name":"wp","href":"https:\/\/api.w.org\/{rel}","templated":true}]}}