{"id":1685,"date":"1970-01-01T00:00:00","date_gmt":"1970-01-01T00:00:00","guid":{"rendered":"http:\/\/edizionicarrara.it\/?product=canta-impara-2"},"modified":"1970-01-01T00:00:00","modified_gmt":"1970-01-01T00:00:00","slug":"canta-impara-2","status":"publish","type":"product","link":"https:\/\/edizionicarrara.it\/en\/didactics\/canta-impara-2\/","title":{"rendered":"Canta &#038; impara 2"},"content":{"rendered":"<p>La presente collana rappresenta un interessante modello di raccolta di canti pensati per una corretta educazione musicale nella scuola: i  testi sono semplici ma non semplicistici, le melodie tengono conto sia della qualit\u00e0 musicale che delle esigenze della vocalit\u00e0 infantile, ed offrono agli insegnanti ulteriori spunti per attivit\u00e0 creative ed interdisciplinari.<\/p>\n","protected":false},"excerpt":{"rendered":"<p>Con CD &#8211; Raccolta di canzoni a 1 e 2 voci per la scuola materna ed elementare<\/p>\n","protected":false},"featured_media":1686,"template":"","meta":{"_kad_blocks_custom_css":"","_kad_blocks_head_custom_js":"","_kad_blocks_body_custom_js":"","_kad_blocks_footer_custom_js":"","_kadence_starter_templates_imported_post":false,"_kad_post_transparent":"","_kad_post_title":"","_kad_post_layout":"","_kad_post_sidebar_id":"","_kad_post_content_style":"","_kad_post_vertical_padding":"","_kad_post_feature":"","_kad_post_feature_position":"","_kad_post_header":false,"_kad_post_footer":false,"_kad_post_classname":""},"product_brand":[],"product_cat":[21],"product_tag":[],"class_list":{"0":"post-1685","1":"product","2":"type-product","3":"status-publish","4":"has-post-thumbnail","6":"product_cat-didactics","7":"pa_authorname-cappellari-andrea","8":"pa_codeedition-ec4740","9":"pa_codeismn-9-790215-73447401","10":"pa_contents-premessa-di-monego-francoelenco-dei-cantiuno-due-dieciil-temporalela-cartellafilastrocca-della-qil-girasolela-nevele-nuvolelalfabetolaquilonela-serail-carnevalele-tabelline","11":"pa_editor-carrara","12":"pa_genres-diddi-basevocale","13":"pa_pages-77","14":"pa_publishyear-3142","15":"pa_subgenres-profana","16":"pa_versionculture-global","17":"pa_versionname-36","18":"post","20":"first","21":"instock","22":"shipping-taxable","23":"purchasable","24":"product-type-simple","25":"entry","26":"content-bg","27":"loop-entry"},"taxonomy_info":{"product_cat":[{"value":21,"label":"Didattica"}],"pa_authorname":[{"value":3137,"label":"CAPPELLARI Andrea"}],"pa_codeedition":[{"value":3143,"label":"EC4740"}],"pa_codeismn":[{"value":3144,"label":"9 790215 73447401"}],"pa_contents":[{"value":3145,"label":"Premessa di Monego Franco<br \/>\r\nElenco dei canti:<br \/>\r\n<strong>Uno, due... dieci<br \/>\r\nIl temporale<br \/>\r\nLa cartella<br \/>\r\nFilastrocca della q<br \/>\r\nIl girasole<br \/>\r\nLa neve<br \/>\r\nLe nuvole"}],"pa_editor":[{"value":28,"label":"Carrara"}],"pa_genres":[{"value":3140,"label":"Did.di Base,Vocale"}],"pa_pages":[{"value":77,"label":"28"}],"pa_publishyear":[{"value":3142,"label":"4740"}],"pa_subgenres":[{"value":330,"label":"Profana"}],"pa_versionculture":[{"value":37,"label":"Global"}],"pa_versionname":[{"value":36,"label":"01"}]},"featured_image_src_large":["https:\/\/edizionicarrara.it\/wp-content\/uploads\/nc\/images\/180-250-fix\/5017.jpeg",171,250,false],"author_info":[],"comment_info":"","_links":{"self":[{"href":"https:\/\/edizionicarrara.it\/en\/wp-json\/wp\/v2\/product\/1685","targetHints":{"allow":["GET"]}}],"collection":[{"href":"https:\/\/edizionicarrara.it\/en\/wp-json\/wp\/v2\/product"}],"about":[{"href":"https:\/\/edizionicarrara.it\/en\/wp-json\/wp\/v2\/types\/product"}],"wp:featuredmedia":[{"embeddable":true,"href":"https:\/\/edizionicarrara.it\/en\/wp-json\/wp\/v2\/media\/1686"}],"wp:attachment":[{"href":"https:\/\/edizionicarrara.it\/en\/wp-json\/wp\/v2\/media?parent=1685"}],"wp:term":[{"taxonomy":"product_brand","embeddable":true,"href":"https:\/\/edizionicarrara.it\/en\/wp-json\/wp\/v2\/product_brand?post=1685"},{"taxonomy":"product_cat","embeddable":true,"href":"https:\/\/edizionicarrara.it\/en\/wp-json\/wp\/v2\/product_cat?post=1685"},{"taxonomy":"product_tag","embeddable":true,"href":"https:\/\/edizionicarrara.it\/en\/wp-json\/wp\/v2\/product_tag?post=1685"}],"curies":[{"name":"wp","href":"https:\/\/api.w.org\/{rel}","templated":true}]}}