{"id":1713,"date":"1970-01-01T00:00:00","date_gmt":"1970-01-01T00:00:00","guid":{"rendered":"http:\/\/edizionicarrara.it\/?product=il-libro-delle-acclamazioni"},"modified":"1970-01-01T00:00:00","modified_gmt":"1970-01-01T00:00:00","slug":"il-libro-delle-acclamazioni","status":"publish","type":"product","link":"https:\/\/edizionicarrara.it\/en\/score\/il-libro-delle-acclamazioni\/","title":{"rendered":"Il Libro delle Acclamazioni"},"content":{"rendered":"<p>L&#8217;acclamazione \u00e8 uno dei gesti importanti nella complessa ritualit\u00e0 cattolica. Sua caratteristica \u00e8 la concisione dei testi e la brevit\u00e0 scattante delle melodie, con il quale il popolo cristiano esprime, in determinati momenti liturgici, l&#8217;entusiasmo della propria fede. E&#8217; necessario quindi enunciarle con una melodia gioiosa e di immediata presa sui fedeli.<\/p>\n","protected":false},"excerpt":{"rendered":"<p>Acclamazioni per i vari momenti della liturgia<\/p>\n","protected":false},"featured_media":0,"template":"","meta":{"_kad_blocks_custom_css":"","_kad_blocks_head_custom_js":"","_kad_blocks_body_custom_js":"","_kad_blocks_footer_custom_js":"","_kadence_starter_templates_imported_post":false,"_kad_post_transparent":"","_kad_post_title":"","_kad_post_layout":"","_kad_post_sidebar_id":"","_kad_post_content_style":"","_kad_post_vertical_padding":"","_kad_post_feature":"","_kad_post_feature_position":"","_kad_post_header":false,"_kad_post_footer":false,"_kad_post_classname":""},"product_brand":[],"product_cat":[20],"product_tag":[],"class_list":{"0":"post-1713","1":"product","2":"type-product","3":"status-publish","5":"product_cat-score","6":"pa_authorname-donella-valentino-1937","7":"pa_codeedition-ec4578","8":"pa_codeismn-m-2157-4578-6","9":"pa_contents-1-acclamazione-al-vangeloa-acclamazione-alleluiatica-alleluia-26-proposte-per-assemblea-o-per-coro-a-piu-voci-e-per-i-vari-tempi-liturgicib-acclamazione-non-alleluiatica-per-la-quaresima","10":"pa_editor-carrara","11":"pa_genres-vocale-a-1-v-orgvocale-a-4-v-org","12":"pa_pages-389","13":"pa_publishyear-537","14":"pa_subgenres-sacra-liturgica","15":"pa_versionculture-global","16":"pa_versionname-36","17":"post","19":"first","20":"instock","21":"shipping-taxable","22":"purchasable","23":"product-type-simple","24":"entry","25":"content-bg","26":"loop-entry"},"taxonomy_info":{"product_cat":[{"value":20,"label":"Partiture"}],"pa_authorname":[{"value":733,"label":"DONELLA Valentino (1937)"}],"pa_codeedition":[{"value":3189,"label":"EC4578"}],"pa_codeismn":[{"value":3190,"label":"M-2157-4578-6"}],"pa_contents":[{"value":3191,"label":"<strong>1 - Acclamazione al Vangelo<\/strong><br \/>\r\nA - <i>Acclamazione alleluiatica <\/i><br \/>\r\n- Alleluia (26 proposte per Assemblea o per coro a pi\u00f9 voci e per i vari tempi liturgici)<br \/>\r\nB - <i"}],"pa_editor":[{"value":28,"label":"Carrara"}],"pa_genres":[{"value":2782,"label":"Vocale a 1 v. - Org.,Vocale a 4 v. - Org."}],"pa_pages":[{"value":389,"label":"72"}],"pa_publishyear":[{"value":537,"label":"2002"}],"pa_subgenres":[{"value":72,"label":"Sacra Liturgica"}],"pa_versionculture":[{"value":37,"label":"Global"}],"pa_versionname":[{"value":36,"label":"01"}]},"featured_image_src_large":false,"author_info":[],"comment_info":"","_links":{"self":[{"href":"https:\/\/edizionicarrara.it\/en\/wp-json\/wp\/v2\/product\/1713","targetHints":{"allow":["GET"]}}],"collection":[{"href":"https:\/\/edizionicarrara.it\/en\/wp-json\/wp\/v2\/product"}],"about":[{"href":"https:\/\/edizionicarrara.it\/en\/wp-json\/wp\/v2\/types\/product"}],"wp:attachment":[{"href":"https:\/\/edizionicarrara.it\/en\/wp-json\/wp\/v2\/media?parent=1713"}],"wp:term":[{"taxonomy":"product_brand","embeddable":true,"href":"https:\/\/edizionicarrara.it\/en\/wp-json\/wp\/v2\/product_brand?post=1713"},{"taxonomy":"product_cat","embeddable":true,"href":"https:\/\/edizionicarrara.it\/en\/wp-json\/wp\/v2\/product_cat?post=1713"},{"taxonomy":"product_tag","embeddable":true,"href":"https:\/\/edizionicarrara.it\/en\/wp-json\/wp\/v2\/product_tag?post=1713"}],"curies":[{"name":"wp","href":"https:\/\/api.w.org\/{rel}","templated":true}]}}