{"id":1752,"date":"1970-01-01T00:00:00","date_gmt":"1970-01-01T00:00:00","guid":{"rendered":"http:\/\/edizionicarrara.it\/?product=57-solfeggi-cantati-ii-fascicolo"},"modified":"2026-01-21T10:05:35","modified_gmt":"2026-01-21T10:05:35","slug":"57-solfeggi-cantati-ii-fascicolo","status":"publish","type":"product","link":"https:\/\/edizionicarrara.it\/en\/didactics\/57-solfeggi-cantati-ii-fascicolo\/","title":{"rendered":"57 Solfeggi cantati &#8211; II fascicolo"},"content":{"rendered":"<div>Solfeggi cantati di media difficolt\u00e0, modulanti, nelle tonalit\u00e0 fino a tre accidenti e a ritmo misto.<br \/>\nIn questo testo si \u00e8 dato priorit\u00e0 alla piacevolezza ed alla variet\u00e0 delle melodie; di conseguenza, vi \u00e8 una mancanza di stile unitario e scontate reminescenze di temi celebri.<\/div>\n","protected":false},"excerpt":{"rendered":"<p>Solfeggi di media difficolt\u00e0 manoscritti e senza accompagnamento.<\/p>\n","protected":false},"featured_media":9374,"template":"","meta":{"_kad_blocks_custom_css":"","_kad_blocks_head_custom_js":"","_kad_blocks_body_custom_js":"","_kad_blocks_footer_custom_js":"","_kadence_starter_templates_imported_post":false,"_kad_post_transparent":"default","_kad_post_title":"","_kad_post_layout":"default","_kad_post_sidebar_id":"","_kad_post_content_style":"default","_kad_post_vertical_padding":"default","_kad_post_feature":"","_kad_post_feature_position":"","_kad_post_header":false,"_kad_post_footer":false,"_kad_post_classname":""},"product_brand":[],"product_cat":[21],"product_tag":[],"class_list":{"0":"post-1752","1":"product","2":"type-product","3":"status-publish","4":"has-post-thumbnail","6":"product_cat-didactics","7":"pa_authorname-manzi-giuliano","8":"pa_codeedition-ec3527","9":"pa_codeismn-9-790215-735279","10":"pa_curator-manzi-giuliano","11":"pa_editor-carrara","12":"pa_genres-opere-teoretiche-solf-cant","13":"pa_pages-255","14":"pa_publishyear-1721","15":"pa_versionculture-global","16":"pa_versionname-36","17":"post","19":"first","20":"instock","21":"shipping-taxable","22":"purchasable","23":"product-type-simple","24":"entry","25":"content-bg","26":"loop-entry"},"taxonomy_info":{"product_cat":[{"value":21,"label":"Didattica"}],"pa_authorname":[{"value":457,"label":"MANZI Giuliano"}],"pa_codeedition":[{"value":3257,"label":"EC3527"}],"pa_codeismn":[{"value":3258,"label":"9 790215 735279"}],"pa_curator":[{"value":3240,"label":"Manzi Giuliano "}],"pa_editor":[{"value":28,"label":"Carrara"}],"pa_genres":[{"value":3253,"label":"Opere Teoretiche - Solf. Cant."}],"pa_pages":[{"value":255,"label":"64"}],"pa_publishyear":[{"value":1721,"label":"1978"}],"pa_versionculture":[{"value":37,"label":"Global"}],"pa_versionname":[{"value":36,"label":"01"}]},"featured_image_src_large":["https:\/\/edizionicarrara.it\/wp-content\/uploads\/1970\/01\/CAA3527-1024x709.jpg",1024,709,true],"author_info":[],"comment_info":"","_links":{"self":[{"href":"https:\/\/edizionicarrara.it\/en\/wp-json\/wp\/v2\/product\/1752","targetHints":{"allow":["GET"]}}],"collection":[{"href":"https:\/\/edizionicarrara.it\/en\/wp-json\/wp\/v2\/product"}],"about":[{"href":"https:\/\/edizionicarrara.it\/en\/wp-json\/wp\/v2\/types\/product"}],"wp:featuredmedia":[{"embeddable":true,"href":"https:\/\/edizionicarrara.it\/en\/wp-json\/wp\/v2\/media\/9374"}],"wp:attachment":[{"href":"https:\/\/edizionicarrara.it\/en\/wp-json\/wp\/v2\/media?parent=1752"}],"wp:term":[{"taxonomy":"product_brand","embeddable":true,"href":"https:\/\/edizionicarrara.it\/en\/wp-json\/wp\/v2\/product_brand?post=1752"},{"taxonomy":"product_cat","embeddable":true,"href":"https:\/\/edizionicarrara.it\/en\/wp-json\/wp\/v2\/product_cat?post=1752"},{"taxonomy":"product_tag","embeddable":true,"href":"https:\/\/edizionicarrara.it\/en\/wp-json\/wp\/v2\/product_tag?post=1752"}],"curies":[{"name":"wp","href":"https:\/\/api.w.org\/{rel}","templated":true}]}}