{"id":1773,"date":"1970-01-01T00:00:00","date_gmt":"1970-01-01T00:00:00","guid":{"rendered":"http:\/\/edizionicarrara.it\/?product=il-giovane-pianista-volume-i"},"modified":"2026-01-21T10:44:15","modified_gmt":"2026-01-21T10:44:15","slug":"il-giovane-pianista-volume-i","status":"publish","type":"product","link":"https:\/\/edizionicarrara.it\/en\/didactics\/il-giovane-pianista-volume-i\/","title":{"rendered":"Il Giovane Pianista &#8211; Volume I"},"content":{"rendered":"<div>Questo Metodo \u00e8 stato compilato per dare ai giovani un&#8217;occasione per avvicinarsi con facilit\u00e0 allo studio del pianoforte. Il materiale didattico, tanto quello originale come quello scelto tra le opere dei pi\u00f9 quotati autori, \u00e8 stato selezionato per offrire all&#8217;allievo la possibilit\u00e0 di raggiungere in breve tempo, ma adeguatamente, risultati efficacissimi.<br \/>\nIl Metodo \u00e8 completo e non ha quindi bisogno di altri libri ausiliari; \u00e8 facile perch\u00e8 procede per gradi con un sistema didattico ragionato e sperimentato; \u00e8 pratico perch\u00e8 il ritrovare riunite in un&#8217;unica opera tutte le varie componenti per uno studio accurato del pianoforte (Teoria, Esercizi, Studi e Sonatine) recher\u00e0 sia all&#8217;allievo che al docente un&#8217;evidente comodit\u00e0.<\/div>\n","protected":false},"excerpt":{"rendered":"<p>Metodo facile e completo per lo studio del pianoforte<\/p>\n","protected":false},"featured_media":9442,"template":"","meta":{"_kad_blocks_custom_css":"","_kad_blocks_head_custom_js":"","_kad_blocks_body_custom_js":"","_kad_blocks_footer_custom_js":"","_kadence_starter_templates_imported_post":false,"_kad_post_transparent":"default","_kad_post_title":"","_kad_post_layout":"default","_kad_post_sidebar_id":"","_kad_post_content_style":"default","_kad_post_vertical_padding":"default","_kad_post_feature":"","_kad_post_feature_position":"","_kad_post_header":false,"_kad_post_footer":false,"_kad_post_classname":""},"product_brand":[],"product_cat":[21],"product_tag":[],"class_list":{"0":"post-1773","1":"product","2":"type-product","3":"status-publish","4":"has-post-thumbnail","6":"product_cat-didactics","7":"pa_authorname-sala-aldo","8":"pa_codeedition-ec3591","9":"pa_codeismn-9-790215-735910","10":"pa_contents-parte-primateoria-musicalela-tastiera-e-il-nome-dei-tastile-note-e-il-rigoposizione-delle-note-sul-rigoposizione-delle-note-sulla-tastieraposizione-delle-mani-sulla-tastieraesercizi-di-g","11":"pa_editor-carrara","12":"pa_genres-pianoforte","13":"pa_pages-274","14":"pa_publishyear-1694","15":"pa_versionculture-global","16":"pa_versionname-36","17":"post","19":"first","20":"instock","21":"shipping-taxable","22":"purchasable","23":"product-type-simple","24":"entry","25":"content-bg","26":"loop-entry"},"taxonomy_info":{"product_cat":[{"value":21,"label":"Didattica"}],"pa_authorname":[{"value":2549,"label":"SALA Aldo"}],"pa_codeedition":[{"value":3316,"label":"EC3591"}],"pa_codeismn":[{"value":3317,"label":"9 790215 735910"}],"pa_contents":[{"value":3318,"label":"<div><strong>Parte Prima<br\/>\r\nTeoria Musicale<\/strong><br\/>\r\nLa tastiera e il nome dei tasti<br\/>\r\nLe note e il rigo<br\/>\r\nPosizione delle note sul rigo<br\/>\r\nPosizione delle note sulla tastiera<br\/>"}],"pa_editor":[{"value":28,"label":"Carrara"}],"pa_genres":[{"value":277,"label":"Pianoforte"}],"pa_pages":[{"value":274,"label":"100"}],"pa_publishyear":[{"value":1694,"label":"1981"}],"pa_versionculture":[{"value":37,"label":"Global"}],"pa_versionname":[{"value":36,"label":"01"}]},"featured_image_src_large":["https:\/\/edizionicarrara.it\/wp-content\/uploads\/1970\/01\/Immagine-2026-01-21-114910.jpg",662,971,false],"author_info":[],"comment_info":"","_links":{"self":[{"href":"https:\/\/edizionicarrara.it\/en\/wp-json\/wp\/v2\/product\/1773","targetHints":{"allow":["GET"]}}],"collection":[{"href":"https:\/\/edizionicarrara.it\/en\/wp-json\/wp\/v2\/product"}],"about":[{"href":"https:\/\/edizionicarrara.it\/en\/wp-json\/wp\/v2\/types\/product"}],"wp:featuredmedia":[{"embeddable":true,"href":"https:\/\/edizionicarrara.it\/en\/wp-json\/wp\/v2\/media\/9442"}],"wp:attachment":[{"href":"https:\/\/edizionicarrara.it\/en\/wp-json\/wp\/v2\/media?parent=1773"}],"wp:term":[{"taxonomy":"product_brand","embeddable":true,"href":"https:\/\/edizionicarrara.it\/en\/wp-json\/wp\/v2\/product_brand?post=1773"},{"taxonomy":"product_cat","embeddable":true,"href":"https:\/\/edizionicarrara.it\/en\/wp-json\/wp\/v2\/product_cat?post=1773"},{"taxonomy":"product_tag","embeddable":true,"href":"https:\/\/edizionicarrara.it\/en\/wp-json\/wp\/v2\/product_tag?post=1773"}],"curies":[{"name":"wp","href":"https:\/\/api.w.org\/{rel}","templated":true}]}}