{"id":1777,"date":"1970-01-01T00:00:00","date_gmt":"1970-01-01T00:00:00","guid":{"rendered":"http:\/\/edizionicarrara.it\/?product=il-giovane-pianista-volume-ii"},"modified":"2026-02-03T11:04:24","modified_gmt":"2026-02-03T11:04:24","slug":"il-giovane-pianista-volume-ii","status":"publish","type":"product","link":"https:\/\/edizionicarrara.it\/en\/didactics\/il-giovane-pianista-volume-ii\/","title":{"rendered":"Il Giovane Pianista &#8211; Volume II"},"content":{"rendered":"<p>Questo metodo \u00e8 stato compilato per dare ai giovani un&#8217;occasione per avvicinarsi allo studio del pianoforte.<br \/>\nIl materiale didattico, tanto quello originale come quello scelto tra le opere dei pi\u00f9 quotati musicisti, \u00e8 stato selezionato per offrire all&#8217;allievo la possibilit\u00e0 di raggiungere in breve tempo, ma adeguatamente, risultati efficacissimi.<br \/>\nIl metodo \u00e8 completo e non ha quindi bisogno di altri libri ausiliari; \u00e8 facile perch\u00e8 procede per gradi con un sistema didattico ragionato e sperimentato; \u00e8 pratico perch\u00e8 il trovare riunite in un&#8217; unica opera tutte le varie componenti per uno studio accurato<br \/>\ndel pianoforte (Teoria, Esercizi, Studi e Sonatine) recher\u00e0 sia all&#8217;allievo che al docente un&#8217;evidente comodit\u00e0.<\/p>\n","protected":false},"excerpt":{"rendered":"<p>Metodo facile e completo per lo studio del pianoforte<\/p>\n","protected":false},"featured_media":9181,"template":"","meta":{"_kad_blocks_custom_css":"","_kad_blocks_head_custom_js":"","_kad_blocks_body_custom_js":"","_kad_blocks_footer_custom_js":"","_kadence_starter_templates_imported_post":false,"_kad_post_transparent":"default","_kad_post_title":"","_kad_post_layout":"default","_kad_post_sidebar_id":"","_kad_post_content_style":"default","_kad_post_vertical_padding":"default","_kad_post_feature":"","_kad_post_feature_position":"","_kad_post_header":false,"_kad_post_footer":false,"_kad_post_classname":""},"product_brand":[],"product_cat":[21],"product_tag":[],"class_list":{"0":"post-1777","1":"product","2":"type-product","3":"status-publish","4":"has-post-thumbnail","6":"product_cat-didactics","7":"pa_authorname-sala-aldo","8":"pa_codeedition-ec3615","9":"pa_codeismn-9-790215-736150","10":"pa_contents-parte-primateoria-musicalelaccordoricerca-delle-tonalitaper-individuare-note-ed-accordiabbellimentieserciziper-la-verocita-delle-ditaper-le-terzeper-le-sesteper-le-seste-legatep","11":"pa_editor-carrara","12":"pa_genres-pianoforte","13":"pa_pages-1139","14":"pa_publishyear-1684","15":"pa_versionculture-global","16":"pa_versionname-36","17":"post","19":"first","20":"instock","21":"shipping-taxable","22":"purchasable","23":"product-type-simple","24":"entry","25":"content-bg","26":"loop-entry"},"taxonomy_info":{"product_cat":[{"value":21,"label":"Didattica"}],"pa_authorname":[{"value":2549,"label":"SALA Aldo"}],"pa_codeedition":[{"value":3324,"label":"EC3615"}],"pa_codeismn":[{"value":3325,"label":"9 790215 736150"}],"pa_contents":[{"value":3326,"label":"<strong>Parte Prima<br>\r\nTeoria Musicale<\/strong><br>\r\nL'accordo<br>\r\nRicerca delle tonalit\u00e0<br>\r\nPer individuare note ed accordi<br>\r\nAbbellimenti<br>\r\n<strong>Esercizi<\/strong><br>\r\nPer la verocit\u00e0 "}],"pa_editor":[{"value":28,"label":"Carrara"}],"pa_genres":[{"value":277,"label":"Pianoforte"}],"pa_pages":[{"value":1139,"label":"144"}],"pa_publishyear":[{"value":1684,"label":"1982"}],"pa_versionculture":[{"value":37,"label":"Global"}],"pa_versionname":[{"value":36,"label":"01"}]},"featured_image_src_large":["https:\/\/edizionicarrara.it\/wp-content\/uploads\/1970\/01\/Screenshot-2026-01-16-alle-12.16.45-693x1024.jpg",693,1024,true],"author_info":[],"comment_info":"","_links":{"self":[{"href":"https:\/\/edizionicarrara.it\/en\/wp-json\/wp\/v2\/product\/1777","targetHints":{"allow":["GET"]}}],"collection":[{"href":"https:\/\/edizionicarrara.it\/en\/wp-json\/wp\/v2\/product"}],"about":[{"href":"https:\/\/edizionicarrara.it\/en\/wp-json\/wp\/v2\/types\/product"}],"wp:featuredmedia":[{"embeddable":true,"href":"https:\/\/edizionicarrara.it\/en\/wp-json\/wp\/v2\/media\/9181"}],"wp:attachment":[{"href":"https:\/\/edizionicarrara.it\/en\/wp-json\/wp\/v2\/media?parent=1777"}],"wp:term":[{"taxonomy":"product_brand","embeddable":true,"href":"https:\/\/edizionicarrara.it\/en\/wp-json\/wp\/v2\/product_brand?post=1777"},{"taxonomy":"product_cat","embeddable":true,"href":"https:\/\/edizionicarrara.it\/en\/wp-json\/wp\/v2\/product_cat?post=1777"},{"taxonomy":"product_tag","embeddable":true,"href":"https:\/\/edizionicarrara.it\/en\/wp-json\/wp\/v2\/product_tag?post=1777"}],"curies":[{"name":"wp","href":"https:\/\/api.w.org\/{rel}","templated":true}]}}