{"id":1789,"date":"1970-01-01T00:00:00","date_gmt":"1970-01-01T00:00:00","guid":{"rendered":"http:\/\/edizionicarrara.it\/?product=teoria-musicale"},"modified":"2026-01-21T10:51:09","modified_gmt":"2026-01-21T10:51:09","slug":"teoria-musicale-1","status":"publish","type":"product","link":"https:\/\/edizionicarrara.it\/en\/didactics\/teoria-musicale-1\/","title":{"rendered":"Teoria Musicale"},"content":{"rendered":"<div>Questo libro ha il pregio di preparare l&#8217;allievo con gradualit\u00e0 alle difficolt\u00e0 della Teoria, dandogli la possibilit\u00e0 di approfondire al massimo ogni argomento senza fuorviarlo dalla linea dei programmi di esame.<\/div>\n","protected":false},"excerpt":{"rendered":"<p>Ad uso dei Conservatori ed Istituti Musicali<\/p>\n","protected":false},"featured_media":9463,"template":"","meta":{"_kad_blocks_custom_css":"","_kad_blocks_head_custom_js":"","_kad_blocks_body_custom_js":"","_kad_blocks_footer_custom_js":"","_kadence_starter_templates_imported_post":false,"_kad_post_transparent":"default","_kad_post_title":"","_kad_post_layout":"default","_kad_post_sidebar_id":"","_kad_post_content_style":"default","_kad_post_vertical_padding":"default","_kad_post_feature":"","_kad_post_feature_position":"","_kad_post_header":false,"_kad_post_footer":false,"_kad_post_classname":""},"product_brand":[],"product_cat":[21],"product_tag":[],"class_list":{"0":"post-1789","1":"product","2":"type-product","3":"status-publish","4":"has-post-thumbnail","6":"product_cat-didactics","7":"pa_authorname-finocchiaro-giovanni","8":"pa_codeedition-ec3579","9":"pa_codeismn-9-790215-735790","10":"pa_contents-teoria-gruppi-irregolariscaleabbellimentiarmoniatrasportoconcetti-di-acustica","11":"pa_editor-carrara","12":"pa_genres-opere-teoretiche-teorie","13":"pa_pages-389","14":"pa_publishyear-1704","15":"pa_versionculture-global","16":"pa_versionname-36","17":"post","19":"first","20":"instock","21":"shipping-taxable","22":"purchasable","23":"product-type-simple","24":"entry","25":"content-bg","26":"loop-entry"},"taxonomy_info":{"product_cat":[{"value":21,"label":"Didattica"}],"pa_authorname":[{"value":3346,"label":"FINOCCHIARO Giovanni"}],"pa_codeedition":[{"value":3347,"label":"EC3579"}],"pa_codeismn":[{"value":3348,"label":"9 790215 735790"}],"pa_contents":[{"value":3349,"label":"<div>\u00a0\r\n<div><strong>Teoria <\/strong>Gruppi irregolari<br\/>\r\nScale<br\/>\r\nAbbellimenti<br\/>\r\nArmonia<br\/>\r\nTrasporto<br\/>\r\nConcetti di acustica<\/div>\r\n<\/div>\r\n"}],"pa_editor":[{"value":28,"label":"Carrara"}],"pa_genres":[{"value":3076,"label":"Opere Teoretiche - Teorie"}],"pa_pages":[{"value":389,"label":"72"}],"pa_publishyear":[{"value":1704,"label":"1980"}],"pa_versionculture":[{"value":37,"label":"Global"}],"pa_versionname":[{"value":36,"label":"01"}]},"featured_image_src_large":["https:\/\/edizionicarrara.it\/wp-content\/uploads\/1970\/01\/CAA3579.jpg",670,981,false],"author_info":[],"comment_info":"","_links":{"self":[{"href":"https:\/\/edizionicarrara.it\/en\/wp-json\/wp\/v2\/product\/1789","targetHints":{"allow":["GET"]}}],"collection":[{"href":"https:\/\/edizionicarrara.it\/en\/wp-json\/wp\/v2\/product"}],"about":[{"href":"https:\/\/edizionicarrara.it\/en\/wp-json\/wp\/v2\/types\/product"}],"wp:featuredmedia":[{"embeddable":true,"href":"https:\/\/edizionicarrara.it\/en\/wp-json\/wp\/v2\/media\/9463"}],"wp:attachment":[{"href":"https:\/\/edizionicarrara.it\/en\/wp-json\/wp\/v2\/media?parent=1789"}],"wp:term":[{"taxonomy":"product_brand","embeddable":true,"href":"https:\/\/edizionicarrara.it\/en\/wp-json\/wp\/v2\/product_brand?post=1789"},{"taxonomy":"product_cat","embeddable":true,"href":"https:\/\/edizionicarrara.it\/en\/wp-json\/wp\/v2\/product_cat?post=1789"},{"taxonomy":"product_tag","embeddable":true,"href":"https:\/\/edizionicarrara.it\/en\/wp-json\/wp\/v2\/product_tag?post=1789"}],"curies":[{"name":"wp","href":"https:\/\/api.w.org\/{rel}","templated":true}]}}