{"id":179,"date":"1970-01-01T00:00:00","date_gmt":"1970-01-01T00:00:00","guid":{"rendered":"http:\/\/edizionicarrara.it\/?product=10-invenzioni-vol-2"},"modified":"1970-01-01T00:00:00","modified_gmt":"1970-01-01T00:00:00","slug":"10-invenzioni-vol-2","status":"publish","type":"product","link":"https:\/\/edizionicarrara.it\/en\/score\/10-invenzioni-vol-2\/","title":{"rendered":"10 Invenzioni &#8211; Vol. 2"},"content":{"rendered":"<p>Dieci proposte di servizio all&#8217;organista ma con una creativit\u00e0 libera, dove ad ogni tema \u00e8 associato uno stile appropriato che possa valorizzarlo. Ecco quindi un&#8217;antologia di grande variet\u00e0 stilistica in un susseguirsi di scrittura tradizionale, di stili.<\/p>\n","protected":false},"excerpt":{"rendered":"<p>per organo sui canti liturgici per la Liturgia e il Concerto<\/p>\n","protected":false},"featured_media":180,"template":"","meta":{"_kad_blocks_custom_css":"","_kad_blocks_head_custom_js":"","_kad_blocks_body_custom_js":"","_kad_blocks_footer_custom_js":"","_kadence_starter_templates_imported_post":false,"_kad_post_transparent":"","_kad_post_title":"","_kad_post_layout":"","_kad_post_sidebar_id":"","_kad_post_content_style":"","_kad_post_vertical_padding":"","_kad_post_feature":"","_kad_post_feature_position":"","_kad_post_header":false,"_kad_post_footer":false,"_kad_post_classname":""},"product_brand":[],"product_cat":[20],"product_tag":[],"class_list":{"0":"post-179","1":"product","2":"type-product","3":"status-publish","4":"has-post-thumbnail","6":"product_cat-score","7":"pa_authorname-rota-damiano-1969","8":"pa_codeedition-ec4771","9":"pa_codeismn-m-2157-4771-5","10":"pa_contents-1-christus-vincit-tema-variazioni-e-finale2-guarda-questa-offerta-fantasia3-chiesa-di-dio-fuga-a-due-parti4-giovane-donna-canzone5-se-tu-maccogli-canto-dato6-pane-del-cielo-cant","11":"pa_editor-carrara","12":"pa_genres-organo-monografie-contemporaneo","13":"pa_pages-419","14":"pa_publishyear-279","15":"pa_series-lorgano-nella-liturgia","16":"pa_versionculture-global","17":"pa_versionname-36","18":"post","20":"first","21":"instock","22":"shipping-taxable","23":"purchasable","24":"product-type-simple","25":"entry","26":"content-bg","27":"loop-entry"},"taxonomy_info":{"product_cat":[{"value":20,"label":"Partiture"}],"pa_authorname":[{"value":123,"label":"ROTA Damiano (1969)"}],"pa_codeedition":[{"value":420,"label":"EC4771"}],"pa_codeismn":[{"value":421,"label":"M-2157-4771-5"}],"pa_contents":[{"value":422,"label":"1. <strong>Christus vincit <\/strong>- Tema, variazioni e finale<br \/>\r\n2. <strong>Guarda questa offerta<\/strong> - Fantasia<br \/>\r\n3. <strong>Chiesa di Dio<\/strong> - Fuga a due parti<br \/>\r\n4. <stron"}],"pa_editor":[{"value":28,"label":"Carrara"}],"pa_genres":[{"value":126,"label":"Organo Monografie Contemporaneo"}],"pa_pages":[{"value":419,"label":"44"}],"pa_publishyear":[{"value":279,"label":"2005"}],"pa_series":[{"value":268,"label":"L'Organo nella Liturgia"}],"pa_versionculture":[{"value":37,"label":"Global"}],"pa_versionname":[{"value":36,"label":"01"}]},"featured_image_src_large":["https:\/\/edizionicarrara.it\/wp-content\/uploads\/nc\/images\/180-250-fix\/3373.jpeg",172,250,false],"author_info":[],"comment_info":"","_links":{"self":[{"href":"https:\/\/edizionicarrara.it\/en\/wp-json\/wp\/v2\/product\/179","targetHints":{"allow":["GET"]}}],"collection":[{"href":"https:\/\/edizionicarrara.it\/en\/wp-json\/wp\/v2\/product"}],"about":[{"href":"https:\/\/edizionicarrara.it\/en\/wp-json\/wp\/v2\/types\/product"}],"wp:featuredmedia":[{"embeddable":true,"href":"https:\/\/edizionicarrara.it\/en\/wp-json\/wp\/v2\/media\/180"}],"wp:attachment":[{"href":"https:\/\/edizionicarrara.it\/en\/wp-json\/wp\/v2\/media?parent=179"}],"wp:term":[{"taxonomy":"product_brand","embeddable":true,"href":"https:\/\/edizionicarrara.it\/en\/wp-json\/wp\/v2\/product_brand?post=179"},{"taxonomy":"product_cat","embeddable":true,"href":"https:\/\/edizionicarrara.it\/en\/wp-json\/wp\/v2\/product_cat?post=179"},{"taxonomy":"product_tag","embeddable":true,"href":"https:\/\/edizionicarrara.it\/en\/wp-json\/wp\/v2\/product_tag?post=179"}],"curies":[{"name":"wp","href":"https:\/\/api.w.org\/{rel}","templated":true}]}}