{"id":1854,"date":"1970-01-01T00:00:00","date_gmt":"1970-01-01T00:00:00","guid":{"rendered":"http:\/\/edizionicarrara.it\/?product=divertimenti"},"modified":"1970-01-01T00:00:00","modified_gmt":"1970-01-01T00:00:00","slug":"divertimenti","status":"publish","type":"product","link":"https:\/\/edizionicarrara.it\/en\/didactics\/divertimenti\/","title":{"rendered":"Divertimenti"},"content":{"rendered":"<p>I pregi didattici di questi brevi \u201cDivertimenti\u201d non sfuggiranno a quanti sentono la necessit\u00e0 di un rinnovamento nella scuola della tromba. Oggi, fortunatamente, il principio nuovo, ma antichissimo, di \u201cinsegnare divertendo\u201d, va soppiantandone altri che,<br \/>\n invocando una malintesa seriet\u00e0, lasciavano ben poco spazio al piacere di fare musica, soffocando spesso, in tal modo, le preziose energie dell\u2019entusiasmo.<br \/>\nL\u2019autore, cui non fa certamente difetto l\u2019esperienza didattica, ha raggiunto pienamente, con questo lavoro, lo scopo che si era prefisso: i temi sono facili, le tonalit\u00e0 sono le pi\u00f9 agevoli, la brevit\u00e0 dei singoli pezzi \u00e8 tale da non stancare il labbro del<br \/>\n giovane esecutore. Sono certo che gli studenti di tromba troveranno in queste pagine un piacevole incentivo allo studio ed i professori, tra i quali mi annovero, un concreto ausilio didattico per i loro corsi.<br \/>\n<em>(Franco Titani)<\/em><\/p>\n","protected":false},"excerpt":{"rendered":"<p>Per 2 e 3 trombe o altri strumenti in Si bemolle<\/p>\n","protected":false},"featured_media":1855,"template":"","meta":{"_kad_blocks_custom_css":"","_kad_blocks_head_custom_js":"","_kad_blocks_body_custom_js":"","_kad_blocks_footer_custom_js":"","_kadence_starter_templates_imported_post":false,"_kad_post_transparent":"","_kad_post_title":"","_kad_post_layout":"","_kad_post_sidebar_id":"","_kad_post_content_style":"","_kad_post_vertical_padding":"","_kad_post_feature":"","_kad_post_feature_position":"","_kad_post_header":false,"_kad_post_footer":false,"_kad_post_classname":""},"product_brand":[],"product_cat":[21],"product_tag":[],"class_list":{"0":"post-1854","1":"product","2":"type-product","3":"status-publish","4":"has-post-thumbnail","6":"product_cat-didactics","7":"pa_authorname-manzi-giuliano","8":"pa_codeedition-ec3540","9":"pa_codeismn-9-790215-735408","10":"pa_contents-contenutosedici-piccoli-brani","11":"pa_editor-carrara","12":"pa_genres-trombadassiemeensemble","13":"pa_pages-46","14":"pa_publishyear-955","15":"pa_series-ensemble-school","16":"pa_versionculture-global","17":"pa_versionname-36","18":"post","20":"first","21":"instock","22":"shipping-taxable","23":"purchasable","24":"product-type-simple","25":"entry","26":"content-bg","27":"loop-entry"},"taxonomy_info":{"product_cat":[{"value":21,"label":"Didattica"}],"pa_authorname":[{"value":457,"label":"MANZI Giuliano"}],"pa_codeedition":[{"value":3518,"label":"EC3540"}],"pa_codeismn":[{"value":3519,"label":"9 790215 735408"}],"pa_contents":[{"value":3521,"label":"<strong>CONTENUTO<\/strong><br>\r\n<br>\r\nSedici piccoli brani<br>\r\n"}],"pa_editor":[{"value":28,"label":"Carrara"}],"pa_genres":[{"value":3520,"label":"Tromba,D'Assieme,Ensemble"}],"pa_pages":[{"value":46,"label":"16"}],"pa_publishyear":[{"value":955,"label":"1984"}],"pa_series":[{"value":2503,"label":"Ensemble School"}],"pa_versionculture":[{"value":37,"label":"Global"}],"pa_versionname":[{"value":36,"label":"01"}]},"featured_image_src_large":["https:\/\/edizionicarrara.it\/wp-content\/uploads\/nc\/images\/180-250-fix\/59c92d56-b147-4e91-b93b-44b721daf7dd.jpeg",173,250,false],"author_info":[],"comment_info":"","_links":{"self":[{"href":"https:\/\/edizionicarrara.it\/en\/wp-json\/wp\/v2\/product\/1854","targetHints":{"allow":["GET"]}}],"collection":[{"href":"https:\/\/edizionicarrara.it\/en\/wp-json\/wp\/v2\/product"}],"about":[{"href":"https:\/\/edizionicarrara.it\/en\/wp-json\/wp\/v2\/types\/product"}],"wp:featuredmedia":[{"embeddable":true,"href":"https:\/\/edizionicarrara.it\/en\/wp-json\/wp\/v2\/media\/1855"}],"wp:attachment":[{"href":"https:\/\/edizionicarrara.it\/en\/wp-json\/wp\/v2\/media?parent=1854"}],"wp:term":[{"taxonomy":"product_brand","embeddable":true,"href":"https:\/\/edizionicarrara.it\/en\/wp-json\/wp\/v2\/product_brand?post=1854"},{"taxonomy":"product_cat","embeddable":true,"href":"https:\/\/edizionicarrara.it\/en\/wp-json\/wp\/v2\/product_cat?post=1854"},{"taxonomy":"product_tag","embeddable":true,"href":"https:\/\/edizionicarrara.it\/en\/wp-json\/wp\/v2\/product_tag?post=1854"}],"curies":[{"name":"wp","href":"https:\/\/api.w.org\/{rel}","templated":true}]}}