{"id":1875,"date":"1970-01-01T00:00:00","date_gmt":"1970-01-01T00:00:00","guid":{"rendered":"http:\/\/edizionicarrara.it\/?product=inno-sinodale-guida-il-tuo-popolo"},"modified":"2025-09-09T07:32:35","modified_gmt":"2025-09-09T07:32:35","slug":"inno-sinodale-guida-il-tuo-popolo","status":"publish","type":"product","link":"https:\/\/edizionicarrara.it\/en\/score\/inno-sinodale-guida-il-tuo-popolo\/","title":{"rendered":"Inno Sinodale &#8211; Guida il tuo popolo"},"content":{"rendered":"<p>Per segnalare le celebrazioni, anche quelle non liturgiche, pi\u00f9 significative del cammino sinodale, si \u00e8 pensato alla composizione di un canto che diventasse il simbolo del cammino e dei suoi contenuti.<br \/>\nIl ritornello evoca la consapevolezza che l&#8217;antico ed il nuovo Irsaele hanno sempre avuto: \u00e8 il Signore che \u00e8 alla guida del suo popolo, sempre.<br \/>\nNon si tratta di un vero e proprio inno con le strofe metricamente uguali senza ritornello. Per una pi\u00f9 facile assimilazione e diffusione si \u00e8 preferito avere una struttura responsoriale ed a ritmo libero; ci\u00f2 ha permesso l&#8217;uso di un linguaggio pi\u00f9 spontaneo ed accessibile a tutti.<\/p>\n","protected":false},"excerpt":{"rendered":"<p>Per Assemblea, Voci soliste ed organo<\/p>\n","protected":false},"featured_media":8050,"template":"","meta":{"_kad_blocks_custom_css":"","_kad_blocks_head_custom_js":"","_kad_blocks_body_custom_js":"","_kad_blocks_footer_custom_js":"","_kadence_starter_templates_imported_post":false,"_kad_post_transparent":"default","_kad_post_title":"","_kad_post_layout":"default","_kad_post_sidebar_id":"","_kad_post_content_style":"default","_kad_post_vertical_padding":"default","_kad_post_feature":"","_kad_post_feature_position":"","_kad_post_header":false,"_kad_post_footer":false,"_kad_post_classname":""},"product_brand":[],"product_cat":[20],"product_tag":[],"class_list":{"0":"post-1875","1":"product","2":"type-product","3":"status-publish","4":"has-post-thumbnail","6":"product_cat-score","7":"pa_authorname-sessantini-gilberto","8":"pa_codeedition-ec4834","9":"pa_codeismn-9-790215-748340","10":"pa_contents-br","11":"pa_editor-carrara","12":"pa_genres-vocale-a-1-v-org-soli","13":"pa_pages-451","14":"pa_publishyear-146","15":"pa_subgenres-sacra-liturgica","16":"pa_versionculture-global","17":"pa_versionname-36","18":"post","20":"first","21":"instock","22":"shipping-taxable","23":"purchasable","24":"product-type-simple","25":"entry","26":"content-bg","27":"loop-entry"},"taxonomy_info":{"product_cat":[{"value":20,"label":"Partiture"}],"pa_authorname":[{"value":2647,"label":"SESSANTINI Gilberto"}],"pa_codeedition":[{"value":3575,"label":"EC4834"}],"pa_codeismn":[{"value":3576,"label":"9 790215 748340"}],"pa_contents":[{"value":3077,"label":"<br>"}],"pa_editor":[{"value":28,"label":"Carrara"}],"pa_genres":[{"value":1814,"label":"Vocale a 1 v. - Org. - Soli"}],"pa_pages":[{"value":451,"label":"4"}],"pa_publishyear":[{"value":146,"label":"2006"}],"pa_subgenres":[{"value":72,"label":"Sacra Liturgica"}],"pa_versionculture":[{"value":37,"label":"Global"}],"pa_versionname":[{"value":36,"label":"01"}]},"featured_image_src_large":["https:\/\/edizionicarrara.it\/wp-content\/uploads\/1970\/01\/14-724x1024.jpeg",724,1024,true],"author_info":[],"comment_info":"","_links":{"self":[{"href":"https:\/\/edizionicarrara.it\/en\/wp-json\/wp\/v2\/product\/1875","targetHints":{"allow":["GET"]}}],"collection":[{"href":"https:\/\/edizionicarrara.it\/en\/wp-json\/wp\/v2\/product"}],"about":[{"href":"https:\/\/edizionicarrara.it\/en\/wp-json\/wp\/v2\/types\/product"}],"wp:featuredmedia":[{"embeddable":true,"href":"https:\/\/edizionicarrara.it\/en\/wp-json\/wp\/v2\/media\/8050"}],"wp:attachment":[{"href":"https:\/\/edizionicarrara.it\/en\/wp-json\/wp\/v2\/media?parent=1875"}],"wp:term":[{"taxonomy":"product_brand","embeddable":true,"href":"https:\/\/edizionicarrara.it\/en\/wp-json\/wp\/v2\/product_brand?post=1875"},{"taxonomy":"product_cat","embeddable":true,"href":"https:\/\/edizionicarrara.it\/en\/wp-json\/wp\/v2\/product_cat?post=1875"},{"taxonomy":"product_tag","embeddable":true,"href":"https:\/\/edizionicarrara.it\/en\/wp-json\/wp\/v2\/product_tag?post=1875"}],"curies":[{"name":"wp","href":"https:\/\/api.w.org\/{rel}","templated":true}]}}