{"id":1881,"date":"1970-01-01T00:00:00","date_gmt":"1970-01-01T00:00:00","guid":{"rendered":"http:\/\/edizionicarrara.it\/?product=12-il-cantore-danese-canto-e-piano"},"modified":"2024-06-06T08:33:52","modified_gmt":"2024-06-06T08:33:52","slug":"12-il-cantore-danese-canto-e-piano","status":"publish","type":"product","link":"https:\/\/edizionicarrara.it\/en\/score\/12-il-cantore-danese-canto-e-piano\/","title":{"rendered":"Op. Omnia 12 &#8211; Operette &#8211; Il cantore danese &#8211; Canto e piano"},"content":{"rendered":"<p>&#8220;Il cantore danese \u00e8 in ordine cronologico almeno la terza operetta fra le sei scritte da Maffeis.<br \/>\nLe operette scritte dall&#8217;autore, esempi di equilibrio fra semplicit\u00e0 e ricercatezza, seguono strutture preordinate, in gran parte determinate dalla drammaturgia di Don Ambrogio Palestra, autore del testo.<br \/>\nIl soggetto \u00e8 imperniato sulla eterna lotta dello spirito tra il bene ed il male; il taglio scenico \u00e8 nettamente medievale e la stesura \u00e8 semplice e scorrevole.<\/p>\n","protected":false},"excerpt":{"rendered":"<p>Operetta in tre atti<\/p>\n","protected":false},"featured_media":7010,"template":"","meta":{"_kad_blocks_custom_css":"","_kad_blocks_head_custom_js":"","_kad_blocks_body_custom_js":"","_kad_blocks_footer_custom_js":"","_kadence_starter_templates_imported_post":false,"_kad_post_transparent":"default","_kad_post_title":"","_kad_post_layout":"default","_kad_post_sidebar_id":"","_kad_post_content_style":"default","_kad_post_vertical_padding":"default","_kad_post_feature":"","_kad_post_feature_position":"","_kad_post_header":false,"_kad_post_footer":false,"_kad_post_classname":""},"product_brand":[],"product_cat":[20],"product_tag":[],"class_list":{"0":"post-1881","1":"product","2":"type-product","3":"status-publish","4":"has-post-thumbnail","6":"product_cat-score","7":"pa_authorname-maffeis-daniele-1901-1966","8":"pa_codeedition-ec4785","9":"pa_codeismn-9-790215-747850","10":"pa_contents-premessaprefazionecenni-biograficipersonaggiatto-primopreludioscena-iscena-iilassalto-e-la-preghiera-dei-trebarcarolascena-iiifinaleatto-secondopreludioscena-icoroi-degl","11":"pa_curator-pelucchi-pierangelo","12":"pa_editor-carrara","13":"pa_genres-pianofortevocale-a-1-v-strum-soli","14":"pa_pages-274","15":"pa_publishyear-279","16":"pa_series-maffeis-opera-omnia","17":"pa_subgenres-profana","18":"pa_versionculture-global","19":"pa_versionname-36","20":"post","22":"first","23":"instock","24":"shipping-taxable","25":"purchasable","26":"product-type-simple","27":"entry","28":"content-bg","29":"loop-entry"},"taxonomy_info":{"product_cat":[{"value":20,"label":"Partiture"}],"pa_authorname":[{"value":288,"label":"MAFFEIS Daniele (1901-1966)"}],"pa_codeedition":[{"value":3591,"label":"EC4785"}],"pa_codeismn":[{"value":3592,"label":"9 790215 747850"}],"pa_contents":[{"value":3593,"label":"Premessa<br>\r\nPrefazione<br>\r\nCenni biografici<br>\r\nPersonaggi<br>\r\n<strong>Atto primo<br>\r\n<\/strong>Preludio<br>\r\nScena I<br>\r\nScena II<br>\r\nL'assalto e la preghiera dei tre<br>\r\nBarcarola<br>\r\nScena"}],"pa_curator":[{"value":289,"label":"Pelucchi PierAngelo"}],"pa_editor":[{"value":28,"label":"Carrara"}],"pa_genres":[{"value":3585,"label":"Pianoforte,Vocale a 1 v. - Strum. - Soli"}],"pa_pages":[{"value":274,"label":"100"}],"pa_publishyear":[{"value":279,"label":"2005"}],"pa_series":[{"value":290,"label":"Maffeis Opera Omnia"}],"pa_subgenres":[{"value":330,"label":"Profana"}],"pa_versionculture":[{"value":37,"label":"Global"}],"pa_versionname":[{"value":36,"label":"01"}]},"featured_image_src_large":["https:\/\/edizionicarrara.it\/wp-content\/uploads\/1970\/01\/CAA4785-1-707x1024.jpg",707,1024,true],"author_info":[],"comment_info":"","_links":{"self":[{"href":"https:\/\/edizionicarrara.it\/en\/wp-json\/wp\/v2\/product\/1881","targetHints":{"allow":["GET"]}}],"collection":[{"href":"https:\/\/edizionicarrara.it\/en\/wp-json\/wp\/v2\/product"}],"about":[{"href":"https:\/\/edizionicarrara.it\/en\/wp-json\/wp\/v2\/types\/product"}],"wp:featuredmedia":[{"embeddable":true,"href":"https:\/\/edizionicarrara.it\/en\/wp-json\/wp\/v2\/media\/7010"}],"wp:attachment":[{"href":"https:\/\/edizionicarrara.it\/en\/wp-json\/wp\/v2\/media?parent=1881"}],"wp:term":[{"taxonomy":"product_brand","embeddable":true,"href":"https:\/\/edizionicarrara.it\/en\/wp-json\/wp\/v2\/product_brand?post=1881"},{"taxonomy":"product_cat","embeddable":true,"href":"https:\/\/edizionicarrara.it\/en\/wp-json\/wp\/v2\/product_cat?post=1881"},{"taxonomy":"product_tag","embeddable":true,"href":"https:\/\/edizionicarrara.it\/en\/wp-json\/wp\/v2\/product_tag?post=1881"}],"curies":[{"name":"wp","href":"https:\/\/api.w.org\/{rel}","templated":true}]}}