{"id":1923,"date":"1970-01-01T00:00:00","date_gmt":"1970-01-01T00:00:00","guid":{"rendered":"http:\/\/edizionicarrara.it\/?product=16-il-pellegrino-bianco-canto-e-piano"},"modified":"2024-06-06T09:34:22","modified_gmt":"2024-06-06T09:34:22","slug":"16-il-pellegrino-bianco-canto-e-piano","status":"publish","type":"product","link":"https:\/\/edizionicarrara.it\/en\/score\/16-il-pellegrino-bianco-canto-e-piano\/","title":{"rendered":"Op. Omnia 16 &#8211; Operette &#8211; Il Pellegrino bianco &#8211; Canto e Piano"},"content":{"rendered":"<p>&#8220;Il Pellegrino bianco&#8221; fu con probabilit\u00e0 la prima operetta scritta da Maffeis.<br \/>\nIl soggetto \u00e8 imperniato sulla eterna lotta dello spirito fra il bene e il male. La stesura \u00e8 semplice e scorrevole; alla parte musicale \u00e8 riservato il compito di animatrice e di coloritrice.<br \/>\nIl testo \u00e8 di Palestrina Ambrogio.<\/p>\n","protected":false},"excerpt":{"rendered":"<p>Leggenda Natalizia &#8211; Atto Unico<\/p>\n","protected":false},"featured_media":7034,"template":"","meta":{"_kad_blocks_custom_css":"","_kad_blocks_head_custom_js":"","_kad_blocks_body_custom_js":"","_kad_blocks_footer_custom_js":"","_kadence_starter_templates_imported_post":false,"_kad_post_transparent":"default","_kad_post_title":"","_kad_post_layout":"default","_kad_post_sidebar_id":"","_kad_post_content_style":"default","_kad_post_vertical_padding":"default","_kad_post_feature":"","_kad_post_feature_position":"","_kad_post_header":false,"_kad_post_footer":false,"_kad_post_classname":""},"product_brand":[],"product_cat":[20],"product_tag":[],"class_list":{"0":"post-1923","1":"product","2":"type-product","3":"status-publish","4":"has-post-thumbnail","6":"product_cat-score","7":"pa_authorname-maffeis-daniele-1901-1966","8":"pa_codeedition-ec4754","9":"pa_codeismn-9-790215-747540","10":"pa_contents-premessaprefazionecenni-biograficipersonaggitestoscena-i-introduzionescena-iiscena-iiiscena-ivscena-vscena-viscena-viicoro-finale","11":"pa_curator-oberti-luca","12":"pa_editor-carrara","13":"pa_genres-pianofortevocale-a-1-v","14":"pa_pages-419","15":"pa_publishyear-428","16":"pa_series-maffeis-opera-omnia","17":"pa_subgenres-profana","18":"pa_versionculture-global","19":"pa_versionname-36","20":"post","22":"first","23":"instock","24":"shipping-taxable","25":"purchasable","26":"product-type-simple","27":"entry","28":"content-bg","29":"loop-entry"},"taxonomy_info":{"product_cat":[{"value":20,"label":"Partiture"}],"pa_authorname":[{"value":288,"label":"MAFFEIS Daniele (1901-1966)"}],"pa_codeedition":[{"value":3695,"label":"EC4754"}],"pa_codeismn":[{"value":3696,"label":"9 790215 747540"}],"pa_contents":[{"value":3698,"label":"<strong>Premessa<br \/>\r\nPrefazione<br \/>\r\nCenni Biografici<br \/>\r\nPersonaggi<br \/>\r\nTesto<br \/>\r\nScena I - Introduzione<br \/>\r\nScena II<br \/>\r\nScena III<br \/>\r\nScena IV<br \/>\r\nScena V<br \/>\r\nScena VI<"}],"pa_curator":[{"value":3090,"label":"Oberti Luca"}],"pa_editor":[{"value":28,"label":"Carrara"}],"pa_genres":[{"value":3697,"label":"Pianoforte,Vocale a 1 v."}],"pa_pages":[{"value":419,"label":"44"}],"pa_publishyear":[{"value":428,"label":"2004"}],"pa_series":[{"value":290,"label":"Maffeis Opera Omnia"}],"pa_subgenres":[{"value":330,"label":"Profana"}],"pa_versionculture":[{"value":37,"label":"Global"}],"pa_versionname":[{"value":36,"label":"01"}]},"featured_image_src_large":["https:\/\/edizionicarrara.it\/wp-content\/uploads\/1970\/01\/CAA4754-1-711x1024.jpg",711,1024,true],"author_info":[],"comment_info":"","_links":{"self":[{"href":"https:\/\/edizionicarrara.it\/en\/wp-json\/wp\/v2\/product\/1923","targetHints":{"allow":["GET"]}}],"collection":[{"href":"https:\/\/edizionicarrara.it\/en\/wp-json\/wp\/v2\/product"}],"about":[{"href":"https:\/\/edizionicarrara.it\/en\/wp-json\/wp\/v2\/types\/product"}],"wp:featuredmedia":[{"embeddable":true,"href":"https:\/\/edizionicarrara.it\/en\/wp-json\/wp\/v2\/media\/7034"}],"wp:attachment":[{"href":"https:\/\/edizionicarrara.it\/en\/wp-json\/wp\/v2\/media?parent=1923"}],"wp:term":[{"taxonomy":"product_brand","embeddable":true,"href":"https:\/\/edizionicarrara.it\/en\/wp-json\/wp\/v2\/product_brand?post=1923"},{"taxonomy":"product_cat","embeddable":true,"href":"https:\/\/edizionicarrara.it\/en\/wp-json\/wp\/v2\/product_cat?post=1923"},{"taxonomy":"product_tag","embeddable":true,"href":"https:\/\/edizionicarrara.it\/en\/wp-json\/wp\/v2\/product_tag?post=1923"}],"curies":[{"name":"wp","href":"https:\/\/api.w.org\/{rel}","templated":true}]}}