{"id":1956,"date":"1970-01-01T00:00:00","date_gmt":"1970-01-01T00:00:00","guid":{"rendered":"http:\/\/edizionicarrara.it\/?product=i-cantava-i-nostri-veci"},"modified":"1970-01-01T00:00:00","modified_gmt":"1970-01-01T00:00:00","slug":"i-cantava-i-nostri-veci","status":"publish","type":"product","link":"https:\/\/edizionicarrara.it\/en\/score\/i-cantava-i-nostri-veci\/","title":{"rendered":"&#8230;I Cantava i nostri Veci"},"content":{"rendered":"<p>I canti proposti in questo fascicolo, espressione delle nostre tradizioni popolari e della nostra storia, compaiono sempre pi\u00f9 raramente nei repertori dei complessi corali.<\/p>\n","protected":false},"excerpt":{"rendered":"<p>Selezione di canti popolari elaborati per coro a 4 voci maschile<\/p>\n","protected":false},"featured_media":1957,"template":"","meta":{"_kad_blocks_custom_css":"","_kad_blocks_head_custom_js":"","_kad_blocks_body_custom_js":"","_kad_blocks_footer_custom_js":"","_kadence_starter_templates_imported_post":false,"_kad_post_transparent":"","_kad_post_title":"","_kad_post_layout":"","_kad_post_sidebar_id":"","_kad_post_content_style":"","_kad_post_vertical_padding":"","_kad_post_feature":"","_kad_post_feature_position":"","_kad_post_header":false,"_kad_post_footer":false,"_kad_post_classname":""},"product_brand":[],"product_cat":[20],"product_tag":[],"class_list":{"0":"post-1956","1":"product","2":"type-product","3":"status-publish","4":"has-post-thumbnail","6":"product_cat-score","7":"pa_authorname-aavv","8":"pa_codeedition-ec4660","9":"pa_codeismn-9-790215-746600","10":"pa_contents-tante-putele-fantasia-di-canti-popolari-tante-putele-bele-o-angiolina-bela-angiolina-la-gigia-lei-malada-la-dosolina-la-smortina-menegina-teresina-va-ti-vestime-compare-giacometo-canto-p","11":"pa_curator-stella-giancarlo","12":"pa_editor-carrara","13":"pa_genres-vocale-a-4-v","14":"pa_pages-389","15":"pa_publishyear-365","16":"pa_subgenres-popolare","17":"pa_versionculture-global","18":"pa_versionname-36","19":"post","21":"first","22":"instock","23":"shipping-taxable","24":"purchasable","25":"product-type-simple","26":"entry","27":"content-bg","28":"loop-entry"},"taxonomy_info":{"product_cat":[{"value":20,"label":"Partiture"}],"pa_authorname":[{"value":118,"label":"AA.VV."}],"pa_codeedition":[{"value":3783,"label":"EC4660"}],"pa_codeismn":[{"value":3784,"label":"9 790215 746600"}],"pa_contents":[{"value":3785,"label":"<strong>Tante Put\u00e9le <\/strong>Fantasia di canti popolari (Tante put\u00e8le b\u00e8le - O Angiolina b\u00e8la Angiolina - La Gigia l'\u00e8i malada -La Dosolina - La smortina - Menegina - Teresina, va ti vesti)<br>\r\n<str"}],"pa_curator":[{"value":3782,"label":"STELLA Giancarlo"}],"pa_editor":[{"value":28,"label":"Carrara"}],"pa_genres":[{"value":87,"label":"Vocale a 4 v."}],"pa_pages":[{"value":389,"label":"72"}],"pa_publishyear":[{"value":365,"label":"2003"}],"pa_subgenres":[{"value":442,"label":"Popolare"}],"pa_versionculture":[{"value":37,"label":"Global"}],"pa_versionname":[{"value":36,"label":"01"}]},"featured_image_src_large":["https:\/\/edizionicarrara.it\/wp-content\/uploads\/nc\/images\/180-250-fix\/8742.jpeg",173,250,false],"author_info":[],"comment_info":"","_links":{"self":[{"href":"https:\/\/edizionicarrara.it\/en\/wp-json\/wp\/v2\/product\/1956","targetHints":{"allow":["GET"]}}],"collection":[{"href":"https:\/\/edizionicarrara.it\/en\/wp-json\/wp\/v2\/product"}],"about":[{"href":"https:\/\/edizionicarrara.it\/en\/wp-json\/wp\/v2\/types\/product"}],"wp:featuredmedia":[{"embeddable":true,"href":"https:\/\/edizionicarrara.it\/en\/wp-json\/wp\/v2\/media\/1957"}],"wp:attachment":[{"href":"https:\/\/edizionicarrara.it\/en\/wp-json\/wp\/v2\/media?parent=1956"}],"wp:term":[{"taxonomy":"product_brand","embeddable":true,"href":"https:\/\/edizionicarrara.it\/en\/wp-json\/wp\/v2\/product_brand?post=1956"},{"taxonomy":"product_cat","embeddable":true,"href":"https:\/\/edizionicarrara.it\/en\/wp-json\/wp\/v2\/product_cat?post=1956"},{"taxonomy":"product_tag","embeddable":true,"href":"https:\/\/edizionicarrara.it\/en\/wp-json\/wp\/v2\/product_tag?post=1956"}],"curies":[{"name":"wp","href":"https:\/\/api.w.org\/{rel}","templated":true}]}}