{"id":2143,"date":"1970-01-01T00:00:00","date_gmt":"1970-01-01T00:00:00","guid":{"rendered":"http:\/\/edizionicarrara.it\/?product=salmi-responsoriali"},"modified":"1970-01-01T00:00:00","modified_gmt":"1970-01-01T00:00:00","slug":"salmi-responsoriali-2","status":"publish","type":"product","link":"https:\/\/edizionicarrara.it\/en\/score\/salmi-responsoriali-2\/","title":{"rendered":"Salmi Responsoriali"},"content":{"rendered":"<p>Questo volume raccoglie i Salmi Responsoriali composti da Mons. Migliavacca per le esecuzioni domenicali nel Duomo di Milano e per altre liturgie in cui la Cappella Musicale del Duomo \u00e8 stata presente.<br \/>\nAbbiamo qui voluto presentare i salmi nella loro interezza, e non soltanto i ritornelli, perch\u00e8 la loro esecuzione non richiede particolari abilit\u00e0 se non quella di essere eseguiti da persona intonata e musicale.<br \/>\nLa maggior parte dei ritornelli e dei versetti seguono delle melodie-tipo; in questo modo \u00e8 facilitata l&#8217;esecuzione da parte dell&#8217;Assemblea che il pi\u00f9 delle volte deve solo adattare il testo a melodie gi\u00e0 conosciute.<\/p>\n","protected":false},"excerpt":{"rendered":"<p>Per tutte le Festivit\u00e0 dell&#8217;Anno Liturgico<\/p>\n","protected":false},"featured_media":2144,"template":"","meta":{"_kad_blocks_custom_css":"","_kad_blocks_head_custom_js":"","_kad_blocks_body_custom_js":"","_kad_blocks_footer_custom_js":"","_kadence_starter_templates_imported_post":false,"_kad_post_transparent":"","_kad_post_title":"","_kad_post_layout":"","_kad_post_sidebar_id":"","_kad_post_content_style":"","_kad_post_vertical_padding":"","_kad_post_feature":"","_kad_post_feature_position":"","_kad_post_header":false,"_kad_post_footer":false,"_kad_post_classname":""},"product_brand":[],"product_cat":[20],"product_tag":[],"class_list":{"0":"post-2143","1":"product","2":"type-product","3":"status-publish","4":"has-post-thumbnail","6":"product_cat-score","7":"pa_authorname-migliavacca-luciano","8":"pa_codeedition-ec4370","9":"pa_codeismn-9-790215-743700","10":"pa_contents-viene-il-nostro-dioproteggimi-o-diosei-tu-signorevieni-signorevieni-signoregioiscano-i-cielivieni-signore-gesuvieni-signore-gesufa-splendere-il-tuo-voltocantino-al-loro-reandiamo","11":"pa_curator-riva-claudio","12":"pa_editor-carrara","13":"pa_genres-vocale-a-1-vvocale-a-1-v-org","14":"pa_pages-1798","15":"pa_publishyear-924","16":"pa_subgenres-sacra-liturgica","17":"pa_versionculture-global","18":"pa_versionname-36","19":"post","21":"first","22":"instock","23":"shipping-taxable","24":"purchasable","25":"product-type-simple","26":"entry","27":"content-bg","28":"loop-entry"},"taxonomy_info":{"product_cat":[{"value":20,"label":"Partiture"}],"pa_authorname":[{"value":823,"label":"MIGLIAVACCA Luciano"}],"pa_codeedition":[{"value":4164,"label":"EC4370"}],"pa_codeismn":[{"value":4165,"label":"9 790215 743700"}],"pa_contents":[{"value":4167,"label":"<strong>Viene il nostro Dio<br \/>\r\nProteggimi o Dio<br \/>\r\nSei Tu Signore<br \/>\r\nVieni Signore<br \/>\r\nVieni Signore<br \/>\r\nGioiscano i cieli<br \/>\r\nVieni Signore Ges\u00f9<br \/>\r\nVieni Signore Ges\u00f9<br \/>\r\n"}],"pa_curator":[{"value":4163,"label":"Riva Claudio"}],"pa_editor":[{"value":28,"label":"Carrara"}],"pa_genres":[{"value":4166,"label":"Vocale a 1 v.,Vocale a 1 v. - Org."}],"pa_pages":[{"value":1798,"label":"124"}],"pa_publishyear":[{"value":924,"label":"1999"}],"pa_subgenres":[{"value":72,"label":"Sacra Liturgica"}],"pa_versionculture":[{"value":37,"label":"Global"}],"pa_versionname":[{"value":36,"label":"01"}]},"featured_image_src_large":["https:\/\/edizionicarrara.it\/wp-content\/uploads\/nc\/images\/180-250-fix\/002b2dc6-f327-463c-bf6f-89348bcac8a6.jpeg",173,250,false],"author_info":[],"comment_info":"","_links":{"self":[{"href":"https:\/\/edizionicarrara.it\/en\/wp-json\/wp\/v2\/product\/2143","targetHints":{"allow":["GET"]}}],"collection":[{"href":"https:\/\/edizionicarrara.it\/en\/wp-json\/wp\/v2\/product"}],"about":[{"href":"https:\/\/edizionicarrara.it\/en\/wp-json\/wp\/v2\/types\/product"}],"wp:featuredmedia":[{"embeddable":true,"href":"https:\/\/edizionicarrara.it\/en\/wp-json\/wp\/v2\/media\/2144"}],"wp:attachment":[{"href":"https:\/\/edizionicarrara.it\/en\/wp-json\/wp\/v2\/media?parent=2143"}],"wp:term":[{"taxonomy":"product_brand","embeddable":true,"href":"https:\/\/edizionicarrara.it\/en\/wp-json\/wp\/v2\/product_brand?post=2143"},{"taxonomy":"product_cat","embeddable":true,"href":"https:\/\/edizionicarrara.it\/en\/wp-json\/wp\/v2\/product_cat?post=2143"},{"taxonomy":"product_tag","embeddable":true,"href":"https:\/\/edizionicarrara.it\/en\/wp-json\/wp\/v2\/product_tag?post=2143"}],"curies":[{"name":"wp","href":"https:\/\/api.w.org\/{rel}","templated":true}]}}