{"id":216,"date":"1970-01-01T00:00:00","date_gmt":"1970-01-01T00:00:00","guid":{"rendered":"http:\/\/edizionicarrara.it\/?product=10-invenzioni-vol-1"},"modified":"1970-01-01T00:00:00","modified_gmt":"1970-01-01T00:00:00","slug":"10-invenzioni-vol-1","status":"publish","type":"product","link":"https:\/\/edizionicarrara.it\/en\/score\/10-invenzioni-vol-1\/","title":{"rendered":"10 Invenzioni &#8211; Vol. 1"},"content":{"rendered":"<p>Dieci proposte di servizio all&#8217;organista ma con una creativit\u00e0 libera, dove ad ogni tema \u00e8 associato uno stile appropriato che possa valorizzarlo. Ecco quindi un&#8217;antologia di grande variet\u00e0 stilistica in un sesseguirsi di scrittura tradizionale, di stili pi\u00f9 moderni e addirittura di stili contaminati da altri generi musicali. Divertente e appagante.<\/p>\n","protected":false},"excerpt":{"rendered":"<p>per organo sui canti liturgici per la Liturgia e il Concerto<\/p>\n","protected":false},"featured_media":0,"template":"","meta":{"_kad_blocks_custom_css":"","_kad_blocks_head_custom_js":"","_kad_blocks_body_custom_js":"","_kad_blocks_footer_custom_js":"","_kadence_starter_templates_imported_post":false,"_kad_post_transparent":"","_kad_post_title":"","_kad_post_layout":"","_kad_post_sidebar_id":"","_kad_post_content_style":"","_kad_post_vertical_padding":"","_kad_post_feature":"","_kad_post_feature_position":"","_kad_post_header":false,"_kad_post_footer":false,"_kad_post_classname":""},"product_brand":[],"product_cat":[20],"product_tag":[],"class_list":{"0":"post-216","1":"product","2":"type-product","3":"status-publish","5":"product_cat-score","6":"pa_authorname-rota-damiano-1969","7":"pa_codeedition-ec4708","8":"pa_codeismn-m-2157-4708-1","9":"pa_contents-invenzioni-organistiche-sui-seguenti-canti-1-cristo-risusciti-corale2-dov-e-carita-e-amore-trio-3-come-bello-4-tutta-la-terra-canti-a-dio-preludio-5-salga-a-te-signore-fanfares-6-salga-da","10":"pa_editor-carrara","11":"pa_genres-organo-monografie-contemporaneo","12":"pa_pages-84","13":"pa_publishyear-428","14":"pa_series-lorgano-nella-liturgia","15":"pa_versionculture-global","16":"pa_versionname-36","17":"post","19":"first","20":"instock","21":"shipping-taxable","22":"purchasable","23":"product-type-simple","24":"entry","25":"content-bg","26":"loop-entry"},"taxonomy_info":{"product_cat":[{"value":20,"label":"Partiture"}],"pa_authorname":[{"value":123,"label":"ROTA Damiano (1969)"}],"pa_codeedition":[{"value":501,"label":"EC4708"}],"pa_codeismn":[{"value":502,"label":"M-2157-4708-1"}],"pa_contents":[{"value":503,"label":"Invenzioni organistiche sui seguenti canti: <br \/>\r\n1: Cristo risusciti (Corale)<br \/>\r\n2: Dov \u00e8 carit\u00e0 e amore (Trio) <br \/>\r\n3: Com'\u00e8 bello <br \/>\r\n4: Tutta la terra canti a Dio (Preludio) <br \/>\r\n5"}],"pa_editor":[{"value":28,"label":"Carrara"}],"pa_genres":[{"value":126,"label":"Organo Monografie Contemporaneo"}],"pa_pages":[{"value":84,"label":"40"}],"pa_publishyear":[{"value":428,"label":"2004"}],"pa_series":[{"value":268,"label":"L'Organo nella Liturgia"}],"pa_versionculture":[{"value":37,"label":"Global"}],"pa_versionname":[{"value":36,"label":"01"}]},"featured_image_src_large":false,"author_info":[],"comment_info":"","_links":{"self":[{"href":"https:\/\/edizionicarrara.it\/en\/wp-json\/wp\/v2\/product\/216","targetHints":{"allow":["GET"]}}],"collection":[{"href":"https:\/\/edizionicarrara.it\/en\/wp-json\/wp\/v2\/product"}],"about":[{"href":"https:\/\/edizionicarrara.it\/en\/wp-json\/wp\/v2\/types\/product"}],"wp:attachment":[{"href":"https:\/\/edizionicarrara.it\/en\/wp-json\/wp\/v2\/media?parent=216"}],"wp:term":[{"taxonomy":"product_brand","embeddable":true,"href":"https:\/\/edizionicarrara.it\/en\/wp-json\/wp\/v2\/product_brand?post=216"},{"taxonomy":"product_cat","embeddable":true,"href":"https:\/\/edizionicarrara.it\/en\/wp-json\/wp\/v2\/product_cat?post=216"},{"taxonomy":"product_tag","embeddable":true,"href":"https:\/\/edizionicarrara.it\/en\/wp-json\/wp\/v2\/product_tag?post=216"}],"curies":[{"name":"wp","href":"https:\/\/api.w.org\/{rel}","templated":true}]}}