{"id":2179,"date":"1970-01-01T00:00:00","date_gmt":"1970-01-01T00:00:00","guid":{"rendered":"http:\/\/edizionicarrara.it\/?product=a-dio-padre"},"modified":"1970-01-01T00:00:00","modified_gmt":"1970-01-01T00:00:00","slug":"a-dio-padre","status":"publish","type":"product","link":"https:\/\/edizionicarrara.it\/en\/score\/a-dio-padre\/","title":{"rendered":"A Dio Padre"},"content":{"rendered":"<p>La semplicit\u00e0 della prima parte di quest&#8217;edizione \u00e8 anche una nostra attenzione al canto della comunit\u00e0, \u00e8 un buon esempio di di come si possa far convivere organista, piccolo coro e assemblea: poche note di introduzione e poche note di clausola sullo<br \/>\n strumento possono racchiudere felicemente una linea melodica che, in questo caso, appare degno dei testi turoldiani.<br \/>\nGli autori che ci offrono le loro pagine a 4 voci sono stati o sono tuttora di casa nella nostra famiglia musicale.<\/p>\n","protected":false},"excerpt":{"rendered":"<p>Canti dedicati al Padre per coro a 1 e pi\u00f9 voci ed organo<\/p>\n","protected":false},"featured_media":0,"template":"","meta":{"_kad_blocks_custom_css":"","_kad_blocks_head_custom_js":"","_kad_blocks_body_custom_js":"","_kad_blocks_footer_custom_js":"","_kadence_starter_templates_imported_post":false,"_kad_post_transparent":"","_kad_post_title":"","_kad_post_layout":"","_kad_post_sidebar_id":"","_kad_post_content_style":"","_kad_post_vertical_padding":"","_kad_post_feature":"","_kad_post_feature_position":"","_kad_post_header":false,"_kad_post_footer":false,"_kad_post_classname":""},"product_brand":[],"product_cat":[20],"product_tag":[],"class_list":{"0":"post-2179","1":"product","2":"type-product","3":"status-publish","5":"product_cat-score","6":"pa_authorname-aavv","7":"pa_codeedition-ec4401","8":"pa_codeismn-9-790215-744010","9":"pa_contents-padre-nostro-di-vitone-nicolapadre-nostro-di-migliavacca-lucianopadre-nostro-di-augello-calogerosei-tu-o-signore-di-clementoni-arturoo-genti-battete-le-mani-di-cominetti-ennioregna-iddio-di","10":"pa_editor-carrara","11":"pa_genres-vocale-a-1-v-orgvocale-a-1-v-org-solivocale-a-2-v-orgvocale-a-4-v-org","12":"pa_pages-119","13":"pa_publishyear-924","14":"pa_subgenres-sacra-liturgica","15":"pa_versionculture-global","16":"pa_versionname-36","17":"post","19":"first","20":"instock","21":"shipping-taxable","22":"purchasable","23":"product-type-simple","24":"entry","25":"content-bg","26":"loop-entry"},"taxonomy_info":{"product_cat":[{"value":20,"label":"Partiture"}],"pa_authorname":[{"value":118,"label":"AA.VV."}],"pa_codeedition":[{"value":4242,"label":"EC4401"}],"pa_codeismn":[{"value":4243,"label":"9 790215 744010"}],"pa_contents":[{"value":4245,"label":"<strong>Padre Nostro <\/strong>di Vitone Nicola<br>\r\n<strong>Padre Nostro <\/strong>di Migliavacca Luciano<br>\r\n<strong>Padre Nostro <\/strong>di Augello Calogero<br>\r\n<strong>Sei Tu o Signore <\/strong>d"}],"pa_editor":[{"value":28,"label":"Carrara"}],"pa_genres":[{"value":4244,"label":"Vocale a 1 v. - Org.,Vocale a 1 v. - Org. - Soli,Vocale a 2 v. - Org.,Vocale a 4 v. - Org."}],"pa_pages":[{"value":119,"label":"32"}],"pa_publishyear":[{"value":924,"label":"1999"}],"pa_subgenres":[{"value":72,"label":"Sacra Liturgica"}],"pa_versionculture":[{"value":37,"label":"Global"}],"pa_versionname":[{"value":36,"label":"01"}]},"featured_image_src_large":false,"author_info":[],"comment_info":"","_links":{"self":[{"href":"https:\/\/edizionicarrara.it\/en\/wp-json\/wp\/v2\/product\/2179","targetHints":{"allow":["GET"]}}],"collection":[{"href":"https:\/\/edizionicarrara.it\/en\/wp-json\/wp\/v2\/product"}],"about":[{"href":"https:\/\/edizionicarrara.it\/en\/wp-json\/wp\/v2\/types\/product"}],"wp:attachment":[{"href":"https:\/\/edizionicarrara.it\/en\/wp-json\/wp\/v2\/media?parent=2179"}],"wp:term":[{"taxonomy":"product_brand","embeddable":true,"href":"https:\/\/edizionicarrara.it\/en\/wp-json\/wp\/v2\/product_brand?post=2179"},{"taxonomy":"product_cat","embeddable":true,"href":"https:\/\/edizionicarrara.it\/en\/wp-json\/wp\/v2\/product_cat?post=2179"},{"taxonomy":"product_tag","embeddable":true,"href":"https:\/\/edizionicarrara.it\/en\/wp-json\/wp\/v2\/product_tag?post=2179"}],"curies":[{"name":"wp","href":"https:\/\/api.w.org\/{rel}","templated":true}]}}