{"id":2216,"date":"1970-01-01T00:00:00","date_gmt":"1970-01-01T00:00:00","guid":{"rendered":"http:\/\/edizionicarrara.it\/?product=organo-in-lombardia-nel-700"},"modified":"1970-01-01T00:00:00","modified_gmt":"1970-01-01T00:00:00","slug":"organo-in-lombardia-nel-700","status":"publish","type":"product","link":"https:\/\/edizionicarrara.it\/en\/score\/organo-in-lombardia-nel-700\/","title":{"rendered":"Organo in Lombardia nel &#8216;700"},"content":{"rendered":"<div>Raccolta pregevole per contenuti e caratteristiche, composizioni tra le pi\u00f9 rappresentative degli autori e del periodo musicale compreso tra la seconda met\u00e0 del XVII secolo e la met\u00e0 del XVIII secolo.<\/div>\n","protected":false},"excerpt":{"rendered":"<p>Sonate ed elevazione per organo<\/p>\n","protected":false},"featured_media":2217,"template":"","meta":{"_kad_blocks_custom_css":"","_kad_blocks_head_custom_js":"","_kad_blocks_body_custom_js":"","_kad_blocks_footer_custom_js":"","_kadence_starter_templates_imported_post":false,"_kad_post_transparent":"","_kad_post_title":"","_kad_post_layout":"","_kad_post_sidebar_id":"","_kad_post_content_style":"","_kad_post_vertical_padding":"","_kad_post_feature":"","_kad_post_feature_position":"","_kad_post_header":false,"_kad_post_footer":false,"_kad_post_classname":""},"product_brand":[],"product_cat":[20],"product_tag":[],"class_list":{"0":"post-2216","1":"product","2":"type-product","3":"status-publish","4":"has-post-thumbnail","6":"product_cat-score","7":"pa_authorname-aavv","8":"pa_codeedition-ec4358","9":"pa_codeismn-9-790215-743588","10":"pa_contents-sonata-per-organo-di-fioroni-gian-andrea-trascrizioni-di-marco-rossisonata-in-c-terza-maggiore-di-polaroli-oratiosonata-col-flauto-di-gonelli-giuseppesonata-in-c-terza-maggiore-di-anonimos","11":"pa_curator-rossi-marco-vessia-gian-nicola","12":"pa_editor-carrara","13":"pa_genres-organo-raccolte-classici","14":"pa_pages-119","15":"pa_publishyear-1011","16":"pa_series-itinerari-italiani","17":"pa_versionculture-global","18":"pa_versionname-36","19":"post","21":"first","22":"instock","23":"shipping-taxable","24":"purchasable","25":"product-type-simple","26":"entry","27":"content-bg","28":"loop-entry"},"taxonomy_info":{"product_cat":[{"value":20,"label":"Partiture"}],"pa_authorname":[{"value":118,"label":"AA.VV."}],"pa_codeedition":[{"value":4322,"label":"EC4358"}],"pa_codeismn":[{"value":4323,"label":"9 790215 743588"}],"pa_contents":[{"value":4324,"label":"<div><strong>Sonata per organo <\/strong>di Fioroni Gian Andrea (Trascrizioni di Marco Rossi)<br\/>\r\n<strong>Sonata in \"C\" Terza Maggiore <\/strong>di Polaroli Oratio<br\/>\r\n<strong>Sonata col flauto <\/st"}],"pa_curator":[{"value":505,"label":"ROSSI Marco - VESSIA Gian Nicola"}],"pa_editor":[{"value":28,"label":"Carrara"}],"pa_genres":[{"value":183,"label":"Organo Raccolte Classici"}],"pa_pages":[{"value":119,"label":"32"}],"pa_publishyear":[{"value":1011,"label":"1998"}],"pa_series":[{"value":829,"label":"Itinerari Italiani"}],"pa_versionculture":[{"value":37,"label":"Global"}],"pa_versionname":[{"value":36,"label":"01"}]},"featured_image_src_large":["https:\/\/edizionicarrara.it\/wp-content\/uploads\/nc\/images\/180-250-fix\/18799.jpeg",172,250,false],"author_info":[],"comment_info":"","_links":{"self":[{"href":"https:\/\/edizionicarrara.it\/en\/wp-json\/wp\/v2\/product\/2216","targetHints":{"allow":["GET"]}}],"collection":[{"href":"https:\/\/edizionicarrara.it\/en\/wp-json\/wp\/v2\/product"}],"about":[{"href":"https:\/\/edizionicarrara.it\/en\/wp-json\/wp\/v2\/types\/product"}],"wp:featuredmedia":[{"embeddable":true,"href":"https:\/\/edizionicarrara.it\/en\/wp-json\/wp\/v2\/media\/2217"}],"wp:attachment":[{"href":"https:\/\/edizionicarrara.it\/en\/wp-json\/wp\/v2\/media?parent=2216"}],"wp:term":[{"taxonomy":"product_brand","embeddable":true,"href":"https:\/\/edizionicarrara.it\/en\/wp-json\/wp\/v2\/product_brand?post=2216"},{"taxonomy":"product_cat","embeddable":true,"href":"https:\/\/edizionicarrara.it\/en\/wp-json\/wp\/v2\/product_cat?post=2216"},{"taxonomy":"product_tag","embeddable":true,"href":"https:\/\/edizionicarrara.it\/en\/wp-json\/wp\/v2\/product_tag?post=2216"}],"curies":[{"name":"wp","href":"https:\/\/api.w.org\/{rel}","templated":true}]}}