{"id":2248,"date":"1970-01-01T00:00:00","date_gmt":"1970-01-01T00:00:00","guid":{"rendered":"http:\/\/edizionicarrara.it\/?product=messa-di-pasqua"},"modified":"2025-12-05T10:07:27","modified_gmt":"2025-12-05T10:07:27","slug":"messa-di-pasqua","status":"publish","type":"product","link":"https:\/\/edizionicarrara.it\/en\/score\/messa-di-pasqua\/","title":{"rendered":"MESSA DI PASQUA"},"content":{"rendered":"<div><strong>Titolo<\/strong>: Messa di Pasqua<\/div>\n<div>Per questa Messa, determinante \u00e8 l&#8217;utilizzo di materiale melodico gi\u00e0 conosciuto dall&#8217;assemblea cos\u00ec da facilitare la partecipazione della stessa al canto.<br \/>\nIl testo \u00e8 di Don Gilberto Sessantini.<br \/>\nOltre all&#8217;organo, che pure svolge un ruolo di peso, sono previsti\u00a0 altri strumenti, scelti in sintonia con il tipo di celebrazione. La loro variet\u00e0 contribuisce alla ricchezza non solo dei misteri liturgici, ma anche a quella sonorit\u00e0 di supporto alla veicolazione del messaggio liturgico.<\/div>\n<div><\/div>\n<div><strong>Autore<\/strong>: Terenzio Zardini<\/div>\n","protected":false},"excerpt":{"rendered":"<p>Per Assemblea e Coro a 4 voci ineguali ed organo con Trombe, Tromboni e Timpani ad libitum.<\/p>\n","protected":false},"featured_media":8924,"template":"","meta":{"_kad_blocks_custom_css":"","_kad_blocks_head_custom_js":"","_kad_blocks_body_custom_js":"","_kad_blocks_footer_custom_js":"","_kadence_starter_templates_imported_post":false,"_kad_post_transparent":"default","_kad_post_title":"","_kad_post_layout":"default","_kad_post_sidebar_id":"","_kad_post_content_style":"default","_kad_post_vertical_padding":"default","_kad_post_feature":"","_kad_post_feature_position":"","_kad_post_header":false,"_kad_post_footer":false,"_kad_post_classname":""},"product_brand":[],"product_cat":[20],"product_tag":[],"class_list":{"0":"post-2248","1":"product","2":"type-product","3":"status-publish","4":"has-post-thumbnail","6":"product_cat-score","7":"pa_authorname-zardini-terenzio-1923-2000","8":"pa_codeedition-ec4271","9":"pa_codeismn-9-790215-742710","10":"pa_contents-preludio-1preludio-2cristo-risuscitisignore-nostra-pacegloria-a-dioquesto-e-il-giornovictimae-paschalialleluia-cristo-nostra-pasquao-pasqua-divinasanto-1s","11":"pa_editor-carrara","12":"pa_genres-trombavocale-a-4-v-org","13":"pa_pages-419","14":"pa_publishyear-1123","15":"pa_subgenres-sacra-liturgica","16":"pa_versionculture-global","17":"pa_versionname-36","18":"post","20":"first","21":"instock","22":"shipping-taxable","23":"purchasable","24":"product-type-simple","25":"entry","26":"content-bg","27":"loop-entry"},"taxonomy_info":{"product_cat":[{"value":20,"label":"Partiture"}],"pa_authorname":[{"value":1138,"label":"ZARDINI Terenzio (1923-2000) "}],"pa_codeedition":[{"value":4405,"label":"EC4271"}],"pa_codeismn":[{"value":4406,"label":"9 790215 742710"}],"pa_contents":[{"value":4408,"label":"<div>\u00a0\r\n<div>\u00a0\r\n<div>\u00a0\r\n<div><strong>Preludio 1<br\/>\r\nPreludio 2<br\/>\r\nCristo Risusciti<br\/>\r\nSignore nostra pace<br\/>\r\nGloria a Dio<br\/>\r\nQuesto \u00e8 il giorno<br\/>\r\nVictimae Paschali<br\/>\r\nAlleluia - C"}],"pa_editor":[{"value":28,"label":"Carrara"}],"pa_genres":[{"value":4407,"label":"Tromba,Vocale a 4 v. - Org."}],"pa_pages":[{"value":419,"label":"44"}],"pa_publishyear":[{"value":1123,"label":"1997"}],"pa_subgenres":[{"value":72,"label":"Sacra Liturgica"}],"pa_versionculture":[{"value":37,"label":"Global"}],"pa_versionname":[{"value":36,"label":"01"}]},"featured_image_src_large":["https:\/\/edizionicarrara.it\/wp-content\/uploads\/1970\/01\/242-724x1024.jpeg",724,1024,true],"author_info":[],"comment_info":"","_links":{"self":[{"href":"https:\/\/edizionicarrara.it\/en\/wp-json\/wp\/v2\/product\/2248","targetHints":{"allow":["GET"]}}],"collection":[{"href":"https:\/\/edizionicarrara.it\/en\/wp-json\/wp\/v2\/product"}],"about":[{"href":"https:\/\/edizionicarrara.it\/en\/wp-json\/wp\/v2\/types\/product"}],"wp:featuredmedia":[{"embeddable":true,"href":"https:\/\/edizionicarrara.it\/en\/wp-json\/wp\/v2\/media\/8924"}],"wp:attachment":[{"href":"https:\/\/edizionicarrara.it\/en\/wp-json\/wp\/v2\/media?parent=2248"}],"wp:term":[{"taxonomy":"product_brand","embeddable":true,"href":"https:\/\/edizionicarrara.it\/en\/wp-json\/wp\/v2\/product_brand?post=2248"},{"taxonomy":"product_cat","embeddable":true,"href":"https:\/\/edizionicarrara.it\/en\/wp-json\/wp\/v2\/product_cat?post=2248"},{"taxonomy":"product_tag","embeddable":true,"href":"https:\/\/edizionicarrara.it\/en\/wp-json\/wp\/v2\/product_tag?post=2248"}],"curies":[{"name":"wp","href":"https:\/\/api.w.org\/{rel}","templated":true}]}}