{"id":2418,"date":"1970-01-01T00:00:00","date_gmt":"1970-01-01T00:00:00","guid":{"rendered":"http:\/\/edizionicarrara.it\/?product=graduale-semplice-vol-04"},"modified":"1970-01-01T00:00:00","modified_gmt":"1970-01-01T00:00:00","slug":"graduale-semplice-vol-04","status":"publish","type":"product","link":"https:\/\/edizionicarrara.it\/en\/score\/graduale-semplice-vol-04\/","title":{"rendered":"Graduale semplice &#8211; Vol. 04"},"content":{"rendered":"<div>Questo fascicolo \u00e8 dedicato alle celebrazioni della prima parte del tempo di Quaresima del rito romano, il Mercoled\u00ec delle Ceneri e la I domenica di Quaresima, la Domenica delle Tentazioni di Ges\u00f9.<\/div>\n","protected":false},"excerpt":{"rendered":"<p>Tempo di Quaresima<\/p>\n","protected":false},"featured_media":2419,"template":"","meta":{"_kad_blocks_custom_css":"","_kad_blocks_head_custom_js":"","_kad_blocks_body_custom_js":"","_kad_blocks_footer_custom_js":"","_kadence_starter_templates_imported_post":false,"_kad_post_transparent":"","_kad_post_title":"","_kad_post_layout":"","_kad_post_sidebar_id":"","_kad_post_content_style":"","_kad_post_vertical_padding":"","_kad_post_feature":"","_kad_post_feature_position":"","_kad_post_header":false,"_kad_post_footer":false,"_kad_post_classname":""},"product_brand":[],"product_cat":[20],"product_tag":[],"class_list":{"0":"post-2418","1":"product","2":"type-product","3":"status-publish","4":"has-post-thumbnail","6":"product_cat-score","7":"pa_authorname-aavv","8":"pa_codeedition-ec5074","9":"pa_codeismn-4720","10":"pa_contents-tempus-quadragesimae-iferia-iv-cinerumpsalmus-responsorius-ipsalmus-responsorius-iivel-tractusad-impositionem-cinerumoffertoriumcommuniodominica-i-quadragesimaepsalmus-responsorius-i","11":"pa_curator-gilberto-sessantini-gian-nicola-vessia","12":"pa_editor-carrara","13":"pa_genres-vocale-a-1-v-org","14":"pa_pages-77","15":"pa_publishyear-4031","16":"pa_series-graduale-semplice","17":"pa_subgenres-sacra-liturgica","18":"pa_versionculture-global","19":"pa_versionname-36","20":"post","22":"first","23":"instock","24":"shipping-taxable","25":"purchasable","26":"product-type-simple","27":"entry","28":"content-bg","29":"loop-entry"},"taxonomy_info":{"product_cat":[{"value":20,"label":"Partiture"}],"pa_authorname":[{"value":118,"label":"AA.VV."}],"pa_codeedition":[{"value":4719,"label":"EC5074"}],"pa_codeismn":[{"value":4720,"label":"9790215750746"}],"pa_contents":[{"value":4721,"label":"<div><strong>TEMPUS QUADRAGESIMAE I<br\/>\r\nFeria IV Cinerum<br\/>\r\nPsalmus responsorius I<br\/>\r\nPsalmus Responsorius II<br\/>\r\nVel Tractus<br\/>\r\nAd impositionem Cinerum<br\/>\r\nOffertorium<br\/>\r\nCommunio<b"}],"pa_curator":[{"value":4718,"label":"Gilberto Sessantini - Gian Nicola Vessia"}],"pa_editor":[{"value":28,"label":"Carrara"}],"pa_genres":[{"value":1251,"label":"Vocale a 1 v. - Org."}],"pa_pages":[{"value":77,"label":"28"}],"pa_publishyear":[{"value":4031,"label":"2009"}],"pa_series":[{"value":2864,"label":"Graduale semplice"}],"pa_subgenres":[{"value":72,"label":"Sacra Liturgica"}],"pa_versionculture":[{"value":37,"label":"Global"}],"pa_versionname":[{"value":36,"label":"01"}]},"featured_image_src_large":["https:\/\/edizionicarrara.it\/wp-content\/uploads\/nc\/images\/180-250-fix\/20846.jpeg",177,250,false],"author_info":[],"comment_info":"","_links":{"self":[{"href":"https:\/\/edizionicarrara.it\/en\/wp-json\/wp\/v2\/product\/2418","targetHints":{"allow":["GET"]}}],"collection":[{"href":"https:\/\/edizionicarrara.it\/en\/wp-json\/wp\/v2\/product"}],"about":[{"href":"https:\/\/edizionicarrara.it\/en\/wp-json\/wp\/v2\/types\/product"}],"wp:featuredmedia":[{"embeddable":true,"href":"https:\/\/edizionicarrara.it\/en\/wp-json\/wp\/v2\/media\/2419"}],"wp:attachment":[{"href":"https:\/\/edizionicarrara.it\/en\/wp-json\/wp\/v2\/media?parent=2418"}],"wp:term":[{"taxonomy":"product_brand","embeddable":true,"href":"https:\/\/edizionicarrara.it\/en\/wp-json\/wp\/v2\/product_brand?post=2418"},{"taxonomy":"product_cat","embeddable":true,"href":"https:\/\/edizionicarrara.it\/en\/wp-json\/wp\/v2\/product_cat?post=2418"},{"taxonomy":"product_tag","embeddable":true,"href":"https:\/\/edizionicarrara.it\/en\/wp-json\/wp\/v2\/product_tag?post=2418"}],"curies":[{"name":"wp","href":"https:\/\/api.w.org\/{rel}","templated":true}]}}