{"id":2442,"date":"1970-01-01T00:00:00","date_gmt":"1970-01-01T00:00:00","guid":{"rendered":"http:\/\/edizionicarrara.it\/?product=la-voce"},"modified":"2026-01-14T10:03:19","modified_gmt":"2026-01-14T10:03:19","slug":"la-voce","status":"publish","type":"product","link":"https:\/\/edizionicarrara.it\/en\/didactics\/la-voce\/","title":{"rendered":"La Voce"},"content":{"rendered":"<p>Lo scopo dell\u2019educazione vocale e dello studio tecnico \u00e8 quello di applicare princip\u00ee funzionali capaci di condurre i muscoli vocali a una condizione di equilibrio; di ottenere i desiderati mutamenti all\u2019interno del processo coordinativo; di sviluppare un elevato stato di tonicit\u00e0 muscolare e, attraverso movimenti naturali e ritmici, di eliminare le tensioni negative. Esercitare la voce vuol dire indurre un tipo di processo coordinativo vocale, mutarlo se necessario, rafforzarlo quando \u00e8 corretto, incanalare la sua crescita e guidarlo verso il suo pieno compimento.<br \/>\nGli oltre mille eserciz\u00ee di questo libro, dai pi\u00fa elementari fino ai pi\u00fa complessi, sono finalizzati a migliorare e a perfezionare la sonorit\u00e0 della voce, la flessibilit\u00e0 e l\u2019elasticit\u00e0 dei muscoli a essa preposti che, com\u2019\u00e8 risaputo, consentono l\u2019indipendenza funzionale di quelli dell\u2019apparato fonatorio, dell\u2019apparato risonatore e, in particolare, l\u2019indipendenza funzionale delle corde vocali.<br \/>\nQuesto sterminato eserciziario \u00e8 finalizzato al raggiungimento di tre scopi definiti:<br \/>\n\u2022 stabilire o ristabilire i princip\u00ee funzionali fondamentali;<br \/>\n\u2022 correggere gli errori di tecnica;<br \/>\n\u2022 esercitare la voce.<br \/>\nOgni esercizio \u00e8 destinato a conseguire un progresso, un miglioramento, a favorire la salute vocale, a rendere pi\u00fa agile e flessibile l\u2019apparato fonatorio, ad aumentare l\u2019autoconsapevolezza del cantante, a creare un bel suono:<br \/>\nIl possesso di una buona tecnica elargisce la possibilit\u00e0 di far emergere e di far esaltare la propria intelligenza interpretativa, i propr\u00ee sentimenti, la propria espressione, la propria personalit\u00e0 d\u2019artista.<br \/>\nLa voce non \u00e8 un merito di chi la possiede. Il merito reale, universalmente riconosciuto, consiste nel raggiungimento di un\u2019educazione integra della propria voce con lo studio e con la passione, per essere pronti ad affrontare con misura e con arte le difficolt\u00e0 dell\u2019esecuzione e dell\u2019interpretazione delle opere musicali.<br \/>\nIl fine principale di questo libro \u00e8, dunque, quello di offrire suggerimenti e valide idee per il proprio studio, per i propr\u00ee discepoli e per i propr\u00ee cantori nel rispetto di quell\u2019antica massima latina che cos\u00ed efficacemente ammonisce: \u00abnulla dies sine cantu!\u00bb.<\/p>\n","protected":false},"excerpt":{"rendered":"<p>Mille esercizi e vocalizzi per educarla, esercitarla, perfezionarla<\/p>\n","protected":false},"featured_media":9109,"template":"","meta":{"_kad_blocks_custom_css":"","_kad_blocks_head_custom_js":"","_kad_blocks_body_custom_js":"","_kad_blocks_footer_custom_js":"","_kadence_starter_templates_imported_post":false,"_kad_post_transparent":"default","_kad_post_title":"","_kad_post_layout":"default","_kad_post_sidebar_id":"","_kad_post_content_style":"default","_kad_post_vertical_padding":"default","_kad_post_feature":"","_kad_post_feature_position":"","_kad_post_header":false,"_kad_post_footer":false,"_kad_post_classname":""},"product_brand":[],"product_cat":[21],"product_tag":[],"class_list":{"0":"post-2442","1":"product","2":"type-product","3":"status-publish","4":"has-post-thumbnail","6":"product_cat-didactics","7":"pa_authorname-sanchez-carbone-maria-luisa","8":"pa_codeedition-ec5054","9":"pa_codeismn-4762","10":"pa_contents-presa-di-coscienza-dellatteggiamento-corporeorespirazione-silente-o-extra-vocalecontrollo-e-dosaggio-del-fiatocontrollo-del-respiro-attraverso-la-fonazioneesercizi-per-i-gruppi-muscolariese","11":"pa_editor-carrara","12":"pa_genres-vocale","13":"pa_pages-4760","14":"pa_publishyear-4669","15":"pa_subgenres-profana","16":"pa_versionculture-global","17":"pa_versionname-36","18":"post","20":"first","21":"instock","22":"shipping-taxable","23":"purchasable","24":"product-type-simple","25":"entry","26":"content-bg","27":"loop-entry"},"taxonomy_info":{"product_cat":[{"value":21,"label":"Didattica"}],"pa_authorname":[{"value":4759,"label":"SANCHEZ CARBONE Maria Luisa"}],"pa_codeedition":[{"value":4761,"label":"EC5054"}],"pa_codeismn":[{"value":4762,"label":"9790215750548"}],"pa_contents":[{"value":4763,"label":"<strong>Presa di coscienza dell'atteggiamento corporeo<br \/>\r\nRespirazione silente o extra vocale<br \/>\r\nControllo e dosaggio del fiato<br \/>\r\nControllo del respiro attraverso la fonazione<br \/>\r\nEser"}],"pa_editor":[{"value":28,"label":"Carrara"}],"pa_genres":[{"value":2499,"label":"Vocale"}],"pa_pages":[{"value":4760,"label":"292"}],"pa_publishyear":[{"value":4669,"label":"2010"}],"pa_subgenres":[{"value":330,"label":"Profana"}],"pa_versionculture":[{"value":37,"label":"Global"}],"pa_versionname":[{"value":36,"label":"01"}]},"featured_image_src_large":["https:\/\/edizionicarrara.it\/wp-content\/uploads\/1970\/01\/CAA5054-COPERTINA-714x1024.jpg",714,1024,true],"author_info":[],"comment_info":"","_links":{"self":[{"href":"https:\/\/edizionicarrara.it\/en\/wp-json\/wp\/v2\/product\/2442","targetHints":{"allow":["GET"]}}],"collection":[{"href":"https:\/\/edizionicarrara.it\/en\/wp-json\/wp\/v2\/product"}],"about":[{"href":"https:\/\/edizionicarrara.it\/en\/wp-json\/wp\/v2\/types\/product"}],"wp:featuredmedia":[{"embeddable":true,"href":"https:\/\/edizionicarrara.it\/en\/wp-json\/wp\/v2\/media\/9109"}],"wp:attachment":[{"href":"https:\/\/edizionicarrara.it\/en\/wp-json\/wp\/v2\/media?parent=2442"}],"wp:term":[{"taxonomy":"product_brand","embeddable":true,"href":"https:\/\/edizionicarrara.it\/en\/wp-json\/wp\/v2\/product_brand?post=2442"},{"taxonomy":"product_cat","embeddable":true,"href":"https:\/\/edizionicarrara.it\/en\/wp-json\/wp\/v2\/product_cat?post=2442"},{"taxonomy":"product_tag","embeddable":true,"href":"https:\/\/edizionicarrara.it\/en\/wp-json\/wp\/v2\/product_tag?post=2442"}],"curies":[{"name":"wp","href":"https:\/\/api.w.org\/{rel}","templated":true}]}}