{"id":255,"date":"1970-01-01T00:00:00","date_gmt":"1970-01-01T00:00:00","guid":{"rendered":"http:\/\/edizionicarrara.it\/?product=missa-choralis-i-e-ii-toni"},"modified":"1970-01-01T00:00:00","modified_gmt":"1970-01-01T00:00:00","slug":"missa-choralis-i-e-ii-toni","status":"publish","type":"product","link":"https:\/\/edizionicarrara.it\/en\/score\/missa-choralis-i-e-ii-toni\/","title":{"rendered":"Missa Choralis (I e II Toni)"},"content":{"rendered":"<p>Scritta con un modello compositivo ancora oggi moderno e attuale, il maestro patavino tratta con leggerezza ed espressivit\u00e0 l&#8217;omofonia corale sfruttando al meglio il senso di spiritualit\u00e0 che proviene dalla modalit\u00e0 gregoriana.<\/p>\n","protected":false},"excerpt":{"rendered":"<p>alternata al gregoriano della Missa &#8220;Orbis factor&#8221;, Deus noster, Improperium.<\/p>\n","protected":false},"featured_media":256,"template":"","meta":{"_kad_blocks_custom_css":"","_kad_blocks_head_custom_js":"","_kad_blocks_body_custom_js":"","_kad_blocks_footer_custom_js":"","_kadence_starter_templates_imported_post":false,"_kad_post_transparent":"","_kad_post_title":"","_kad_post_layout":"","_kad_post_sidebar_id":"","_kad_post_content_style":"","_kad_post_vertical_padding":"","_kad_post_feature":"","_kad_post_feature_position":"","_kad_post_header":false,"_kad_post_footer":false,"_kad_post_classname":""},"product_brand":[],"product_cat":[20],"product_tag":[],"class_list":{"0":"post-255","1":"product","2":"type-product","3":"status-publish","4":"has-post-thumbnail","6":"product_cat-score","7":"pa_authorname-ravanello-oreste-1871-1938","8":"pa_codeedition-ec4651","9":"pa_codeismn-m-2157-4651-0","10":"pa_contents-br","11":"pa_curator-migliavacca-lrossi-mvessia-gn","12":"pa_editor-carrara","13":"pa_genres-vocale-a-4-v","14":"pa_pages-119","15":"pa_publishyear-365","16":"pa_series-polyphonia","17":"pa_subgenres-sacra-liturgica","18":"pa_versionculture-global","19":"pa_versionname-36","20":"post","22":"first","23":"instock","24":"shipping-taxable","25":"purchasable","26":"product-type-simple","27":"entry","28":"content-bg","29":"loop-entry"},"taxonomy_info":{"product_cat":[{"value":20,"label":"Partiture"}],"pa_authorname":[{"value":130,"label":"RAVANELLO Oreste (1871-1938)"}],"pa_codeedition":[{"value":590,"label":"EC4651"}],"pa_codeismn":[{"value":591,"label":"M-2157-4651-0"}],"pa_contents":[{"value":127,"label":"<br \/>"}],"pa_curator":[{"value":113,"label":"Migliavacca L.\/Rossi M.\/Vessia G.N."}],"pa_editor":[{"value":28,"label":"Carrara"}],"pa_genres":[{"value":87,"label":"Vocale a 4 v."}],"pa_pages":[{"value":119,"label":"32"}],"pa_publishyear":[{"value":365,"label":"2003"}],"pa_series":[{"value":114,"label":"Polyphonia"}],"pa_subgenres":[{"value":72,"label":"Sacra Liturgica"}],"pa_versionculture":[{"value":37,"label":"Global"}],"pa_versionname":[{"value":36,"label":"01"}]},"featured_image_src_large":["https:\/\/edizionicarrara.it\/wp-content\/uploads\/nc\/images\/180-250-fix\/4869.jpeg",171,250,false],"author_info":[],"comment_info":"","_links":{"self":[{"href":"https:\/\/edizionicarrara.it\/en\/wp-json\/wp\/v2\/product\/255","targetHints":{"allow":["GET"]}}],"collection":[{"href":"https:\/\/edizionicarrara.it\/en\/wp-json\/wp\/v2\/product"}],"about":[{"href":"https:\/\/edizionicarrara.it\/en\/wp-json\/wp\/v2\/types\/product"}],"wp:featuredmedia":[{"embeddable":true,"href":"https:\/\/edizionicarrara.it\/en\/wp-json\/wp\/v2\/media\/256"}],"wp:attachment":[{"href":"https:\/\/edizionicarrara.it\/en\/wp-json\/wp\/v2\/media?parent=255"}],"wp:term":[{"taxonomy":"product_brand","embeddable":true,"href":"https:\/\/edizionicarrara.it\/en\/wp-json\/wp\/v2\/product_brand?post=255"},{"taxonomy":"product_cat","embeddable":true,"href":"https:\/\/edizionicarrara.it\/en\/wp-json\/wp\/v2\/product_cat?post=255"},{"taxonomy":"product_tag","embeddable":true,"href":"https:\/\/edizionicarrara.it\/en\/wp-json\/wp\/v2\/product_tag?post=255"}],"curies":[{"name":"wp","href":"https:\/\/api.w.org\/{rel}","templated":true}]}}