{"id":2651,"date":"1970-01-01T00:00:00","date_gmt":"1970-01-01T00:00:00","guid":{"rendered":"http:\/\/edizionicarrara.it\/?product=sonata-per-lorgano"},"modified":"1970-01-01T00:00:00","modified_gmt":"1970-01-01T00:00:00","slug":"sonata-per-lorgano","status":"publish","type":"product","link":"https:\/\/edizionicarrara.it\/en\/score\/sonata-per-lorgano\/","title":{"rendered":"Sonata per l&#8217;organo"},"content":{"rendered":"<p>La Sonata per organo in Sol minore di Giuseppe Bencini proviene da una voluminosa miscellanea manoscritta di Sonate per\u00a0 l&#8217;organo e cembale di vari autori conservata persso il Museo Internazionale e Biblioteca della Musica di Bologna.<br \/>\nQuesta sonata mostra un tastierismo esuberante e nello stesso tempo una condotta ordinata e strumentale delle linee, una modalit\u00e0 che richiama innanzitutto i modelli del toccatismo di Alessandro Scarlatti, in particolare nella qualit\u00e0 di una condotta motivica e ritmica &#8220;ostinata&#8221;, percorsa cio\u00e8 senza interruzione per tutta la durata dei rispettivi brani, secondo il gusto tipicamente barocco del cosiddetto &#8220;perpetuum mobile&#8221;.<\/p>\n","protected":false},"excerpt":{"rendered":"<p>Per Organo<\/p>\n","protected":false},"featured_media":2652,"template":"","meta":{"_kad_blocks_custom_css":"","_kad_blocks_head_custom_js":"","_kad_blocks_body_custom_js":"","_kad_blocks_footer_custom_js":"","_kadence_starter_templates_imported_post":false,"_kad_post_transparent":"","_kad_post_title":"","_kad_post_layout":"","_kad_post_sidebar_id":"","_kad_post_content_style":"","_kad_post_vertical_padding":"","_kad_post_feature":"","_kad_post_feature_position":"","_kad_post_header":false,"_kad_post_footer":false,"_kad_post_classname":""},"product_brand":[],"product_cat":[20],"product_tag":[],"class_list":{"0":"post-2651","1":"product","2":"type-product","3":"status-publish","4":"has-post-thumbnail","6":"product_cat-score","7":"pa_authorname-bencini-giuseppe","8":"pa_codeedition-ec5244","9":"pa_codeismn-5123","10":"pa_curator-francesco-tasini","11":"pa_editor-carrara","12":"pa_genres-organo-monografie-barocco","13":"pa_pages-49","14":"pa_publishyear-4946","15":"pa_series-organistica","16":"pa_subgenres-profana","17":"pa_versionculture-global","18":"pa_versionname-36","19":"post","21":"first","22":"instock","23":"shipping-taxable","24":"purchasable","25":"product-type-simple","26":"entry","27":"content-bg","28":"loop-entry"},"taxonomy_info":{"product_cat":[{"value":20,"label":"Partiture"}],"pa_authorname":[{"value":5120,"label":"BENCINI Giuseppe"}],"pa_codeedition":[{"value":5122,"label":"EC5244"}],"pa_codeismn":[{"value":5123,"label":"9790215752443"}],"pa_curator":[{"value":5121,"label":"Francesco Tasini"}],"pa_editor":[{"value":28,"label":"Carrara"}],"pa_genres":[{"value":313,"label":"Organo Monografie Barocco"}],"pa_pages":[{"value":49,"label":"12"}],"pa_publishyear":[{"value":4946,"label":"2011"}],"pa_series":[{"value":107,"label":"Organistica"}],"pa_subgenres":[{"value":330,"label":"Profana"}],"pa_versionculture":[{"value":37,"label":"Global"}],"pa_versionname":[{"value":36,"label":"01"}]},"featured_image_src_large":["https:\/\/edizionicarrara.it\/wp-content\/uploads\/nc\/images\/180-250-fix\/fe0e88b3-7a79-4f80-86f7-bdc068ce5b31.jpeg",180,132,false],"author_info":[],"comment_info":"","_links":{"self":[{"href":"https:\/\/edizionicarrara.it\/en\/wp-json\/wp\/v2\/product\/2651","targetHints":{"allow":["GET"]}}],"collection":[{"href":"https:\/\/edizionicarrara.it\/en\/wp-json\/wp\/v2\/product"}],"about":[{"href":"https:\/\/edizionicarrara.it\/en\/wp-json\/wp\/v2\/types\/product"}],"wp:featuredmedia":[{"embeddable":true,"href":"https:\/\/edizionicarrara.it\/en\/wp-json\/wp\/v2\/media\/2652"}],"wp:attachment":[{"href":"https:\/\/edizionicarrara.it\/en\/wp-json\/wp\/v2\/media?parent=2651"}],"wp:term":[{"taxonomy":"product_brand","embeddable":true,"href":"https:\/\/edizionicarrara.it\/en\/wp-json\/wp\/v2\/product_brand?post=2651"},{"taxonomy":"product_cat","embeddable":true,"href":"https:\/\/edizionicarrara.it\/en\/wp-json\/wp\/v2\/product_cat?post=2651"},{"taxonomy":"product_tag","embeddable":true,"href":"https:\/\/edizionicarrara.it\/en\/wp-json\/wp\/v2\/product_tag?post=2651"}],"curies":[{"name":"wp","href":"https:\/\/api.w.org\/{rel}","templated":true}]}}