{"id":2655,"date":"1970-01-01T00:00:00","date_gmt":"1970-01-01T00:00:00","guid":{"rendered":"http:\/\/edizionicarrara.it\/?product=messa-lux-et-origo"},"modified":"1970-01-01T00:00:00","modified_gmt":"1970-01-01T00:00:00","slug":"messa-lux-et-origo","status":"publish","type":"product","link":"https:\/\/edizionicarrara.it\/en\/score\/messa-lux-et-origo\/","title":{"rendered":"Messa &#8220;Lux et Origo&#8221;"},"content":{"rendered":"<p>&#8230;<em>Fra i vari, dibattuti problemi che riguardano attualmente la musica \u201cliturgica\u201d, due in particolare mi pare esigano dai musicisti di chiesa una premurosa attenzione e una sollecita, adeguata risposta:<br \/>\n1) Salvare il patrimonio inestimabile del \u201cCanto gregoriano\u201d<br \/>\n2) Far cantare in collaborazione \u201cSchola\u201d e \u201cAssemblea\u201d sia alternandosi, sia unendosi.<br \/>\nQuesta mia nuova Messa vuole essere un modesto contributo alla soluzione di tali esigenze. Essa utilizza le melodie della Messa gregoriana \u201cLux et Origo\u201d (Tempore Paschali) perch\u00e9 mi \u00e8 stata commissionata per la solenne Messa Papale che sar\u00e0 celebrata l\u20198 maggio<br \/>\n p.v. a Mestre (Venezia) (III domenica di Pasqua per l\u2019appunto) e che sar\u00e0 presieduta da Papa Benedetto XVI cui il presente lavoro \u00e8 dedicato<\/em>&#8230;<\/p>\n","protected":false},"excerpt":{"rendered":"<p>Per coro a 4 voci ineguali (S.C.T.B) alternata alle melodie gregoriane<\/p>\n","protected":false},"featured_media":2656,"template":"","meta":{"_kad_blocks_custom_css":"","_kad_blocks_head_custom_js":"","_kad_blocks_body_custom_js":"","_kad_blocks_footer_custom_js":"","_kadence_starter_templates_imported_post":false,"_kad_post_transparent":"","_kad_post_title":"","_kad_post_layout":"","_kad_post_sidebar_id":"","_kad_post_content_style":"","_kad_post_vertical_padding":"","_kad_post_feature":"","_kad_post_feature_position":"","_kad_post_header":false,"_kad_post_footer":false,"_kad_post_classname":""},"product_brand":[],"product_cat":[20],"product_tag":[],"class_list":{"0":"post-2655","1":"product","2":"type-product","3":"status-publish","4":"has-post-thumbnail","6":"product_cat-score","7":"pa_authorname-bianchi-italo","8":"pa_codeedition-ec5209","9":"pa_codeismn-5128","10":"pa_editor-carrara","11":"pa_genres-vocale-a-4-v","12":"pa_pages-46","13":"pa_publishyear-4946","14":"pa_subgenres-sacra-liturgica","15":"pa_versionculture-global","16":"pa_versionname-36","17":"post","19":"first","20":"instock","21":"shipping-taxable","22":"purchasable","23":"product-type-simple","24":"entry","25":"content-bg","26":"loop-entry"},"taxonomy_info":{"product_cat":[{"value":20,"label":"Partiture"}],"pa_authorname":[{"value":3484,"label":"BIANCHI Italo"}],"pa_codeedition":[{"value":5127,"label":"EC5209"}],"pa_codeismn":[{"value":5128,"label":"979021575209"}],"pa_editor":[{"value":28,"label":"Carrara"}],"pa_genres":[{"value":87,"label":"Vocale a 4 v."}],"pa_pages":[{"value":46,"label":"16"}],"pa_publishyear":[{"value":4946,"label":"2011"}],"pa_subgenres":[{"value":72,"label":"Sacra Liturgica"}],"pa_versionculture":[{"value":37,"label":"Global"}],"pa_versionname":[{"value":36,"label":"01"}]},"featured_image_src_large":["https:\/\/edizionicarrara.it\/wp-content\/uploads\/nc\/images\/180-250-fix\/83bd75a4-507d-48c8-8592-88e692c7c830.jpeg",180,248,false],"author_info":[],"comment_info":"","_links":{"self":[{"href":"https:\/\/edizionicarrara.it\/en\/wp-json\/wp\/v2\/product\/2655","targetHints":{"allow":["GET"]}}],"collection":[{"href":"https:\/\/edizionicarrara.it\/en\/wp-json\/wp\/v2\/product"}],"about":[{"href":"https:\/\/edizionicarrara.it\/en\/wp-json\/wp\/v2\/types\/product"}],"wp:featuredmedia":[{"embeddable":true,"href":"https:\/\/edizionicarrara.it\/en\/wp-json\/wp\/v2\/media\/2656"}],"wp:attachment":[{"href":"https:\/\/edizionicarrara.it\/en\/wp-json\/wp\/v2\/media?parent=2655"}],"wp:term":[{"taxonomy":"product_brand","embeddable":true,"href":"https:\/\/edizionicarrara.it\/en\/wp-json\/wp\/v2\/product_brand?post=2655"},{"taxonomy":"product_cat","embeddable":true,"href":"https:\/\/edizionicarrara.it\/en\/wp-json\/wp\/v2\/product_cat?post=2655"},{"taxonomy":"product_tag","embeddable":true,"href":"https:\/\/edizionicarrara.it\/en\/wp-json\/wp\/v2\/product_tag?post=2655"}],"curies":[{"name":"wp","href":"https:\/\/api.w.org\/{rel}","templated":true}]}}