{"id":2673,"date":"1970-01-01T00:00:00","date_gmt":"1970-01-01T00:00:00","guid":{"rendered":"http:\/\/edizionicarrara.it\/?product=lorgano"},"modified":"2023-04-28T12:49:54","modified_gmt":"2023-04-28T12:49:54","slug":"lorgano-1","status":"publish","type":"product","link":"https:\/\/edizionicarrara.it\/en\/book\/lorgano-1\/","title":{"rendered":"L&#8217;Organo"},"content":{"rendered":"<div>&#8230;&#8230;..non abbiamo dinanzi n\u00e8 il trattato di organaria, n\u00e8 il manuale di tecnica costruttiva,n\u00e8 la minuziosa ricostruzione storico-filologica di un&#8217;epoca della factura d&#8217;orgue in un dato paese e neppure il testo di esegesi musicale, o d&#8217;interpretazione di uno specifico stile o autore. Niente affatto. Si \u00e8 al contrario, in presenza di un racconto il cui protagonista \u00e8 uno strumento musicale.<br \/>\nNel corso di questo &#8220;recit&#8221; l&#8217;autore rivive e trasmette con singolare capacit\u00e0 poetica i tratti essenziali d&#8217;un lungo itinerario di musicista, interprete, progettista e teorico. Riguardo a cosa? All&#8217;organo ovviamente, che ha &#8220;soggiogato&#8221; Guillou ancora fanciullo\u00a0 e che per gradi Guillou \u00e8 riuscito a &#8220;soggiogare&#8221; a sua volta, dapprima sotto il profilo tecnico -esecutivo e po attraverso una comprensione via via pi\u00f9 analitica e meditata &#8211; in senso davvero &#8220;omni-sostanziale&#8221;. \u00a0<\/div>\n","protected":false},"excerpt":{"rendered":"<p>Memoria e Futuro<\/p>\n","protected":false},"featured_media":2674,"template":"","meta":{"_kad_blocks_custom_css":"","_kad_blocks_head_custom_js":"","_kad_blocks_body_custom_js":"","_kad_blocks_footer_custom_js":"","_kadence_starter_templates_imported_post":false,"_kad_post_transparent":"","_kad_post_title":"","_kad_post_layout":"","_kad_post_sidebar_id":"","_kad_post_content_style":"","_kad_post_vertical_padding":"","_kad_post_feature":"","_kad_post_feature_position":"","_kad_post_header":false,"_kad_post_footer":false,"_kad_post_classname":""},"product_brand":[],"product_cat":[23],"product_tag":[7304],"class_list":{"0":"post-2673","1":"product","2":"type-product","3":"status-publish","4":"has-post-thumbnail","6":"product_cat-book","7":"product_tag-home","8":"pa_authorname-guillou-jean","9":"pa_codeedition-ec5190","10":"pa_codeismn-5154","11":"pa_curator-michele-fantini-jesurum","12":"pa_editor-carrara","13":"pa_genres-organotrattati","14":"pa_pages-5152","15":"pa_publishyear-4946","16":"pa_versionculture-global","17":"pa_versionname-36","18":"post","20":"first","21":"instock","22":"shipping-taxable","23":"purchasable","24":"product-type-simple","25":"entry","26":"content-bg","27":"loop-entry"},"taxonomy_info":{"product_cat":[{"value":23,"label":"Libri"}],"product_tag":[{"value":7304,"label":"home"}],"pa_authorname":[{"value":2435,"label":"GUILLOU Jean"}],"pa_codeedition":[{"value":5153,"label":"EC5190"}],"pa_codeismn":[{"value":5154,"label":"9790215751903"}],"pa_curator":[{"value":5151,"label":"Michele Fantini Jesurum"}],"pa_editor":[{"value":28,"label":"Carrara"}],"pa_genres":[{"value":2456,"label":"Organo,Trattati"}],"pa_pages":[{"value":5152,"label":"408"}],"pa_publishyear":[{"value":4946,"label":"2011"}],"pa_versionculture":[{"value":37,"label":"Global"}],"pa_versionname":[{"value":36,"label":"01"}]},"featured_image_src_large":["https:\/\/edizionicarrara.it\/wp-content\/uploads\/nc\/images\/180-250-fix\/0f1422fa-66cf-461b-8908-94de216f5462.jpeg",168,250,false],"author_info":[],"comment_info":"","_links":{"self":[{"href":"https:\/\/edizionicarrara.it\/en\/wp-json\/wp\/v2\/product\/2673","targetHints":{"allow":["GET"]}}],"collection":[{"href":"https:\/\/edizionicarrara.it\/en\/wp-json\/wp\/v2\/product"}],"about":[{"href":"https:\/\/edizionicarrara.it\/en\/wp-json\/wp\/v2\/types\/product"}],"wp:featuredmedia":[{"embeddable":true,"href":"https:\/\/edizionicarrara.it\/en\/wp-json\/wp\/v2\/media\/2674"}],"wp:attachment":[{"href":"https:\/\/edizionicarrara.it\/en\/wp-json\/wp\/v2\/media?parent=2673"}],"wp:term":[{"taxonomy":"product_brand","embeddable":true,"href":"https:\/\/edizionicarrara.it\/en\/wp-json\/wp\/v2\/product_brand?post=2673"},{"taxonomy":"product_cat","embeddable":true,"href":"https:\/\/edizionicarrara.it\/en\/wp-json\/wp\/v2\/product_cat?post=2673"},{"taxonomy":"product_tag","embeddable":true,"href":"https:\/\/edizionicarrara.it\/en\/wp-json\/wp\/v2\/product_tag?post=2673"}],"curies":[{"name":"wp","href":"https:\/\/api.w.org\/{rel}","templated":true}]}}