{"id":2758,"date":"1970-01-01T00:00:00","date_gmt":"1970-01-01T00:00:00","guid":{"rendered":"http:\/\/edizionicarrara.it\/?product=1-voix-celeste"},"modified":"2024-01-18T16:15:20","modified_gmt":"2024-01-18T16:15:20","slug":"1-voix-celeste","status":"publish","type":"product","link":"https:\/\/edizionicarrara.it\/en\/score\/1-voix-celeste\/","title":{"rendered":"1 &#8211; Voix C\u00e8leste"},"content":{"rendered":"<p>Il primo volume della Collana &#8220;Tesori di Musica Sacra&#8221; \u00e8 dedicato alla produzione francese tra Otto e Novecento. Caratterizzata da una cantabilit\u00e0 suadente e da una raffinata ricerca armonica, la musica sacra di questo periodo risponde per lo pi\u00f9 al desiderio<br \/>\ndi esternare sentimenti religiosi intimi e sinceri, pi\u00f9 una musica di devozione che di celebrazione.<\/p>\n","protected":false},"excerpt":{"rendered":"<p>In Francia tra XIX e XX secolo<\/p>\n","protected":false},"featured_media":2759,"template":"","meta":{"_kad_blocks_custom_css":"","_kad_blocks_head_custom_js":"","_kad_blocks_body_custom_js":"","_kad_blocks_footer_custom_js":"","_kadence_starter_templates_imported_post":false,"_kad_post_transparent":"default","_kad_post_title":"","_kad_post_layout":"default","_kad_post_sidebar_id":"","_kad_post_content_style":"default","_kad_post_vertical_padding":"default","_kad_post_feature":"","_kad_post_feature_position":"","_kad_post_header":false,"_kad_post_footer":false,"_kad_post_classname":""},"product_brand":[],"product_cat":[20],"product_tag":[],"class_list":{"0":"post-2758","1":"product","2":"type-product","3":"status-publish","4":"has-post-thumbnail","6":"product_cat-score","7":"pa_authorname-aavv","8":"pa_authorname-sessantini-gilberto","9":"pa_codeedition-ec5211","10":"pa_codeismn-5282","11":"pa_contents-sancta-maria-a-4-voci-e-organo-di-cherubini-luigi-1760-1842-pdf-es1o-salutaris-hostia-a-4-voci-e-organo-di-auber-daniel-francois-esprit-1782-1871pater-noster-a-4-voci-e-organo-di-gounod-char","12":"pa_curator-gilberto-sessantini","13":"pa_editor-carrara","14":"pa_genres-vocale-a-1-v-orgvocale-a-2-v-orgvocale-a-3-v-orgvocale-a-4-v-org","15":"pa_pages-397","16":"pa_series-tesori-di-musica-sacra","17":"pa_subgenres-sacra-liturgica","18":"pa_versionculture-global","19":"pa_versionname-36","20":"post","22":"first","23":"instock","24":"shipping-taxable","25":"purchasable","26":"product-type-simple","27":"entry","28":"content-bg","29":"loop-entry"},"taxonomy_info":{"product_cat":[{"value":20,"label":"Partiture"}],"pa_authorname":[{"value":118,"label":"AA.VV."},{"value":2647,"label":"SESSANTINI Gilberto"}],"pa_codeedition":[{"value":5281,"label":"EC5211"}],"pa_codeismn":[{"value":5282,"label":"9790215752115"}],"pa_contents":[{"value":5283,"label":"<strong>Sancta Maria<\/strong>, a 4 voci e organo di Cherubini Luigi\u00a0 (1760-1842) (<strong>pdf Es.1<\/strong>)<br>\r\n<strong>O salutaris hostia<\/strong>, a 4 voci e organo di Auber Daniel Fran\u00e7ois Esprit"}],"pa_curator":[{"value":4952,"label":"Gilberto Sessantini"}],"pa_editor":[{"value":28,"label":"Carrara"}],"pa_genres":[{"value":618,"label":"Vocale a 1 v. - Org.,Vocale a 2 v. - Org.,Vocale a 3 v. - Org.,Vocale a 4 v. - Org."}],"pa_pages":[{"value":397,"label":"60"}],"pa_series":[{"value":5280,"label":"Tesori di Musica Sacra"}],"pa_subgenres":[{"value":72,"label":"Sacra Liturgica"}],"pa_versionculture":[{"value":37,"label":"Global"}],"pa_versionname":[{"value":36,"label":"01"}]},"featured_image_src_large":["https:\/\/edizionicarrara.it\/wp-content\/uploads\/nc\/images\/180-250-fix\/69da9d91-d817-4eb6-bcd4-00c59b112bcb.jpeg",170,250,false],"author_info":[],"comment_info":"","_links":{"self":[{"href":"https:\/\/edizionicarrara.it\/en\/wp-json\/wp\/v2\/product\/2758","targetHints":{"allow":["GET"]}}],"collection":[{"href":"https:\/\/edizionicarrara.it\/en\/wp-json\/wp\/v2\/product"}],"about":[{"href":"https:\/\/edizionicarrara.it\/en\/wp-json\/wp\/v2\/types\/product"}],"wp:featuredmedia":[{"embeddable":true,"href":"https:\/\/edizionicarrara.it\/en\/wp-json\/wp\/v2\/media\/2759"}],"wp:attachment":[{"href":"https:\/\/edizionicarrara.it\/en\/wp-json\/wp\/v2\/media?parent=2758"}],"wp:term":[{"taxonomy":"product_brand","embeddable":true,"href":"https:\/\/edizionicarrara.it\/en\/wp-json\/wp\/v2\/product_brand?post=2758"},{"taxonomy":"product_cat","embeddable":true,"href":"https:\/\/edizionicarrara.it\/en\/wp-json\/wp\/v2\/product_cat?post=2758"},{"taxonomy":"product_tag","embeddable":true,"href":"https:\/\/edizionicarrara.it\/en\/wp-json\/wp\/v2\/product_tag?post=2758"}],"curies":[{"name":"wp","href":"https:\/\/api.w.org\/{rel}","templated":true}]}}