{"id":2819,"date":"1970-01-01T00:00:00","date_gmt":"1970-01-01T00:00:00","guid":{"rendered":"http:\/\/edizionicarrara.it\/?product=trittico-ottocentesco"},"modified":"1970-01-01T00:00:00","modified_gmt":"1970-01-01T00:00:00","slug":"trittico-ottocentesco","status":"publish","type":"product","link":"https:\/\/edizionicarrara.it\/en\/score\/trittico-ottocentesco\/","title":{"rendered":"Trittico ottocentesco"},"content":{"rendered":"<p>Ognuno dei tre brani ricalca, sia pure con qualche piccola libert\u00e0 personale, lo stile di tre tra i maggiori compositori-organisti italiani del XIX secolo: cos\u00ec la Sonatina \u00e8 un dichiarato omaggio alla pittoresca estroversione dello stile di Padre Davide da Bergamo, l\u2019Elevazione richiama direttamente allo stile di Vincenzo Petrali e a un linguaggio armonico pi\u00f9 evoluto che costituisce un preludio all\u2019opera di Marco Enrico Bossi, mentra la Sinfonia \u00e8 per cos\u00ec dire pervasa dallo spirito di Giovanni Morandi, che nelle sue composizioni spesso ricalca lo schema dell\u2019ouverture rossiniana.<\/p>\n","protected":false},"excerpt":{"rendered":"<p>Per organo<\/p>\n","protected":false},"featured_media":2820,"template":"","meta":{"_kad_blocks_custom_css":"","_kad_blocks_head_custom_js":"","_kad_blocks_body_custom_js":"","_kad_blocks_footer_custom_js":"","_kadence_starter_templates_imported_post":false,"_kad_post_transparent":"","_kad_post_title":"","_kad_post_layout":"","_kad_post_sidebar_id":"","_kad_post_content_style":"","_kad_post_vertical_padding":"","_kad_post_feature":"","_kad_post_feature_position":"","_kad_post_header":false,"_kad_post_footer":false,"_kad_post_classname":""},"product_brand":[],"product_cat":[20],"product_tag":[],"class_list":{"0":"post-2819","1":"product","2":"type-product","3":"status-publish","4":"has-post-thumbnail","6":"product_cat-score","7":"pa_authorname-ferrario-pietro","8":"pa_codeedition-ec5272","9":"pa_codeismn-5383","10":"pa_contents-sonatinaelevazionesinfonia","11":"pa_editor-carrara","12":"pa_genres-organo-raccolte-contemporanei","13":"pa_pages-77","14":"pa_publishyear-3837","15":"pa_series-organistica","16":"pa_subgenres-profana","17":"pa_versionculture-global","18":"pa_versionname-36","19":"post","21":"first","22":"instock","23":"shipping-taxable","24":"purchasable","25":"product-type-simple","26":"entry","27":"content-bg","28":"loop-entry"},"taxonomy_info":{"product_cat":[{"value":20,"label":"Partiture"}],"pa_authorname":[{"value":5381,"label":"FERRARIO Pietro"}],"pa_codeedition":[{"value":5382,"label":"EC5272"}],"pa_codeismn":[{"value":5383,"label":"9790215752726"}],"pa_contents":[{"value":5384,"label":"<strong>Sonatina<br \/>\r\nElevazione<br \/>\r\nSinfonia<\/strong><br \/>\r\n<br \/>\r\n"}],"pa_editor":[{"value":28,"label":"Carrara"}],"pa_genres":[{"value":2264,"label":"Organo Raccolte Contemporanei"}],"pa_pages":[{"value":77,"label":"28"}],"pa_publishyear":[{"value":3837,"label":"2012"}],"pa_series":[{"value":107,"label":"Organistica"}],"pa_subgenres":[{"value":330,"label":"Profana"}],"pa_versionculture":[{"value":37,"label":"Global"}],"pa_versionname":[{"value":36,"label":"01"}]},"featured_image_src_large":["https:\/\/edizionicarrara.it\/wp-content\/uploads\/nc\/images\/180-250-fix\/c27fd5ce-5704-4d0d-b242-c494e9e5caa5.jpeg",180,130,false],"author_info":[],"comment_info":"","_links":{"self":[{"href":"https:\/\/edizionicarrara.it\/en\/wp-json\/wp\/v2\/product\/2819","targetHints":{"allow":["GET"]}}],"collection":[{"href":"https:\/\/edizionicarrara.it\/en\/wp-json\/wp\/v2\/product"}],"about":[{"href":"https:\/\/edizionicarrara.it\/en\/wp-json\/wp\/v2\/types\/product"}],"wp:featuredmedia":[{"embeddable":true,"href":"https:\/\/edizionicarrara.it\/en\/wp-json\/wp\/v2\/media\/2820"}],"wp:attachment":[{"href":"https:\/\/edizionicarrara.it\/en\/wp-json\/wp\/v2\/media?parent=2819"}],"wp:term":[{"taxonomy":"product_brand","embeddable":true,"href":"https:\/\/edizionicarrara.it\/en\/wp-json\/wp\/v2\/product_brand?post=2819"},{"taxonomy":"product_cat","embeddable":true,"href":"https:\/\/edizionicarrara.it\/en\/wp-json\/wp\/v2\/product_cat?post=2819"},{"taxonomy":"product_tag","embeddable":true,"href":"https:\/\/edizionicarrara.it\/en\/wp-json\/wp\/v2\/product_tag?post=2819"}],"curies":[{"name":"wp","href":"https:\/\/api.w.org\/{rel}","templated":true}]}}