{"id":2871,"date":"1970-01-01T00:00:00","date_gmt":"1970-01-01T00:00:00","guid":{"rendered":"http:\/\/edizionicarrara.it\/?product=saper-ascoltare"},"modified":"1970-01-01T00:00:00","modified_gmt":"1970-01-01T00:00:00","slug":"saper-ascoltare","status":"publish","type":"product","link":"https:\/\/edizionicarrara.it\/en\/didactics\/saper-ascoltare\/","title":{"rendered":"Saper ascoltare"},"content":{"rendered":"<div>&#8220;Per quasi un secolo la classe di Teoria e solfeggio si \u00e8 persa nell\u2019arido e talvolta poco musicale addestramento alla lettura, concentrando, quasi esclusivamente, le proprie energie in una sorta di ginnastica verbale, mortificando la gioia di una conquista del sapere costruita attingendo alle vere fonti e trascurando, di conseguenza, l\u2019aspetto formativo che<br \/>\nnoi riteniamo alla base di ogni serio apprendimento.<br \/>\nCon questo manuale si intende, in parte, colmare questa lacuna ponendo l\u2019allievo non di fronte ad esercizi artificiosi e lontani dall\u2019effettiva prassi musicale ma a contatto con la musica vera, con la stessa che incontrer\u00e0 nella sua futura attivit\u00e0 artistica e professionale. Si \u00e8 tenuto conto di una gradualit\u00e0 espositiva suggerendo, nel contempo, anche la pi\u00f9 ampia libert\u00e0 di scelta: non riteniamo, quindi, necessario rispettare l\u2019ordine esposto nei vari capitoli, anche se ci \u00e8 sembrato abbastanza opportuno iniziare con le caratteristiche del suono e con gli intervalli pi\u00f9 naturali che esso contiene.&#8221;<\/p>\n<p>Testo proposto a docenti ed alunni delle classi di <em>Teoria, ritmica e percezione musicale<\/em> e dei corsi <em>Pre-accademici<\/em> dei Conservatori di Musica e per l&#8217;arricchimento della formazione di base del giovane musicista.<\/div>\n","protected":false},"excerpt":{"rendered":"<p>Manuale di ear training per la formazione di base del giovane musicista<\/p>\n","protected":false},"featured_media":2872,"template":"","meta":{"_kad_blocks_custom_css":"","_kad_blocks_head_custom_js":"","_kad_blocks_body_custom_js":"","_kad_blocks_footer_custom_js":"","_kadence_starter_templates_imported_post":false,"_kad_post_transparent":"","_kad_post_title":"","_kad_post_layout":"","_kad_post_sidebar_id":"","_kad_post_content_style":"","_kad_post_vertical_padding":"","_kad_post_feature":"","_kad_post_feature_position":"","_kad_post_header":false,"_kad_post_footer":false,"_kad_post_classname":""},"product_brand":[],"product_cat":[21],"product_tag":[],"class_list":{"0":"post-2871","1":"product","2":"type-product","3":"status-publish","4":"has-post-thumbnail","6":"product_cat-didactics","7":"pa_authorname-montis-vittorio-marchionni-fabrizio","8":"pa_codeedition-ec5292","9":"pa_codeismn-5474","10":"pa_contents-capitolo-iil-suono-lascoltocapitolo-iigli-intervalli-melodici-e-armonici-consonantila-triade-perfetta-maggiorela-quinta-giustala-quarta-giustalottavale-consonanze-imp","11":"pa_editor-carrara","12":"pa_genres-opere-teoretiche-solf-cant","13":"pa_pages-389","14":"pa_publishyear-3837","15":"pa_subgenres-profana","16":"pa_versionculture-global","17":"pa_versionname-36","18":"post","20":"first","21":"instock","22":"shipping-taxable","23":"purchasable","24":"product-type-simple","25":"entry","26":"content-bg","27":"loop-entry"},"taxonomy_info":{"product_cat":[{"value":21,"label":"Didattica"}],"pa_authorname":[{"value":5472,"label":"MONTIS Vittorio - MARCHIONNI Fabrizio"}],"pa_codeedition":[{"value":5473,"label":"EC5292"}],"pa_codeismn":[{"value":5474,"label":"9790215752924"}],"pa_contents":[{"value":5475,"label":"<div><br\/>\r\n<strong>CAPITOLO I<br\/>\r\nIl \u00a0suono - L'ascolto<br\/>\r\nCAPITOLO II\u00a0<br\/>\r\nGli intervalli melodici e armonici consonanti<\/strong><br\/>\r\nLa triade perfetta maggiore<br\/>\r\nLa quinta giusta<br\/>"}],"pa_editor":[{"value":28,"label":"Carrara"}],"pa_genres":[{"value":3253,"label":"Opere Teoretiche - Solf. Cant."}],"pa_pages":[{"value":389,"label":"72"}],"pa_publishyear":[{"value":3837,"label":"2012"}],"pa_subgenres":[{"value":330,"label":"Profana"}],"pa_versionculture":[{"value":37,"label":"Global"}],"pa_versionname":[{"value":36,"label":"01"}]},"featured_image_src_large":["https:\/\/edizionicarrara.it\/wp-content\/uploads\/nc\/images\/180-250-fix\/3c164feb-753f-43cf-8ae5-a6761fda789c.jpeg",173,250,false],"author_info":[],"comment_info":"","_links":{"self":[{"href":"https:\/\/edizionicarrara.it\/en\/wp-json\/wp\/v2\/product\/2871","targetHints":{"allow":["GET"]}}],"collection":[{"href":"https:\/\/edizionicarrara.it\/en\/wp-json\/wp\/v2\/product"}],"about":[{"href":"https:\/\/edizionicarrara.it\/en\/wp-json\/wp\/v2\/types\/product"}],"wp:featuredmedia":[{"embeddable":true,"href":"https:\/\/edizionicarrara.it\/en\/wp-json\/wp\/v2\/media\/2872"}],"wp:attachment":[{"href":"https:\/\/edizionicarrara.it\/en\/wp-json\/wp\/v2\/media?parent=2871"}],"wp:term":[{"taxonomy":"product_brand","embeddable":true,"href":"https:\/\/edizionicarrara.it\/en\/wp-json\/wp\/v2\/product_brand?post=2871"},{"taxonomy":"product_cat","embeddable":true,"href":"https:\/\/edizionicarrara.it\/en\/wp-json\/wp\/v2\/product_cat?post=2871"},{"taxonomy":"product_tag","embeddable":true,"href":"https:\/\/edizionicarrara.it\/en\/wp-json\/wp\/v2\/product_tag?post=2871"}],"curies":[{"name":"wp","href":"https:\/\/api.w.org\/{rel}","templated":true}]}}