{"id":3235,"date":"1970-01-01T00:00:00","date_gmt":"1970-01-01T00:00:00","guid":{"rendered":"http:\/\/edizionicarrara.it\/?product=musica-cathedralis"},"modified":"1970-01-01T00:00:00","modified_gmt":"1970-01-01T00:00:00","slug":"musica-cathedralis","status":"publish","type":"product","link":"https:\/\/edizionicarrara.it\/en\/book\/musica-cathedralis\/","title":{"rendered":"Musica Cathedralis"},"content":{"rendered":"<div>&#8230;Questo lavoro vuole contribuire ad una riscoperta della vita musicale della Cattedrale, attraverso le vicende delle edificazioni degli organi e, per quanto possibile allo stato attuale delle ricerche, ricostruendo la cronologia degli organisti e dei maestri di cappella. Si tratta quindi di uno studio preliminare, quasi un mettere in fila e far convergere i dati fin qui emersi spulciando le filze degli Atti capitolari o altre fonti secondarie&#8230;<br \/>\n&#8230;In Duomo i fedeli, che spesso fanno il pieno, sono di provenienza molto eterogenea. Non mancano gli stranieri. Il rito per\u00f2 possiede la forza di \u201cfondere\u201d le diversit\u00e0 perch\u00e9 \u00e8 gi\u00e0 collaudato nel tempo&#8230;Le pagine che seguono hanno lo scopo di aiutarci a ricostruire il mosaico della storia degli organi, degli organisti e dei maestri di cappella del Duomo di Bergamo, ovvero il mosaico della storia della musica per la liturgia della nostra Cattedrale, raccogliendo le tessere sparse nei documenti, non solo cartacei, che lungo i secoli le hanno custodite, magari nascondendole ai nostri occhi distratti o svogliati. E\u2019 l\u2019inizio di un altro cammino, questa volta di ricerca storica e documentaria di cui il nostro Duomo, soprattutto dopo i recenti importanti ritrovamenti, ha assoluto bisogno per ritrovare le proprie radici.<br \/>\nSiamo partiti dalla musica perch\u00e9 \u00e8 l\u2019elemento forse pi\u00f9 appariscente nelle liturgie del Duomo. E\u2019 vero per\u00f2 che non \u00e8 l\u2019organo che celebra la messa e neppure il prete da solo, e neppure solo l\u2019assemblea con il prete. A condurci \u00e8 il buon Pastore. A farci rinascere ad ogni incontro \u00e8 sempre Lui. Noi ci arriviamo con tutta la buona volont\u00e0, con tutta la nostra storia, con tutto il meglio (anche musicale) che possiamo offrirgli. Ma se sentiamo che le voci diventano ali, che il suono diventa una carezza e che il respiro diventa un bacio, ci siamo: siamo a Casa sua.<\/div>\n","protected":false},"excerpt":{"rendered":"<p>Organi, Organisti, e Maestri di Cappella della Cattedrale di Bergamo<\/p>\n","protected":false},"featured_media":3236,"template":"","meta":{"_kad_blocks_custom_css":"","_kad_blocks_head_custom_js":"","_kad_blocks_body_custom_js":"","_kad_blocks_footer_custom_js":"","_kadence_starter_templates_imported_post":false,"_kad_post_transparent":"","_kad_post_title":"","_kad_post_layout":"","_kad_post_sidebar_id":"","_kad_post_content_style":"","_kad_post_vertical_padding":"","_kad_post_feature":"","_kad_post_feature_position":"","_kad_post_header":false,"_kad_post_footer":false,"_kad_post_classname":""},"product_brand":[],"product_cat":[23],"product_tag":[],"class_list":{"0":"post-3235","1":"product","2":"type-product","3":"status-publish","4":"has-post-thumbnail","6":"product_cat-book","7":"pa_authorname-sessantini-gilberto","8":"pa_codeedition-ec5343","9":"pa_codeismn-6070","10":"pa_contents-indiceprefazioneintroduzionecapitolo-primola-storia-della-cattedrale-di-bergamocapitolo-secondoi-primi-secolila-fondazione-della-schola-nel-ix-secololingresso-de","11":"pa_editor-carrara","12":"pa_genres-organosacra","13":"pa_pages-336","14":"pa_publishyear-5836","15":"pa_versionculture-global","16":"pa_versionname-36","17":"post","19":"first","20":"instock","21":"shipping-taxable","22":"purchasable","23":"product-type-simple","24":"entry","25":"content-bg","26":"loop-entry"},"taxonomy_info":{"product_cat":[{"value":23,"label":"Libri"}],"pa_authorname":[{"value":2647,"label":"SESSANTINI Gilberto"}],"pa_codeedition":[{"value":6069,"label":"EC5343"}],"pa_codeismn":[{"value":6070,"label":"9790215753433"}],"pa_contents":[{"value":6072,"label":"<div><strong>INDICE:<\/strong><br\/>\r\n<br\/>\r\n<strong>Prefazione<br\/>\r\nIntroduzione<\/strong><br\/>\r\n<strong>Capitolo Primo:<\/strong>\u00a0<br\/>\r\nLa storia della Cattedrale di Bergamo<br\/>\r\n<strong>Capitolo Sec"}],"pa_editor":[{"value":28,"label":"Carrara"}],"pa_genres":[{"value":6071,"label":"Organo,Sacra"}],"pa_pages":[{"value":336,"label":"188"}],"pa_publishyear":[{"value":5836,"label":"2013"}],"pa_versionculture":[{"value":37,"label":"Global"}],"pa_versionname":[{"value":36,"label":"01"}]},"featured_image_src_large":["https:\/\/edizionicarrara.it\/wp-content\/uploads\/nc\/images\/180-250-fix\/96494f83-41fa-472f-bbfd-f972944ca4e3.jpeg",175,250,false],"author_info":[],"comment_info":"","_links":{"self":[{"href":"https:\/\/edizionicarrara.it\/en\/wp-json\/wp\/v2\/product\/3235","targetHints":{"allow":["GET"]}}],"collection":[{"href":"https:\/\/edizionicarrara.it\/en\/wp-json\/wp\/v2\/product"}],"about":[{"href":"https:\/\/edizionicarrara.it\/en\/wp-json\/wp\/v2\/types\/product"}],"wp:featuredmedia":[{"embeddable":true,"href":"https:\/\/edizionicarrara.it\/en\/wp-json\/wp\/v2\/media\/3236"}],"wp:attachment":[{"href":"https:\/\/edizionicarrara.it\/en\/wp-json\/wp\/v2\/media?parent=3235"}],"wp:term":[{"taxonomy":"product_brand","embeddable":true,"href":"https:\/\/edizionicarrara.it\/en\/wp-json\/wp\/v2\/product_brand?post=3235"},{"taxonomy":"product_cat","embeddable":true,"href":"https:\/\/edizionicarrara.it\/en\/wp-json\/wp\/v2\/product_cat?post=3235"},{"taxonomy":"product_tag","embeddable":true,"href":"https:\/\/edizionicarrara.it\/en\/wp-json\/wp\/v2\/product_tag?post=3235"}],"curies":[{"name":"wp","href":"https:\/\/api.w.org\/{rel}","templated":true}]}}