{"id":3318,"date":"1970-01-01T00:00:00","date_gmt":"1970-01-01T00:00:00","guid":{"rendered":"http:\/\/edizionicarrara.it\/?product=tre-quadri-musicali-per-claudia"},"modified":"2024-04-24T14:06:39","modified_gmt":"2024-04-24T14:06:39","slug":"tre-quadri-musicali-per-claudia","status":"publish","type":"product","link":"https:\/\/edizionicarrara.it\/en\/score\/tre-quadri-musicali-per-claudia\/","title":{"rendered":"Tre Quadri Musicali per Claudia"},"content":{"rendered":"<p>I tre quadri, o momenti, in cui si divide il pezzo, corrispondono ad altrettante e contrastanti immagini, ognuna improntata ad un particolare clima espressivo.<br \/>\nIl primo quadro (Quasi una fantasia) \u00e8 di carattere prevalentemente inquieto, esplicitato sia nella scrittura iniziale e finale, veloce e nervosa, sia nelle parti pi\u00f9 calme, scritte in sequenze accordali da eseguirsi con molta elasticit\u00e0 di ritmo.<br \/>\nIl secondo quadro (\u201cUmbrae ibant tenues\u201d) \u00e8 un tenero e malinconico canto al pedale, che si snoda come melodia solistica dall\u2019inizio alla fine, interrotto solo per poche battute dall\u2019affiorare di pi\u00f9 sommesse voci.<br \/>\nAl terzo tempo si addice invece una velocit\u00e0 leggera e brillante, unita ad un ritmo costante. Tutto il brano va eseguito con sonorit\u00e0 sfavillanti e chiare, con poche zone di peso pi\u00f9 leggero.<\/p>\n","protected":false},"excerpt":{"rendered":"<p>per organo<\/p>\n","protected":false},"featured_media":3319,"template":"","meta":{"_kad_blocks_custom_css":"","_kad_blocks_head_custom_js":"","_kad_blocks_body_custom_js":"","_kad_blocks_footer_custom_js":"","_kadence_starter_templates_imported_post":false,"_kad_post_transparent":"","_kad_post_title":"","_kad_post_layout":"","_kad_post_sidebar_id":"","_kad_post_content_style":"","_kad_post_vertical_padding":"","_kad_post_feature":"","_kad_post_feature_position":"","_kad_post_header":false,"_kad_post_footer":false,"_kad_post_classname":""},"product_brand":[],"product_cat":[20],"product_tag":[],"class_list":{"0":"post-3318","1":"product","2":"type-product","3":"status-publish","4":"has-post-thumbnail","6":"product_cat-score","7":"pa_authorname-furgeri-biancamaria","8":"pa_codeedition-ec5316","9":"pa_codeismn-979-0-2157-5316-7","10":"pa_editor-carrara","11":"pa_genres-organo-monografie-contemporaneo","12":"pa_pages-54","13":"pa_publishyear-5836","14":"pa_series-organistica","15":"pa_subgenres-profana","16":"pa_versionculture-global","17":"pa_versionname-36","18":"post","20":"first","21":"instock","22":"shipping-taxable","23":"purchasable","24":"product-type-simple","25":"entry","26":"content-bg","27":"loop-entry"},"taxonomy_info":{"product_cat":[{"value":20,"label":"Partiture"}],"pa_authorname":[{"value":6109,"label":"FURGERI Biancamaria"}],"pa_codeedition":[{"value":6205,"label":"EC5316"}],"pa_codeismn":[{"value":6206,"label":"979-0-2157-5316-7"}],"pa_editor":[{"value":28,"label":"Carrara"}],"pa_genres":[{"value":126,"label":"Organo Monografie Contemporaneo"}],"pa_pages":[{"value":54,"label":"20"}],"pa_publishyear":[{"value":5836,"label":"2013"}],"pa_series":[{"value":107,"label":"Organistica"}],"pa_subgenres":[{"value":330,"label":"Profana"}],"pa_versionculture":[{"value":37,"label":"Global"}],"pa_versionname":[{"value":36,"label":"01"}]},"featured_image_src_large":["https:\/\/edizionicarrara.it\/wp-content\/uploads\/nc\/images\/180-250-fix\/ecd01313-18d7-4e9a-ac95-2e3a6b3acbc1.jpeg",180,130,false],"author_info":[],"comment_info":"","_links":{"self":[{"href":"https:\/\/edizionicarrara.it\/en\/wp-json\/wp\/v2\/product\/3318","targetHints":{"allow":["GET"]}}],"collection":[{"href":"https:\/\/edizionicarrara.it\/en\/wp-json\/wp\/v2\/product"}],"about":[{"href":"https:\/\/edizionicarrara.it\/en\/wp-json\/wp\/v2\/types\/product"}],"wp:featuredmedia":[{"embeddable":true,"href":"https:\/\/edizionicarrara.it\/en\/wp-json\/wp\/v2\/media\/3319"}],"wp:attachment":[{"href":"https:\/\/edizionicarrara.it\/en\/wp-json\/wp\/v2\/media?parent=3318"}],"wp:term":[{"taxonomy":"product_brand","embeddable":true,"href":"https:\/\/edizionicarrara.it\/en\/wp-json\/wp\/v2\/product_brand?post=3318"},{"taxonomy":"product_cat","embeddable":true,"href":"https:\/\/edizionicarrara.it\/en\/wp-json\/wp\/v2\/product_cat?post=3318"},{"taxonomy":"product_tag","embeddable":true,"href":"https:\/\/edizionicarrara.it\/en\/wp-json\/wp\/v2\/product_tag?post=3318"}],"curies":[{"name":"wp","href":"https:\/\/api.w.org\/{rel}","templated":true}]}}