{"id":3334,"date":"1970-01-01T00:00:00","date_gmt":"1970-01-01T00:00:00","guid":{"rendered":"http:\/\/edizionicarrara.it\/?product=polyphonia-vol-92"},"modified":"1970-01-01T00:00:00","modified_gmt":"1970-01-01T00:00:00","slug":"polyphonia-vol-92","status":"publish","type":"product","link":"https:\/\/edizionicarrara.it\/en\/score\/polyphonia-vol-92\/","title":{"rendered":"Polyphonia &#8211; Vol. 92"},"content":{"rendered":"<div>Per coloro che frequentano le pagine musicali di Riccardo Giavina, ogni volta si ricrea un clima di attesa del \u201cnuovo\u201d inteso come un sentire in modalit\u00e0 sempre emozionalmente diversa, il percorso musicale del maestro &#8230;Anche in questo caso, siamo sicuri, i \u201cSei mottetti brevi\u201d, sapranno cogliere nel segno poich\u00e9 sorretti da una semplicit\u00e0 che \u00e8 frutto di un pensiero mirato e costruito che balzer\u00e0 evidente alla lettura&#8230;<\/div>\n","protected":false},"excerpt":{"rendered":"<p>6 Mottetti brevi e Ave Regina Coelorum <\/p>\n","protected":false},"featured_media":3335,"template":"","meta":{"_kad_blocks_custom_css":"","_kad_blocks_head_custom_js":"","_kad_blocks_body_custom_js":"","_kad_blocks_footer_custom_js":"","_kadence_starter_templates_imported_post":false,"_kad_post_transparent":"","_kad_post_title":"","_kad_post_layout":"","_kad_post_sidebar_id":"","_kad_post_content_style":"","_kad_post_vertical_padding":"","_kad_post_feature":"","_kad_post_feature_position":"","_kad_post_header":false,"_kad_post_footer":false,"_kad_post_classname":""},"product_brand":[],"product_cat":[20],"product_tag":[],"class_list":{"0":"post-3334","1":"product","2":"type-product","3":"status-publish","4":"has-post-thumbnail","6":"product_cat-score","7":"pa_authorname-giavina-riccardo-1937","8":"pa_codeedition-ec5321","9":"pa_codeismn-979-0-2157-5321-1","10":"pa_contents-indicein-nativitate-domini-hodie-nobis-de-caeloin-honorem-bmariae-virginis-regina-coeliin-passionis-temporein-honorem-crucis-o-crux-ave-salve-crux-pretiosa-salve-crux-sanc","11":"pa_editor-carrara","12":"pa_genres-vocale-a-4-v","13":"pa_pages-119","14":"pa_publishyear-2094","15":"pa_series-polyphonia","16":"pa_subgenres-sacra-liturgica","17":"pa_versionculture-global","18":"pa_versionname-36","19":"post","21":"first","22":"instock","23":"shipping-taxable","24":"purchasable","25":"product-type-simple","26":"entry","27":"content-bg","28":"loop-entry"},"taxonomy_info":{"product_cat":[{"value":20,"label":"Partiture"}],"pa_authorname":[{"value":725,"label":"GIAVINA Riccardo (1937)"}],"pa_codeedition":[{"value":6228,"label":"EC5321"}],"pa_codeismn":[{"value":6229,"label":"979-0-2157-5321-1"}],"pa_contents":[{"value":6230,"label":"<div>INDICE<br\/>\r\n<br\/>\r\n<em>In Nativitate Domini<\/em><br\/>\r\n<strong>- Hodie nobis de caelo<\/strong><br\/>\r\n<br\/>\r\n<em>In honorem B.Mariae Virginis<\/em><br\/>\r\n<strong>- Regina coeli<\/strong><br\/>\r\n<br\/"}],"pa_editor":[{"value":28,"label":"Carrara"}],"pa_genres":[{"value":87,"label":"Vocale a 4 v."}],"pa_pages":[{"value":119,"label":"32"}],"pa_publishyear":[{"value":2094,"label":"2014"}],"pa_series":[{"value":114,"label":"Polyphonia"}],"pa_subgenres":[{"value":72,"label":"Sacra Liturgica"}],"pa_versionculture":[{"value":37,"label":"Global"}],"pa_versionname":[{"value":36,"label":"01"}]},"featured_image_src_large":["https:\/\/edizionicarrara.it\/wp-content\/uploads\/nc\/images\/180-250-fix\/4fc56e52-1bf0-46c6-93b6-8c4faf23159d.jpeg",172,250,false],"author_info":[],"comment_info":"","_links":{"self":[{"href":"https:\/\/edizionicarrara.it\/en\/wp-json\/wp\/v2\/product\/3334","targetHints":{"allow":["GET"]}}],"collection":[{"href":"https:\/\/edizionicarrara.it\/en\/wp-json\/wp\/v2\/product"}],"about":[{"href":"https:\/\/edizionicarrara.it\/en\/wp-json\/wp\/v2\/types\/product"}],"wp:featuredmedia":[{"embeddable":true,"href":"https:\/\/edizionicarrara.it\/en\/wp-json\/wp\/v2\/media\/3335"}],"wp:attachment":[{"href":"https:\/\/edizionicarrara.it\/en\/wp-json\/wp\/v2\/media?parent=3334"}],"wp:term":[{"taxonomy":"product_brand","embeddable":true,"href":"https:\/\/edizionicarrara.it\/en\/wp-json\/wp\/v2\/product_brand?post=3334"},{"taxonomy":"product_cat","embeddable":true,"href":"https:\/\/edizionicarrara.it\/en\/wp-json\/wp\/v2\/product_cat?post=3334"},{"taxonomy":"product_tag","embeddable":true,"href":"https:\/\/edizionicarrara.it\/en\/wp-json\/wp\/v2\/product_tag?post=3334"}],"curies":[{"name":"wp","href":"https:\/\/api.w.org\/{rel}","templated":true}]}}