{"id":336,"date":"1970-01-01T00:00:00","date_gmt":"1970-01-01T00:00:00","guid":{"rendered":"http:\/\/edizionicarrara.it\/?product=dal-natale-alla-pasqua"},"modified":"1970-01-01T00:00:00","modified_gmt":"1970-01-01T00:00:00","slug":"dal-natale-alla-pasqua","status":"publish","type":"product","link":"https:\/\/edizionicarrara.it\/en\/score\/dal-natale-alla-pasqua\/","title":{"rendered":"Dal Natale alla Pasqua"},"content":{"rendered":"<p>Un percorso che parte dal Natale e finisce al tempo pi\u00f9 importante della cristianit\u00e0. Un percorso ricco di melodicit\u00e0 e&#8230;preghiera.<\/p>\n","protected":false},"excerpt":{"rendered":"<p>Canti per coro a 1 e pi\u00f9 voci miste e organo<\/p>\n","protected":false},"featured_media":0,"template":"","meta":{"_kad_blocks_custom_css":"","_kad_blocks_head_custom_js":"","_kad_blocks_body_custom_js":"","_kad_blocks_footer_custom_js":"","_kadence_starter_templates_imported_post":false,"_kad_post_transparent":"","_kad_post_title":"","_kad_post_layout":"","_kad_post_sidebar_id":"","_kad_post_content_style":"","_kad_post_vertical_padding":"","_kad_post_feature":"","_kad_post_feature_position":"","_kad_post_header":false,"_kad_post_footer":false,"_kad_post_classname":""},"product_brand":[],"product_cat":[20],"product_tag":[],"class_list":{"0":"post-336","1":"product","2":"type-product","3":"status-publish","5":"product_cat-score","6":"pa_authorname-aavv","7":"pa_codeedition-ec4579","8":"pa_codeismn-m-2157-4579-7","9":"pa_contents-missa-de-angelis-di-straudi-emilio3-voci-miste-alternate-al-gregoriano-assemblea-e-organo-kyrie-gloria-in-excelsis-deo-sanctus-benedictus-agnus-deipiovete-dallalto-o-cieli-avvento","10":"pa_editor-carrara","11":"pa_genres-vocale-a-1-v-orgvocale-a-2-v-orgvocale-a-3-v-orgvocale-a-4-v-org","12":"pa_pages-96","13":"pa_publishyear-537","14":"pa_subgenres-sacra-liturgica","15":"pa_versionculture-global","16":"pa_versionname-36","17":"post","19":"first","20":"instock","21":"shipping-taxable","22":"purchasable","23":"product-type-simple","24":"entry","25":"content-bg","26":"loop-entry"},"taxonomy_info":{"product_cat":[{"value":20,"label":"Partiture"}],"pa_authorname":[{"value":118,"label":"AA.VV."}],"pa_codeedition":[{"value":741,"label":"EC4579"}],"pa_codeismn":[{"value":742,"label":"M-2157-4579-7"}],"pa_contents":[{"value":743,"label":"<strong>Missa De Angelis <\/strong>di Straudi Emilio<br \/>\r\n(3 voci miste alternate al gregoriano, assemblea e organo)<br \/>\r\n-  Kyrie<br \/>\r\n- Gloria in excelsis Deo<br \/>\r\n- Sanctus<br \/>\r\n- Benedict"}],"pa_editor":[{"value":28,"label":"Carrara"}],"pa_genres":[{"value":618,"label":"Vocale a 1 v. - Org.,Vocale a 2 v. - Org.,Vocale a 3 v. - Org.,Vocale a 4 v. - Org."}],"pa_pages":[{"value":96,"label":"48"}],"pa_publishyear":[{"value":537,"label":"2002"}],"pa_subgenres":[{"value":72,"label":"Sacra Liturgica"}],"pa_versionculture":[{"value":37,"label":"Global"}],"pa_versionname":[{"value":36,"label":"01"}]},"featured_image_src_large":false,"author_info":[],"comment_info":"","_links":{"self":[{"href":"https:\/\/edizionicarrara.it\/en\/wp-json\/wp\/v2\/product\/336","targetHints":{"allow":["GET"]}}],"collection":[{"href":"https:\/\/edizionicarrara.it\/en\/wp-json\/wp\/v2\/product"}],"about":[{"href":"https:\/\/edizionicarrara.it\/en\/wp-json\/wp\/v2\/types\/product"}],"wp:attachment":[{"href":"https:\/\/edizionicarrara.it\/en\/wp-json\/wp\/v2\/media?parent=336"}],"wp:term":[{"taxonomy":"product_brand","embeddable":true,"href":"https:\/\/edizionicarrara.it\/en\/wp-json\/wp\/v2\/product_brand?post=336"},{"taxonomy":"product_cat","embeddable":true,"href":"https:\/\/edizionicarrara.it\/en\/wp-json\/wp\/v2\/product_cat?post=336"},{"taxonomy":"product_tag","embeddable":true,"href":"https:\/\/edizionicarrara.it\/en\/wp-json\/wp\/v2\/product_tag?post=336"}],"curies":[{"name":"wp","href":"https:\/\/api.w.org\/{rel}","templated":true}]}}