{"id":3390,"date":"1970-01-01T00:00:00","date_gmt":"1970-01-01T00:00:00","guid":{"rendered":"http:\/\/edizionicarrara.it\/?product=metodo-pratico-per-chitarra-classica"},"modified":"1970-01-01T00:00:00","modified_gmt":"1970-01-01T00:00:00","slug":"metodo-pratico-per-chitarra-classica","status":"publish","type":"product","link":"https:\/\/edizionicarrara.it\/en\/didactics\/metodo-pratico-per-chitarra-classica\/","title":{"rendered":"Metodo pratico per Chitarra Classica"},"content":{"rendered":"<div>Questo volume \u00e8 un Metodo pratico dedicato ad allievi dei primi anni di studio. In esso troviamo una scelta scrupolosa e razionale di studi ed esercizi di autori dell&#8217;800 tra quelli tecnicamente pi\u00f9 interessanti ed efficaci e musicalmente pi\u00f9 gradevoli.<br \/>\nIl volume molto attento a inserire equamente difficolt\u00e0 per la mano sinistra e per la destra, \u00e8 molto accurato ed \u00e8 il frutto di una lunga e intensa esperienza di insegnamento.<\/div>\n","protected":false},"excerpt":{"rendered":"<p>per Chitarra Classica <\/p>\n","protected":false},"featured_media":3391,"template":"","meta":{"_kad_blocks_custom_css":"","_kad_blocks_head_custom_js":"","_kad_blocks_body_custom_js":"","_kad_blocks_footer_custom_js":"","_kadence_starter_templates_imported_post":false,"_kad_post_transparent":"","_kad_post_title":"","_kad_post_layout":"","_kad_post_sidebar_id":"","_kad_post_content_style":"","_kad_post_vertical_padding":"","_kad_post_feature":"","_kad_post_feature_position":"","_kad_post_header":false,"_kad_post_footer":false,"_kad_post_classname":""},"product_brand":[],"product_cat":[21],"product_tag":[],"class_list":{"0":"post-3390","1":"product","2":"type-product","3":"status-publish","4":"has-post-thumbnail","6":"product_cat-didactics","7":"pa_authorname-delvo-riccardo","8":"pa_codeedition-ec5384","9":"pa_codeismn-979-0-2157-5384-6","10":"pa_contents-presentazioneprefazionecap-i-corde-a-vuotocap-ii-accordatura-dello-strumentocap-iii-prospetto-delle-note-sulla-tastieracap-iv-estensione-della-chitarracap-v-posizione-della-chi","11":"pa_editor-carrara","12":"pa_genres-chitarra","13":"pa_pages-463","14":"pa_publishyear-2094","15":"pa_versionculture-global","16":"pa_versionname-36","17":"post","19":"first","20":"instock","21":"shipping-taxable","22":"purchasable","23":"product-type-simple","24":"entry","25":"content-bg","26":"loop-entry"},"taxonomy_info":{"product_cat":[{"value":21,"label":"Didattica"}],"pa_authorname":[{"value":6317,"label":"DELV\u00d2 Riccardo"}],"pa_codeedition":[{"value":6318,"label":"EC5384"}],"pa_codeismn":[{"value":6319,"label":"979-0-2157-5384-6"}],"pa_contents":[{"value":6320,"label":"<div><strong>Presentazione<br\/>\r\nPrefazione<br\/>\r\n<br\/>\r\nCap. I - Corde a vuoto<br\/>\r\nCap. II - Accordatura dello strumento<br\/>\r\nCap. III - Prospetto delle note sulla tastiera<br\/>\r\nCap. IV - Estensi"}],"pa_editor":[{"value":28,"label":"Carrara"}],"pa_genres":[{"value":43,"label":"Chitarra"}],"pa_pages":[{"value":463,"label":"92"}],"pa_publishyear":[{"value":2094,"label":"2014"}],"pa_versionculture":[{"value":37,"label":"Global"}],"pa_versionname":[{"value":36,"label":"01"}]},"featured_image_src_large":["https:\/\/edizionicarrara.it\/wp-content\/uploads\/nc\/images\/180-250-fix\/35fe9bf7-3c4b-4719-a5de-096b471caf0c.jpeg",171,250,false],"author_info":[],"comment_info":"","_links":{"self":[{"href":"https:\/\/edizionicarrara.it\/en\/wp-json\/wp\/v2\/product\/3390","targetHints":{"allow":["GET"]}}],"collection":[{"href":"https:\/\/edizionicarrara.it\/en\/wp-json\/wp\/v2\/product"}],"about":[{"href":"https:\/\/edizionicarrara.it\/en\/wp-json\/wp\/v2\/types\/product"}],"wp:featuredmedia":[{"embeddable":true,"href":"https:\/\/edizionicarrara.it\/en\/wp-json\/wp\/v2\/media\/3391"}],"wp:attachment":[{"href":"https:\/\/edizionicarrara.it\/en\/wp-json\/wp\/v2\/media?parent=3390"}],"wp:term":[{"taxonomy":"product_brand","embeddable":true,"href":"https:\/\/edizionicarrara.it\/en\/wp-json\/wp\/v2\/product_brand?post=3390"},{"taxonomy":"product_cat","embeddable":true,"href":"https:\/\/edizionicarrara.it\/en\/wp-json\/wp\/v2\/product_cat?post=3390"},{"taxonomy":"product_tag","embeddable":true,"href":"https:\/\/edizionicarrara.it\/en\/wp-json\/wp\/v2\/product_tag?post=3390"}],"curies":[{"name":"wp","href":"https:\/\/api.w.org\/{rel}","templated":true}]}}