{"id":3403,"date":"1970-01-01T00:00:00","date_gmt":"1970-01-01T00:00:00","guid":{"rendered":"http:\/\/edizionicarrara.it\/?product=melodies-religieuses"},"modified":"1970-01-01T00:00:00","modified_gmt":"1970-01-01T00:00:00","slug":"melodies-religieuses","status":"publish","type":"product","link":"https:\/\/edizionicarrara.it\/en\/score\/melodies-religieuses\/","title":{"rendered":"Melodies religieuses"},"content":{"rendered":"<div>NUOVA EDIZIONE<\/div>\n<div>Nato a Marsiglia, professore di musica nella sua citt\u00e0, il Canonico Edmond Chabot facendo suo il motto &#8220;fin che vivr\u00f2, canter\u00f2 le lodi del Signore&#8221;, nulla ha lasciato al caso per fare dei suoi allievi e dei suoi musicisti e seminaristi un esempio di splendore musicale.<\/div>\n<div>Premiato dall&#8217;Accademia di Marsiglia, nominato Canonico onorario della sua Cattedrale ottennne come naturale risultanza della sua arte il riconoscimento di Ufficiale della Pubblica Istruzione.<\/div>\n<div>Autore di dodici Messe a pi\u00f9 voci, ha composto anche una decina di Oratori quattro dei quali con orchestra.<\/div>\n<div>In questa raccolta, che arricchisce la sua produzione organistica gi\u00e0 presente con tre volumi di pezzi per Harmonium e otto di composizioni per Organo, vibra inesorabile tutta la sua fede di artista.<\/div>\n","protected":false},"excerpt":{"rendered":"<p>Soixante Pieces pour Orgue ou Harmonium<\/p>\n","protected":false},"featured_media":3404,"template":"","meta":{"_kad_blocks_custom_css":"","_kad_blocks_head_custom_js":"","_kad_blocks_body_custom_js":"","_kad_blocks_footer_custom_js":"","_kadence_starter_templates_imported_post":false,"_kad_post_transparent":"","_kad_post_title":"","_kad_post_layout":"","_kad_post_sidebar_id":"","_kad_post_content_style":"","_kad_post_vertical_padding":"","_kad_post_feature":"","_kad_post_feature_position":"","_kad_post_header":false,"_kad_post_footer":false,"_kad_post_classname":""},"product_brand":[],"product_cat":[20],"product_tag":[],"class_list":{"0":"post-3403","1":"product","2":"type-product","3":"status-publish","4":"has-post-thumbnail","6":"product_cat-score","7":"pa_authorname-chabot-edmond","8":"pa_codeedition-ec2298","9":"pa_codeismn-979-0-2157-2298-9","10":"pa_contents-indice4-entrees10-versets-pour-graduale12-offertoires12-elevations16-communions-6-sorties","11":"pa_editor-carrara","12":"pa_genres-organo-monografie-moderno","13":"pa_pages-1675","14":"pa_publishyear-2094","15":"pa_series-xx-century-organ","16":"pa_subgenres-sacra-liturgica","17":"pa_versionculture-global","18":"pa_versionname-36","19":"post","21":"first","22":"instock","23":"shipping-taxable","24":"purchasable","25":"product-type-simple","26":"entry","27":"content-bg","28":"loop-entry"},"taxonomy_info":{"product_cat":[{"value":20,"label":"Partiture"}],"pa_authorname":[{"value":6341,"label":"CHABOT Edmond"}],"pa_codeedition":[{"value":6342,"label":"EC2298"}],"pa_codeismn":[{"value":6343,"label":"979-0-2157-2298 - 9"}],"pa_contents":[{"value":6344,"label":"<div>INDICE<\/div>\r\n\r\n<div>\u00a0<\/div>\r\n\r\n<div><em>4 Entrees<\/em><\/div>\r\n\r\n<div><em>10 Versets pour Graduale<\/em><\/div>\r\n\r\n<div><em>12 Offertoires<\/em><\/div>\r\n\r\n<div><em>12 Elevations<\/em><\/div>\r\n\r\n<div><e"}],"pa_editor":[{"value":28,"label":"Carrara"}],"pa_genres":[{"value":141,"label":"Organo Monografie Moderno"}],"pa_pages":[{"value":1675,"label":"96"}],"pa_publishyear":[{"value":2094,"label":"2014"}],"pa_series":[{"value":138,"label":"XX Century Organ"}],"pa_subgenres":[{"value":72,"label":"Sacra Liturgica"}],"pa_versionculture":[{"value":37,"label":"Global"}],"pa_versionname":[{"value":36,"label":"01"}]},"featured_image_src_large":["https:\/\/edizionicarrara.it\/wp-content\/uploads\/nc\/images\/180-250-fix\/b6a511ef-8dd1-4e9e-bfdd-ab9d94e0c724.jpeg",173,250,false],"author_info":[],"comment_info":"","_links":{"self":[{"href":"https:\/\/edizionicarrara.it\/en\/wp-json\/wp\/v2\/product\/3403","targetHints":{"allow":["GET"]}}],"collection":[{"href":"https:\/\/edizionicarrara.it\/en\/wp-json\/wp\/v2\/product"}],"about":[{"href":"https:\/\/edizionicarrara.it\/en\/wp-json\/wp\/v2\/types\/product"}],"wp:featuredmedia":[{"embeddable":true,"href":"https:\/\/edizionicarrara.it\/en\/wp-json\/wp\/v2\/media\/3404"}],"wp:attachment":[{"href":"https:\/\/edizionicarrara.it\/en\/wp-json\/wp\/v2\/media?parent=3403"}],"wp:term":[{"taxonomy":"product_brand","embeddable":true,"href":"https:\/\/edizionicarrara.it\/en\/wp-json\/wp\/v2\/product_brand?post=3403"},{"taxonomy":"product_cat","embeddable":true,"href":"https:\/\/edizionicarrara.it\/en\/wp-json\/wp\/v2\/product_cat?post=3403"},{"taxonomy":"product_tag","embeddable":true,"href":"https:\/\/edizionicarrara.it\/en\/wp-json\/wp\/v2\/product_tag?post=3403"}],"curies":[{"name":"wp","href":"https:\/\/api.w.org\/{rel}","templated":true}]}}